{"id":627519,"date":"2025-08-27T17:20:27","date_gmt":"2025-08-27T15:20:27","guid":{"rendered":"https:\/\/lucacastelli.com\/prodotto\/helly-hansen-sirdal-insulator-jacket\/"},"modified":"2026-04-01T01:51:29","modified_gmt":"2026-03-31T23:51:29","slug":"helly-hansen-sirdal-insulator-jacket","status":"publish","type":"product","link":"https:\/\/lucacastelli.com\/de\/produkt\/helly-hansen-sirdal-insulator-jacket\/","title":{"rendered":"HELLY HANSEN SIRDAL INSULATOR JACKET"},"content":{"rendered":"<div class=\"productDetailsSection_productDescriptionSection__FDg0y\">\n<div class=\"productDescription_productDescription__sJIE6\" data-mt-type=\"product-description\">\n<div class=\"richtext_wrapper__Apw4P productDescription_productDescriptionContent__0A3VB\">\n<div class=\"productDetailsSection_productDescriptionSection__FDg0y\">\n<div class=\"productDescription_productDescription__sJIE6\" data-mt-type=\"product-description\">\n<div class=\"richtext_wrapper__Apw4P productDescription_productDescriptionContent__0A3VB\">Die Sirdal Insulated Jacket Herrenjacke ist leicht und bequem geschnitten f\u00fcr mehr Bewegungsfreiheit in der Natur bei wechselnden Bedingungen. Die Jacke bietet dank der isolierenden ECOLoft\u2122 Air SR Wattierung ein hervorragendes W\u00e4rme-Gewichts-Verh\u00e4ltnis. Im Gegensatz zu herk\u00f6mmlichen Daunenjacken isoliert diese synthetische Wattierung auch im nassen Zustand und verhindert Klumpenbildung. Das Ripstop-Au\u00dfenmaterial ist auf Langlebigkeit ausgelegt.  <\/div>\n<\/div>\n<\/div>\n<div class=\"productCollapseSection_productCollapseSection__6fb5x\">\n<div class=\"productCollapseSection_productCollapseSectionTitle__1Vh_4\">\n<h2 class=\"heading_default__uXoxn heading_style--h3__iT44T\">Details<\/h2>\n<\/div>\n<div class=\"productCollapseSection_productCollapseSectionContent__VJCb7\">\n<div class=\"productDetails_productDetails__g_C4N\">\n<p>Faserzusammensetzung:<\/p>\n<div class=\"richtext_wrapper__Apw4P blocks_root__vE_15\">Obermaterial: 100 % Polyamid. Futter: 100 % Polyamid. Wattierung: 60 % Polyester, 40 % Polyester (recycelt)  <\/div>\n<p>Pflegehinweise:<\/p>\n<div class=\"richtext_wrapper__Apw4P blocks_root__vE_15\">Rei\u00dfverschl\u00fcsse vor dem Waschen schlie\u00dfen. Keinen Weichsp\u00fcler verwenden. Leuchtende Farben k\u00f6nnen leicht ausbleichen. Im Trockner trocknen, bis vollst\u00e4ndig trocken. Mit Trocknerb\u00e4llen im Trockner trocknen. Dunkle Kleidungsst\u00fccke separat waschen.   <\/div>\n<div class=\"productDetails_productDetailsCols__K1qqI\"><\/div>\n<\/div>\n<\/div>\n<\/div>\n<div class=\"productCollapseSection_productCollapseSection__6fb5x productFeatures_root__BqPE9 productFeatures_twoColumnsList__vArq2\">\n<div class=\"productCollapseSection_productCollapseSectionTitle__1Vh_4\">\n<h2 class=\"heading_default__uXoxn heading_style--h3__iT44T\">Eigenschaften<\/h2>\n<\/div>\n<div class=\"productCollapseSection_productCollapseSectionContent__VJCb7\">\n<ul>\n<li>YKK\u00ae-Rei\u00dfverschluss<\/li>\n<li>PFC-freie DWR<\/li>\n<li>Zwei Eingrifftaschen vorne<\/li>\n<li>YKK\u00ae-Rei\u00dfverschluss<\/li>\n<li>Daunendichtes 30D Nylon-Ripstop-Gewebe<\/li>\n<li>2 erweiterbare Innentaschen<\/li>\n<li>Recycelte Ecoloft Air Sr Wattierung, 550Fp<\/li>\n<li>Gedrucktes HH\u00ae Logo<\/li>\n<li>Verstellbarer Kordelzug am Saum<\/li>\n<li>bluesign\u00ae-Produkt<\/li>\n<li>PFC-frei<\/li>\n<\/ul>\n<\/div>\n<\/div>\n<\/div>\n<\/div>\n<\/div>\n","protected":false},"excerpt":{"rendered":"<p>Die Sirdal Insulated Jacket Herrenjacke ist leicht und bequem geschnitten f\u00fcr mehr Bewegungsfreiheit in der Natur bei wechselnden Bedingungen. Die<\/p>\n","protected":false},"featured_media":626447,"template":"","meta":{"_seopress_robots_primary_cat":"none","_seopress_titles_title":"","_seopress_titles_desc":"","_seopress_robots_index":""},"product_brand":[3645],"product_cat":[974,975,82],"product_tag":[],"class_list":{"0":"post-627519","1":"product","2":"type-product","3":"status-publish","4":"has-post-thumbnail","6":"product_brand-helly-hansen-de","7":"product_cat-freizeitkleidung","8":"product_cat-herrenbekleidung","9":"product_cat-kleidung","10":"sws-gruppo-abb-libero-de","11":"sws-conto-ricavi-merci-rivendita-abbigliamento-de","12":"sws-gruppo-iva-iva81-de","14":"first","15":"instock","16":"shipping-taxable","17":"purchasable","18":"product-type-variable","19":"has-default-attributes"},"_links":{"self":[{"href":"https:\/\/lucacastelli.com\/de\/wp-json\/wp\/v2\/product\/627519","targetHints":{"allow":["GET"]}}],"collection":[{"href":"https:\/\/lucacastelli.com\/de\/wp-json\/wp\/v2\/product"}],"about":[{"href":"https:\/\/lucacastelli.com\/de\/wp-json\/wp\/v2\/types\/product"}],"wp:featuredmedia":[{"embeddable":true,"href":"https:\/\/lucacastelli.com\/de\/wp-json\/wp\/v2\/media\/626447"}],"wp:attachment":[{"href":"https:\/\/lucacastelli.com\/de\/wp-json\/wp\/v2\/media?parent=627519"}],"wp:term":[{"taxonomy":"product_brand","embeddable":true,"href":"https:\/\/lucacastelli.com\/de\/wp-json\/wp\/v2\/product_brand?post=627519"},{"taxonomy":"product_cat","embeddable":true,"href":"https:\/\/lucacastelli.com\/de\/wp-json\/wp\/v2\/product_cat?post=627519"},{"taxonomy":"product_tag","embeddable":true,"href":"https:\/\/lucacastelli.com\/de\/wp-json\/wp\/v2\/product_tag?post=627519"}],"curies":[{"name":"wp","href":"https:\/\/api.w.org\/{rel}","templated":true}]}}