{"id":627486,"date":"2025-08-28T09:34:59","date_gmt":"2025-08-28T07:34:59","guid":{"rendered":"https:\/\/lucacastelli.com\/prodotto\/helly-hansen-varde-fleece-jacket-2-0\/"},"modified":"2026-04-01T01:51:28","modified_gmt":"2026-03-31T23:51:28","slug":"helly-hansen-varde-fleece-jacket-2-0","status":"publish","type":"product","link":"https:\/\/lucacastelli.com\/de\/produkt\/helly-hansen-varde-fleece-jacket-2-0\/","title":{"rendered":"HELLY HANSEN VARDE FLEECE JACKET 2.0"},"content":{"rendered":"<div class=\"productDetailsSection_productDescriptionSection__FDg0y\">\n<div class=\"productDescription_productDescription__sJIE6\" data-mt-type=\"product-description\">\n<div class=\"richtext_wrapper__Apw4P productDescription_productDescriptionContent__0A3VB\">Die Varde wurde f\u00fcr unerschrockene Abenteurer entwickelt und ist eine Jacke aus Polartec\u00ae Thermal\u00ae Pro\u2122, die allein oder als vielseitige Zwischenschicht getragen werden kann. Dieses spezielle Fleece bietet W\u00e4rme, ohne zu volumin\u00f6s zu sein, ist strapazierf\u00e4hig und schnelltrocknend. Die Jacke wurde mit Blick auf die Umwelt entwickelt und besteht zu \u00fcber 70 % aus recyceltem Material.  <\/div>\n<\/div>\n<\/div>\n<div class=\"productCollapseSection_productCollapseSection__6fb5x\">\n<div class=\"productCollapseSection_productCollapseSectionTitle__1Vh_4\">\n<h2 class=\"heading_default__uXoxn heading_style--h3__iT44T\">Details<\/h2>\n<\/div>\n<div class=\"productCollapseSection_productCollapseSectionContent__VJCb7\">\n<div class=\"productDetails_productDetails__g_C4N\">\n<p>Faserzusammensetzung:<\/p>\n<div class=\"richtext_wrapper__Apw4P blocks_root__vE_15\">Obermaterial: 77% Polyester (recycelt), 23% Polyester. Innenfutter: 100% Polyester <\/div>\n<p>Pflegehinweise:<\/p>\n<div class=\"richtext_wrapper__Apw4P blocks_root__vE_15\">Rei\u00dfverschl\u00fcsse vor dem Waschen schlie\u00dfen. Mit \u00e4hnlichen Farben waschen. Keinen Weichsp\u00fcler verwenden.<\/div>\n<div class=\"productDetails_productDetailsCols__K1qqI\">\n<div class=\"productDetails_productDetailsRow__bHp5_\">\n<div class=\"blocks_mobileInlineWrapper__N_Soc\">Gewicht:540g<\/div>\n<\/div>\n<\/div>\n<\/div>\n<\/div>\n<\/div>\n<div class=\"productCollapseSection_productCollapseSection__6fb5x productFeatures_root__BqPE9 productFeatures_twoColumnsList__vArq2\">\n<div class=\"productCollapseSection_productCollapseSectionTitle__1Vh_4\">\n<h2 class=\"heading_default__uXoxn heading_style--h3__iT44T\">Eigenschaften<\/h2>\n<\/div>\n<div class=\"productCollapseSection_productCollapseSectionContent__VJCb7\">\n<ul>\n<li>Polartec\u00ae Thermal\u00ae Pro\u2122<\/li>\n<li>Gesticktes Helly Hansen (HH) Logo<\/li>\n<li>Eingrifftaschen<\/li>\n<li>Elastischer Saum<\/li>\n<li>Hoher Kragen f\u00fcr mehr Komfort<\/li>\n<li>bluesign\u00ae-Produkt<\/li>\n<li>Recycelter Inhalt<\/li>\n<\/ul>\n<\/div>\n<\/div>\n","protected":false},"excerpt":{"rendered":"<p>Die Varde wurde f\u00fcr unerschrockene Abenteurer entwickelt und ist eine Jacke aus Polartec\u00ae Thermal\u00ae Pro\u2122, die allein oder als vielseitige<\/p>\n","protected":false},"featured_media":626501,"template":"","meta":{"_seopress_robots_primary_cat":"none","_seopress_titles_title":"","_seopress_titles_desc":"","_seopress_robots_index":""},"product_brand":[3425],"product_cat":[21,189,190],"product_tag":[],"class_list":{"0":"post-627486","1":"product","2":"type-product","3":"status-publish","4":"has-post-thumbnail","6":"product_brand-helly-hansen","7":"product_cat-abbigliamento","8":"product_cat-abbigliamento-per-il-tempo-libero","9":"product_cat-abbigliamento-da-uomo","10":"sws-gruppo-abb-libero-de","11":"sws-conto-ricavi-merci-rivendita-abbigliamento-de","12":"sws-gruppo-iva-iva81-de","14":"first","15":"instock","16":"shipping-taxable","17":"purchasable","18":"product-type-variable","19":"has-default-attributes"},"_links":{"self":[{"href":"https:\/\/lucacastelli.com\/de\/wp-json\/wp\/v2\/product\/627486","targetHints":{"allow":["GET"]}}],"collection":[{"href":"https:\/\/lucacastelli.com\/de\/wp-json\/wp\/v2\/product"}],"about":[{"href":"https:\/\/lucacastelli.com\/de\/wp-json\/wp\/v2\/types\/product"}],"wp:featuredmedia":[{"embeddable":true,"href":"https:\/\/lucacastelli.com\/de\/wp-json\/wp\/v2\/media\/626501"}],"wp:attachment":[{"href":"https:\/\/lucacastelli.com\/de\/wp-json\/wp\/v2\/media?parent=627486"}],"wp:term":[{"taxonomy":"product_brand","embeddable":true,"href":"https:\/\/lucacastelli.com\/de\/wp-json\/wp\/v2\/product_brand?post=627486"},{"taxonomy":"product_cat","embeddable":true,"href":"https:\/\/lucacastelli.com\/de\/wp-json\/wp\/v2\/product_cat?post=627486"},{"taxonomy":"product_tag","embeddable":true,"href":"https:\/\/lucacastelli.com\/de\/wp-json\/wp\/v2\/product_tag?post=627486"}],"curies":[{"name":"wp","href":"https:\/\/api.w.org\/{rel}","templated":true}]}}