{"id":627403,"date":"2025-08-26T16:12:43","date_gmt":"2025-08-26T14:12:43","guid":{"rendered":"https:\/\/lucacastelli.com\/prodotto\/la-sportiva-aequilibrium-trek-gtx-2\/"},"modified":"2026-01-12T17:49:46","modified_gmt":"2026-01-12T16:49:46","slug":"la-sportiva-aequilibrium-trek-gtx-2","status":"publish","type":"product","link":"https:\/\/lucacastelli.com\/de\/produkt\/la-sportiva-aequilibrium-trek-gtx-2\/","title":{"rendered":"LA SPORTIVA Aequilibrium Trek GTX"},"content":{"rendered":"<p>Entwickelt, um Schutz und Halt mit extremer Gehf\u00e4higkeit und Bewegungsfreiheit zu kombinieren, selbst auf den technischsten Passagen. Das Know-how und die Technologien von La Sportiva aus der Welt des Mountaneering, um den perfekten Schuh f\u00fcr lange Trekking- und Rucksacktouren zu entwickeln: ein hervorragender Kompromiss zwischen Technik und Komfort. Sanftes Abrollen und nat\u00fcrlicher Fu\u00dfhalt werden durch die Sohle mit Double Heel\u2122-Konstruktion garantiert, w\u00e4hrend maximale Traktion bei Aufstiegen und Bremskontrolle bei Abfahrten durch das Impact Brake System\u2122 gew\u00e4hrleistet werden. Wiederaufl\u00f6sbares Profil, das die Lebensdauer des Produkts verl\u00e4ngert und die Qualit\u00e4t der Sohle garantiert. Das abriebfeste Obermaterial aus Leder passt sich der Ergonomie des Fu\u00dfes an und macht diesen Schuh perfekt f\u00fcr jedes Abenteuer.    <\/p>\n<p>&nbsp;<\/p>\n<ul>\n<li>Au\u00dfergew\u00f6hnliche Gehf\u00e4higkeit dank der innovativen Double Heel\u2122 Fersenstruktur<\/li>\n<li>3D Flex System Evo\u2122 Richtungsgelenk mit geformtem und gesch\u00fctztem Kn\u00f6chel: erm\u00f6glicht eine bessere Kontrolle des Standes und eine perfekte Beweglichkeit des Kn\u00f6chels<\/li>\n<li>Vibram\u00ae Sohle mit Impact Brake System\u2122 Stollen f\u00fcr verbesserte Kontrolle und Bremspr\u00e4zision<\/li>\n<li>Wasserabweisendes Obermaterial aus Leder mit GORE-TEX-Membran und abriebfesten Kanten f\u00fcr jedes Terrain und extreme Wetterbedingungen<\/li>\n<\/ul>\n<p>&nbsp;<\/p>\n","protected":false},"excerpt":{"rendered":"<p>Entwickelt, um Schutz und Halt mit extremer Gehf\u00e4higkeit und Bewegungsfreiheit zu kombinieren, selbst auf den technischsten Passagen. Das Know-how und<\/p>\n","protected":false},"featured_media":626204,"template":"","meta":{"_seopress_robots_primary_cat":"none","_seopress_titles_title":"","_seopress_titles_desc":"","_seopress_robots_index":""},"product_brand":[3419],"product_cat":[28,568,569],"product_tag":[],"class_list":{"0":"post-627403","1":"product","2":"type-product","3":"status-publish","4":"has-post-thumbnail","6":"product_brand-la-sportiva","7":"product_cat-calzature","8":"product_cat-calzature-per-il-tempo-libero","9":"product_cat-calzature-da-uomo","10":"sws-gruppo-abb-libero-de","11":"sws-conto-ricavi-merci-rivendita-abbigliamento-de","12":"sws-gruppo-iva-iva81-de","14":"first","15":"instock","16":"shipping-taxable","17":"purchasable","18":"product-type-variable","19":"has-default-attributes"},"_links":{"self":[{"href":"https:\/\/lucacastelli.com\/de\/wp-json\/wp\/v2\/product\/627403","targetHints":{"allow":["GET"]}}],"collection":[{"href":"https:\/\/lucacastelli.com\/de\/wp-json\/wp\/v2\/product"}],"about":[{"href":"https:\/\/lucacastelli.com\/de\/wp-json\/wp\/v2\/types\/product"}],"wp:featuredmedia":[{"embeddable":true,"href":"https:\/\/lucacastelli.com\/de\/wp-json\/wp\/v2\/media\/626204"}],"wp:attachment":[{"href":"https:\/\/lucacastelli.com\/de\/wp-json\/wp\/v2\/media?parent=627403"}],"wp:term":[{"taxonomy":"product_brand","embeddable":true,"href":"https:\/\/lucacastelli.com\/de\/wp-json\/wp\/v2\/product_brand?post=627403"},{"taxonomy":"product_cat","embeddable":true,"href":"https:\/\/lucacastelli.com\/de\/wp-json\/wp\/v2\/product_cat?post=627403"},{"taxonomy":"product_tag","embeddable":true,"href":"https:\/\/lucacastelli.com\/de\/wp-json\/wp\/v2\/product_tag?post=627403"}],"curies":[{"name":"wp","href":"https:\/\/api.w.org\/{rel}","templated":true}]}}