{"id":627363,"date":"2025-08-31T18:44:24","date_gmt":"2025-08-31T16:44:24","guid":{"rendered":"https:\/\/lucacastelli.com\/prodotto\/pfanner-polartec-jacke\/"},"modified":"2026-04-14T02:53:42","modified_gmt":"2026-04-14T00:53:42","slug":"pfanner-polartec-jacke","status":"publish","type":"product","link":"https:\/\/lucacastelli.com\/de\/produkt\/pfanner-polartec-jacke\/","title":{"rendered":"Pfanner Polartec Jacke"},"content":{"rendered":"<p>Vollst\u00e4ndiger Verzicht auf Membranen f\u00fcr maximale Atmungsaktivit\u00e4t. Dank der perfekten Passform und dem Stretch-Fleece ist die Polartec-Jacke ideal als Erg\u00e4nzung zur technischen Bekleidung bei niedrigen Temperaturen oder um den K\u00f6rper nach intensiven Aktivit\u00e4ten vor dem Ausk\u00fchlen zu sch\u00fctzen. Das robuste und pflegeleichte Fleece verf\u00fcgt zudem \u00fcber einen hohen Kragen und einen Kinnschutz.  <\/p>\n<ul>\n<li style=\"list-style-type: none;\">\n<ul>\n<li>Original Polartec\u00ae Power Stretch\u2122 Pro Material<\/li>\n<li>Neuer, verbesserter Schnitt und vorgeformte \u00c4rmel<\/li>\n<\/ul>\n<\/li>\n<\/ul>\n<p>Sehr hoher Tragekomfort. Bewegungsfreiheit dank Stretch-Fleece<\/p>\n<ul>\n<li>Hoher Kragen gegen Wind und Feuchtigkeit<\/li>\n<li>Zus\u00e4tzliche \u00c4rmeltasche mit Stifthalter<\/li>\n<li>100 % membranfrei<\/li>\n<li>Leicht zu waschen<\/li>\n<\/ul>\n<p><b>Material:<\/b><\/p>\n<p>52% PES, 39% Nylon, 9% Elastan<\/p>\n<p><b><strong>Gr\u00f6\u00dfen:<\/strong><\/b><\/p>\n<p>XS &#8211; XL, \u00dcbergr\u00f6\u00dfen: XXL &#8211; 3XL<\/p>\n","protected":false},"excerpt":{"rendered":"<p>Vollst\u00e4ndiger Verzicht auf Membranen f\u00fcr maximale Atmungsaktivit\u00e4t. Dank der perfekten Passform und dem Stretch-Fleece ist die Polartec-Jacke ideal als Erg\u00e4nzung<\/p>\n","protected":false},"featured_media":627118,"template":"","meta":{"_seopress_robots_primary_cat":"none","_seopress_titles_title":"","_seopress_titles_desc":"","_seopress_robots_index":""},"product_brand":[3670],"product_cat":[1382,974,975,82],"product_tag":[],"class_list":{"0":"post-627363","1":"product","2":"type-product","3":"status-publish","4":"has-post-thumbnail","6":"product_brand-pfanner-de","7":"product_cat-arbeitskleidung","8":"product_cat-freizeitkleidung","9":"product_cat-herrenbekleidung","10":"product_cat-kleidung","11":"sws-gruppo-no-gruppo-de","12":"sws-conto-ricavi-merci-rivendita-abbigliamento-de","13":"sws-gruppo-iva-iva81-de","15":"first","16":"instock","17":"shipping-taxable","18":"purchasable","19":"product-type-variable","20":"has-default-attributes"},"_links":{"self":[{"href":"https:\/\/lucacastelli.com\/de\/wp-json\/wp\/v2\/product\/627363","targetHints":{"allow":["GET"]}}],"collection":[{"href":"https:\/\/lucacastelli.com\/de\/wp-json\/wp\/v2\/product"}],"about":[{"href":"https:\/\/lucacastelli.com\/de\/wp-json\/wp\/v2\/types\/product"}],"wp:featuredmedia":[{"embeddable":true,"href":"https:\/\/lucacastelli.com\/de\/wp-json\/wp\/v2\/media\/627118"}],"wp:attachment":[{"href":"https:\/\/lucacastelli.com\/de\/wp-json\/wp\/v2\/media?parent=627363"}],"wp:term":[{"taxonomy":"product_brand","embeddable":true,"href":"https:\/\/lucacastelli.com\/de\/wp-json\/wp\/v2\/product_brand?post=627363"},{"taxonomy":"product_cat","embeddable":true,"href":"https:\/\/lucacastelli.com\/de\/wp-json\/wp\/v2\/product_cat?post=627363"},{"taxonomy":"product_tag","embeddable":true,"href":"https:\/\/lucacastelli.com\/de\/wp-json\/wp\/v2\/product_tag?post=627363"}],"curies":[{"name":"wp","href":"https:\/\/api.w.org\/{rel}","templated":true}]}}