{"id":625334,"date":"2025-08-20T21:50:14","date_gmt":"2025-08-20T19:50:14","guid":{"rendered":"https:\/\/lucacastelli.com\/prodotto\/pfanner-schnittschutzbeinlinge-typ-c\/"},"modified":"2026-04-14T04:11:27","modified_gmt":"2026-04-14T02:11:27","slug":"pfanner-schnittschutzbeinlinge-typ-c","status":"publish","type":"product","link":"https:\/\/lucacastelli.com\/de\/produkt\/pfanner-schnittschutzbeinlinge-typ-c\/","title":{"rendered":"PFANNER Schnittschutzbeinlinge Typ C"},"content":{"rendered":"<p>Die Schnittschutzbeinlinge Typ C sind die ideale L\u00f6sung f\u00fcr den schnellen Einsatz. Sie lassen sich in nur 20 Sekunden anlegen und sind dank Klettg\u00fcrtel und Rei\u00dfverschluss in der Weite verstellbar. Der Schnittschutz der Klasse 1 ist rundum eingearbeitet und bietet somit maximalen Schutz. Diese praktischen Beinlinge sollten bei Arbeiten mit der Motors\u00e4ge stets mitgef\u00fchrt werden. Unsere Beinlinge sind auch in der Version Typ A (Art.-Nr. 804132) mit Klettverschluss erh\u00e4ltlich.<br \/>\n-Schnittschutzklasse 1<br \/>\n-Umfang verstellbar mit Klettg\u00fcrtel<br \/>\n-Inklusive Reflexstreifen<br \/>\n-Anlegen ohne Ausziehen der Schuhe m\u00f6glich<br \/>\n-Verschluss und Gr\u00f6\u00dfenverstellung mittels Rei\u00dfverschluss<\/p>\n<p>Material:<br \/>\nObermaterial: 65% Polyester, 35% Baumwolle<br \/>\nFutter: 100% Polyester<br \/>\nSchnittschutz: Avertic Engtex Pro (Klasse 1, 20 m\/s)<br \/>\nGr\u00f6\u00dfen: Einheitsgr\u00f6\u00dfe S-XXL, auch \u00fcber der Arbeitskleidung tragbar und per Rei\u00dfverschluss verstellbar!<\/p>\n","protected":false},"excerpt":{"rendered":"<p>Die Schnittschutzbeinlinge Typ C sind die ideale L\u00f6sung f\u00fcr den schnellen Einsatz. Sie lassen sich in nur 20 Sekunden anlegen<\/p>\n","protected":false},"featured_media":623749,"template":"","meta":{"_seopress_robots_primary_cat":"","_seopress_titles_title":"","_seopress_titles_desc":"","_seopress_robots_index":""},"product_brand":[3670],"product_cat":[1382,82],"product_tag":[],"class_list":{"0":"post-625334","1":"product","2":"type-product","3":"status-publish","4":"has-post-thumbnail","6":"product_brand-pfanner-de","7":"product_cat-arbeitskleidung","8":"product_cat-kleidung","9":"sws-gruppo-no-gruppo-de","10":"sws-conto-ricavi-merci-rivendita-abbigliamento-de","11":"sws-gruppo-iva-iva81-de","13":"first","14":"instock","15":"shipping-taxable","16":"purchasable","17":"product-type-simple"},"_links":{"self":[{"href":"https:\/\/lucacastelli.com\/de\/wp-json\/wp\/v2\/product\/625334","targetHints":{"allow":["GET"]}}],"collection":[{"href":"https:\/\/lucacastelli.com\/de\/wp-json\/wp\/v2\/product"}],"about":[{"href":"https:\/\/lucacastelli.com\/de\/wp-json\/wp\/v2\/types\/product"}],"wp:featuredmedia":[{"embeddable":true,"href":"https:\/\/lucacastelli.com\/de\/wp-json\/wp\/v2\/media\/623749"}],"wp:attachment":[{"href":"https:\/\/lucacastelli.com\/de\/wp-json\/wp\/v2\/media?parent=625334"}],"wp:term":[{"taxonomy":"product_brand","embeddable":true,"href":"https:\/\/lucacastelli.com\/de\/wp-json\/wp\/v2\/product_brand?post=625334"},{"taxonomy":"product_cat","embeddable":true,"href":"https:\/\/lucacastelli.com\/de\/wp-json\/wp\/v2\/product_cat?post=625334"},{"taxonomy":"product_tag","embeddable":true,"href":"https:\/\/lucacastelli.com\/de\/wp-json\/wp\/v2\/product_tag?post=625334"}],"curies":[{"name":"wp","href":"https:\/\/api.w.org\/{rel}","templated":true}]}}