{"id":625320,"date":"2025-08-20T22:07:36","date_gmt":"2025-08-20T20:07:36","guid":{"rendered":"https:\/\/lucacastelli.com\/prodotto\/pfanner-stretchflex-allround\/"},"modified":"2026-04-14T04:09:22","modified_gmt":"2026-04-14T02:09:22","slug":"pfanner-stretchflex-allround","status":"publish","type":"product","link":"https:\/\/lucacastelli.com\/de\/produkt\/pfanner-stretchflex-allround\/","title":{"rendered":"PFANNER StretchFlex\u00ae Allround"},"content":{"rendered":"<p>Der Allround-Handschuh ist ein weicher und leichter Handschuh aus Ziegenleder. Das 1\/1-Baumwollstrickgewebe auf dem Handr\u00fccken und am Daumen gew\u00e4hrleistet hohe Elastizit\u00e4t. Ein Gummizug am Handgelenk sorgt f\u00fcr guten Halt des Handschuhs auch ohne Stulpe.<br \/>\n-StretchFlex\u00ae-Technologie<br \/>\n-Elastischer Strickhandr\u00fccken<br \/>\n-Gummizug am Handgelenk<br \/>\n-Einfach an- und auszuziehen<br \/>\n-Ergonomischer Daumen vollst\u00e4ndig aus Leder  <\/p>\n<p>Material: 80% Ziegenleder 20% Baumwolle<br \/>\nNormen: EN 388 \/ 2.1.2.2.x.<\/p>\n","protected":false},"excerpt":{"rendered":"<p>Der Allround-Handschuh ist ein weicher und leichter Handschuh aus Ziegenleder. Das 1\/1-Baumwollstrickgewebe auf dem Handr\u00fccken und am Daumen gew\u00e4hrleistet hohe<\/p>\n","protected":false},"featured_media":623778,"template":"","meta":{"_seopress_robots_primary_cat":"","_seopress_titles_title":"","_seopress_titles_desc":"","_seopress_robots_index":""},"product_brand":[3458],"product_cat":[21,284,186],"product_tag":[],"class_list":{"0":"post-625320","1":"product","2":"type-product","3":"status-publish","4":"has-post-thumbnail","6":"product_brand-pfanner","7":"product_cat-abbigliamento","8":"product_cat-abbigliamento-da-lavoro","9":"product_cat-accessori-per-labbigliamento","10":"sws-gruppo-no-gruppo-de","11":"sws-conto-ricavi-merci-rivendita-abbigliamento-de","12":"sws-gruppo-iva-iva81-de","14":"first","15":"instock","16":"shipping-taxable","17":"purchasable","18":"product-type-variable"},"_links":{"self":[{"href":"https:\/\/lucacastelli.com\/de\/wp-json\/wp\/v2\/product\/625320","targetHints":{"allow":["GET"]}}],"collection":[{"href":"https:\/\/lucacastelli.com\/de\/wp-json\/wp\/v2\/product"}],"about":[{"href":"https:\/\/lucacastelli.com\/de\/wp-json\/wp\/v2\/types\/product"}],"wp:featuredmedia":[{"embeddable":true,"href":"https:\/\/lucacastelli.com\/de\/wp-json\/wp\/v2\/media\/623778"}],"wp:attachment":[{"href":"https:\/\/lucacastelli.com\/de\/wp-json\/wp\/v2\/media?parent=625320"}],"wp:term":[{"taxonomy":"product_brand","embeddable":true,"href":"https:\/\/lucacastelli.com\/de\/wp-json\/wp\/v2\/product_brand?post=625320"},{"taxonomy":"product_cat","embeddable":true,"href":"https:\/\/lucacastelli.com\/de\/wp-json\/wp\/v2\/product_cat?post=625320"},{"taxonomy":"product_tag","embeddable":true,"href":"https:\/\/lucacastelli.com\/de\/wp-json\/wp\/v2\/product_tag?post=625320"}],"curies":[{"name":"wp","href":"https:\/\/api.w.org\/{rel}","templated":true}]}}