{"id":625290,"date":"2025-08-20T22:40:37","date_gmt":"2025-08-20T20:40:37","guid":{"rendered":"https:\/\/lucacastelli.com\/prodotto\/pfanner-stretchflex-kepro\/"},"modified":"2025-08-20T22:40:37","modified_gmt":"2025-08-20T20:40:37","slug":"pfanner-stretchflex-kepro","status":"publish","type":"product","link":"https:\/\/lucacastelli.com\/de\/produkt\/pfanner-stretchflex-kepro\/","title":{"rendered":"Pfanner StretchFlex\u00ae Kepro"},"content":{"rendered":"<p>Der StretchFlex\u00ae-Handschuh von Kepro ist ein extrem strapazierf\u00e4higer Ziegenlederhandschuh f\u00fcr hohe Beanspruchung. Bei \u00f6ligen und fettigen Arbeiten sorgt die Kepro-Verst\u00e4rkung f\u00fcr optimalen Grip. Die Kepro-Verst\u00e4rkung verbessert auch die Abriebfestigkeit des Handschuhs. Die StretchFlex\u00ae Technologie erh\u00e4lt die Bewegungsfreiheit der Hand und macht den Handschuh alltagstauglich.<br \/>\n-StretchFlex\u00ae Technologie<br \/>\n-Abriebfestigkeit dank Kepro-Verst\u00e4rkung<br \/>\n-Resistente Innennaht an der Klettverschluss-Stulpe<br \/>\n-Elastische Stulpe mit Klettverschluss<br \/>\n-F\u00fcr \u00f6lige und schmutzige Arbeiten<br \/>\n-Elastischer Daumen und Handr\u00fccken   <\/p>\n<p>Material: Ziegenleder, Polyester, Armortex\u00aePU<br \/>\nNormen: EN 388 \/ 2.1.2.X.<\/p>\n","protected":false},"excerpt":{"rendered":"<p>Der StretchFlex\u00ae-Handschuh von Kepro ist ein extrem strapazierf\u00e4higer Ziegenlederhandschuh f\u00fcr hohe Beanspruchung. Bei \u00f6ligen und fettigen Arbeiten sorgt die Kepro-Verst\u00e4rkung<\/p>\n","protected":false},"featured_media":623844,"template":"","meta":{"_seopress_robots_primary_cat":"none","_seopress_titles_title":"","_seopress_titles_desc":"","_seopress_robots_index":""},"product_brand":[3670],"product_cat":[1382,1391,82],"product_tag":[],"class_list":{"0":"post-625290","1":"product","2":"type-product","3":"status-publish","4":"has-post-thumbnail","6":"product_brand-pfanner-de","7":"product_cat-arbeitskleidung","8":"product_cat-bekleidungs-accessoires","9":"product_cat-kleidung","10":"sws-gruppo-no-gruppo","11":"sws-conto-ricavi-merci-rivendita-abbigliamento","12":"sws-gruppo-iva-iva81","14":"first","15":"instock","16":"shipping-taxable","17":"purchasable","18":"product-type-variable"},"_links":{"self":[{"href":"https:\/\/lucacastelli.com\/de\/wp-json\/wp\/v2\/product\/625290","targetHints":{"allow":["GET"]}}],"collection":[{"href":"https:\/\/lucacastelli.com\/de\/wp-json\/wp\/v2\/product"}],"about":[{"href":"https:\/\/lucacastelli.com\/de\/wp-json\/wp\/v2\/types\/product"}],"wp:featuredmedia":[{"embeddable":true,"href":"https:\/\/lucacastelli.com\/de\/wp-json\/wp\/v2\/media\/623844"}],"wp:attachment":[{"href":"https:\/\/lucacastelli.com\/de\/wp-json\/wp\/v2\/media?parent=625290"}],"wp:term":[{"taxonomy":"product_brand","embeddable":true,"href":"https:\/\/lucacastelli.com\/de\/wp-json\/wp\/v2\/product_brand?post=625290"},{"taxonomy":"product_cat","embeddable":true,"href":"https:\/\/lucacastelli.com\/de\/wp-json\/wp\/v2\/product_cat?post=625290"},{"taxonomy":"product_tag","embeddable":true,"href":"https:\/\/lucacastelli.com\/de\/wp-json\/wp\/v2\/product_tag?post=625290"}],"curies":[{"name":"wp","href":"https:\/\/api.w.org\/{rel}","templated":true}]}}