{"id":625277,"date":"2025-08-20T22:46:57","date_gmt":"2025-08-20T20:46:57","guid":{"rendered":"https:\/\/lucacastelli.com\/prodotto\/pfanner-wollfilzhandschuh-gr-l\/"},"modified":"2026-04-14T04:01:57","modified_gmt":"2026-04-14T02:01:57","slug":"pfanner-wollfilzhandschuh-gr-l","status":"publish","type":"product","link":"https:\/\/lucacastelli.com\/de\/produkt\/pfanner-wollfilzhandschuh-gr-l\/","title":{"rendered":"PFANNER Wollfilzhandschuh Gr. L"},"content":{"rendered":"<p>Die Wollfilzhandschuhe sind perfekt f\u00fcr kalte Tage, an denen Sie freie Finger ben\u00f6tigen. Sie k\u00f6nnen als Fausthandschuhe oder als fingerlose Handschuhe getragen werden. Ein Druckknopfverschluss erm\u00f6glicht es, die Fingerabdeckung auf dem Handr\u00fccken zu befestigen. Zudem sind diese Strickhandschuhe angenehm zu tragen und haben eine rutschfeste Handfl\u00e4che.<br \/>\n-Gestrickte Handschuhe aus extra dickem Filz<br \/>\n-Als Fausthandschuhe oder mit freien Fingern tragbar<br \/>\n-W\u00e4rmen bei extremer K\u00e4lte<br \/>\n-Verst\u00e4rkte und rutschfeste Handfl\u00e4che<br \/>\n-Innenfutter aus PrimaLoft\u00ae Gold   <\/p>\n<p>Material: 85% Polyester 15% Polyamid<\/p>\n","protected":false},"excerpt":{"rendered":"<p>Die Wollfilzhandschuhe sind perfekt f\u00fcr kalte Tage, an denen Sie freie Finger ben\u00f6tigen. Sie k\u00f6nnen als Fausthandschuhe oder als fingerlose<\/p>\n","protected":false},"featured_media":623857,"template":"","meta":{"_seopress_robots_primary_cat":"","_seopress_titles_title":"","_seopress_titles_desc":"","_seopress_robots_index":""},"product_brand":[3458],"product_cat":[21,284,189],"product_tag":[],"class_list":{"0":"post-625277","1":"product","2":"type-product","3":"status-publish","4":"has-post-thumbnail","6":"product_brand-pfanner","7":"product_cat-abbigliamento","8":"product_cat-abbigliamento-da-lavoro","9":"product_cat-abbigliamento-per-il-tempo-libero","10":"sws-gruppo-no-gruppo-de","11":"sws-conto-ricavi-merci-rivendita-abbigliamento-de","12":"sws-gruppo-iva-iva81-de","14":"first","15":"instock","16":"shipping-taxable","17":"purchasable","18":"product-type-simple"},"_links":{"self":[{"href":"https:\/\/lucacastelli.com\/de\/wp-json\/wp\/v2\/product\/625277","targetHints":{"allow":["GET"]}}],"collection":[{"href":"https:\/\/lucacastelli.com\/de\/wp-json\/wp\/v2\/product"}],"about":[{"href":"https:\/\/lucacastelli.com\/de\/wp-json\/wp\/v2\/types\/product"}],"wp:featuredmedia":[{"embeddable":true,"href":"https:\/\/lucacastelli.com\/de\/wp-json\/wp\/v2\/media\/623857"}],"wp:attachment":[{"href":"https:\/\/lucacastelli.com\/de\/wp-json\/wp\/v2\/media?parent=625277"}],"wp:term":[{"taxonomy":"product_brand","embeddable":true,"href":"https:\/\/lucacastelli.com\/de\/wp-json\/wp\/v2\/product_brand?post=625277"},{"taxonomy":"product_cat","embeddable":true,"href":"https:\/\/lucacastelli.com\/de\/wp-json\/wp\/v2\/product_cat?post=625277"},{"taxonomy":"product_tag","embeddable":true,"href":"https:\/\/lucacastelli.com\/de\/wp-json\/wp\/v2\/product_tag?post=625277"}],"curies":[{"name":"wp","href":"https:\/\/api.w.org\/{rel}","templated":true}]}}