{"id":625249,"date":"2025-08-20T22:19:45","date_gmt":"2025-08-20T20:19:45","guid":{"rendered":"https:\/\/lucacastelli.com\/prodotto\/pfanner-keprotechnic\/"},"modified":"2025-08-20T22:19:45","modified_gmt":"2025-08-20T20:19:45","slug":"pfanner-keprotechnic","status":"publish","type":"product","link":"https:\/\/lucacastelli.com\/de\/produkt\/pfanner-keprotechnic\/","title":{"rendered":"Pfanner KeproTechnic"},"content":{"rendered":"<p>StretchFlex\u00ae KeproTechnic ist der robuste und ergonomische Handschuh aus hochwertigem Alcantara-Gewebe. Au\u00dferdem verf\u00fcgt er \u00fcber eine ergonomische Kepro-Verst\u00e4rkung f\u00fcr optimalen Grip. Rutschfeste Spitzen, extra weicher und elastischer Handr\u00fccken. Das macht den StretchFlex\u00ae KeproTechnic zum idealen Handschuh f\u00fcr Arbeiten, die feinmotorische F\u00e4higkeiten erfordern. StretchFlex\u00ae KeproTechnic ist leicht zu reinigen und kann bei 30 \u00b0C gewaschen werden, ohne dass der Tragekomfort beeintr\u00e4chtigt wird, selbst nach wiederholtem Gebrauch und Waschen.<br \/>\n-Ideal f\u00fcr Arbeiten, die Feinmotorik erfordern<br \/>\n-Anti-Rutsch-Spitzen<br \/>\n-StretchFlex\u00ae Technologie<br \/>\n-Hochelastische Neoprenstulpe mit Klettverschluss<br \/>\n-Abriebfeste Innennaht<br \/>\n-Ergonomische Kepro-Verst\u00e4rkung auf der Handfl\u00e4che<br \/>\n-Nahtlose Lederverst\u00e4rkung auf Daumen und Zeigefinger    <\/p>\n<p>&nbsp;<\/p>\n<p>Material: Alcantara-Gewebe, Echtlederverst\u00e4rkung an Daumen und Zeigefinger<br \/>\nNormen: EN 388 \/ 2.1.3.1.X.<\/p>\n","protected":false},"excerpt":{"rendered":"<p>StretchFlex\u00ae KeproTechnic ist der robuste und ergonomische Handschuh aus hochwertigem Alcantara-Gewebe. Au\u00dferdem verf\u00fcgt er \u00fcber eine ergonomische Kepro-Verst\u00e4rkung f\u00fcr optimalen<\/p>\n","protected":false},"featured_media":623806,"template":"","meta":{"_seopress_robots_primary_cat":"none","_seopress_titles_title":"","_seopress_titles_desc":"","_seopress_robots_index":""},"product_brand":[3458],"product_cat":[21,284,186],"product_tag":[],"class_list":{"0":"post-625249","1":"product","2":"type-product","3":"status-publish","4":"has-post-thumbnail","6":"product_brand-pfanner","7":"product_cat-abbigliamento","8":"product_cat-abbigliamento-da-lavoro","9":"product_cat-accessori-per-labbigliamento","10":"sws-gruppo-no-gruppo","11":"sws-conto-ricavi-merci-rivendita-abbigliamento","12":"sws-gruppo-iva-iva81","14":"first","15":"instock","16":"shipping-taxable","17":"purchasable","18":"product-type-variable"},"_links":{"self":[{"href":"https:\/\/lucacastelli.com\/de\/wp-json\/wp\/v2\/product\/625249","targetHints":{"allow":["GET"]}}],"collection":[{"href":"https:\/\/lucacastelli.com\/de\/wp-json\/wp\/v2\/product"}],"about":[{"href":"https:\/\/lucacastelli.com\/de\/wp-json\/wp\/v2\/types\/product"}],"wp:featuredmedia":[{"embeddable":true,"href":"https:\/\/lucacastelli.com\/de\/wp-json\/wp\/v2\/media\/623806"}],"wp:attachment":[{"href":"https:\/\/lucacastelli.com\/de\/wp-json\/wp\/v2\/media?parent=625249"}],"wp:term":[{"taxonomy":"product_brand","embeddable":true,"href":"https:\/\/lucacastelli.com\/de\/wp-json\/wp\/v2\/product_brand?post=625249"},{"taxonomy":"product_cat","embeddable":true,"href":"https:\/\/lucacastelli.com\/de\/wp-json\/wp\/v2\/product_cat?post=625249"},{"taxonomy":"product_tag","embeddable":true,"href":"https:\/\/lucacastelli.com\/de\/wp-json\/wp\/v2\/product_tag?post=625249"}],"curies":[{"name":"wp","href":"https:\/\/api.w.org\/{rel}","templated":true}]}}