{"id":625181,"date":"2025-08-23T04:57:49","date_gmt":"2025-08-23T02:57:49","guid":{"rendered":"https:\/\/lucacastelli.com\/?post_type=product&#038;p=625181"},"modified":"2026-03-07T15:32:03","modified_gmt":"2026-03-07T14:32:03","slug":"vallorbe-rundfeile-copia","status":"publish","type":"product","link":"https:\/\/lucacastelli.com\/de\/produkt\/vallorbe-rundfeile-copia\/","title":{"rendered":"VALLORBE Rundfeile, 12er-Pack"},"content":{"rendered":"<p>Vallorbe Rundfeile im kompletten 12er-Pack. Die Packungen sind im gew\u00e4hlten Durchmesser vollst\u00e4ndig. <\/p>\n<p>&nbsp;<\/p>\n<p>Verf\u00fcgbare Durchmesser:<\/p>\n<p>-3,2 mm (1\/4&#8243; Ketten)<br \/>\n-4 mm (3\/8&#8243; P Ketten)<br \/>\n-4,8 mm (.325&#8243; Ketten)<br \/>\n-5,2 mm (3\/8&#8243; Ketten)<br \/>\n-5,5 mm (.404&#8243; Ketten)<\/p>\n","protected":false},"excerpt":{"rendered":"<p>Vallorbe Rundfeile im kompletten 12er-Pack. Die Packungen sind im gew\u00e4hlten Durchmesser vollst\u00e4ndig. &nbsp; Verf\u00fcgbare Durchmesser: -3,2 mm (1\/4&#8243; Ketten) -4<\/p>\n","protected":false},"featured_media":625191,"template":"","meta":{"_seopress_robots_primary_cat":"none","_seopress_titles_title":"","_seopress_titles_desc":"","_seopress_robots_index":""},"product_brand":[4389],"product_cat":[29,268,269,267],"product_tag":[],"class_list":{"0":"post-625181","1":"product","2":"type-product","3":"status-publish","4":"has-post-thumbnail","6":"product_brand-vallorbe","7":"product_cat-macchinari","8":"product_cat-motoseghe","9":"product_cat-accessori-e-materiale-di-consumo-tosasiepi-e-potatori","10":"product_cat-tosasiepi-e-potatori","11":"sws-gruppo-macchinari-de","12":"sws-conto-ricavi-merci-rivendita-macchinari-de","13":"sws-gruppo-iva-iva81-de","15":"first","16":"instock","17":"sale","18":"shipping-taxable","19":"purchasable","20":"product-type-variable"},"_links":{"self":[{"href":"https:\/\/lucacastelli.com\/de\/wp-json\/wp\/v2\/product\/625181","targetHints":{"allow":["GET"]}}],"collection":[{"href":"https:\/\/lucacastelli.com\/de\/wp-json\/wp\/v2\/product"}],"about":[{"href":"https:\/\/lucacastelli.com\/de\/wp-json\/wp\/v2\/types\/product"}],"wp:featuredmedia":[{"embeddable":true,"href":"https:\/\/lucacastelli.com\/de\/wp-json\/wp\/v2\/media\/625191"}],"wp:attachment":[{"href":"https:\/\/lucacastelli.com\/de\/wp-json\/wp\/v2\/media?parent=625181"}],"wp:term":[{"taxonomy":"product_brand","embeddable":true,"href":"https:\/\/lucacastelli.com\/de\/wp-json\/wp\/v2\/product_brand?post=625181"},{"taxonomy":"product_cat","embeddable":true,"href":"https:\/\/lucacastelli.com\/de\/wp-json\/wp\/v2\/product_cat?post=625181"},{"taxonomy":"product_tag","embeddable":true,"href":"https:\/\/lucacastelli.com\/de\/wp-json\/wp\/v2\/product_tag?post=625181"}],"curies":[{"name":"wp","href":"https:\/\/api.w.org\/{rel}","templated":true}]}}