{"id":625058,"date":"2025-08-22T10:50:44","date_gmt":"2025-08-22T08:50:44","guid":{"rendered":"https:\/\/lucacastelli.com\/prodotto\/la-sportiva-bushido-iii-frau-gtx\/"},"modified":"2026-03-28T18:38:14","modified_gmt":"2026-03-28T17:38:14","slug":"la-sportiva-bushido-iii-frau-gtx","status":"publish","type":"product","link":"https:\/\/lucacastelli.com\/de\/produkt\/la-sportiva-bushido-iii-frau-gtx\/","title":{"rendered":"LA SPORTIVA Bushido III Frau Gtx"},"content":{"rendered":"<div class=\"product-add-form\">\n<form id=\"product_addtocart_form\" action=\"https:\/\/www.lasportiva.com\/it\/checkout\/cart\/add\/uenc\/aHR0cHM6Ly93d3cubGFzcG9ydGl2YS5jb20vaXQvc2NhcnBlLXRyYWlsLXJ1bm5pbmctYnVzaGlkby1paWktd29tYW4tZ3R4LWRvbm5hLXpmcnMwODk%2C\/product\/474985\/\" method=\"POST\" novalidate=\"novalidate\" data-product-sku=\"ZFRS089\">\n<div id=\"product-options-wrapper\" class=\"product-options-wrapper\" data-hasrequired=\"* Campi obbligatori\">\n<div class=\"fieldset taglie\" tabindex=\"0\">\n<div class=\"swatch-opt\" data-role=\"swatch-options\" data-rendered=\"true\">\n<div class=\"swatch-attribute specific_color\" data-attribute-code=\"specific_color\" data-attribute-id=\"832\" data-option-selected=\"19108\">\n<div class=\"current-option show\">Bushido III Woman Gore-Tex, ein Schuh, der sich der Welt des Skyrace verschrieben hat, stabil und griffig, jetzt auch mit einer GORE-TEX Invisible Fit Membran, um Schutz und Flexibilit\u00e4t bei allen Bedingungen zu garantieren.Doppelte Passform-Option, die klassische Wraparound- und pr\u00e4zise Bushido-Form, und eine zweite WIDE-Version: das gleiche Wraparound-Gef\u00fchl, aber mit etwas gr\u00f6\u00dferem Volumen.<\/div>\n<\/div>\n<\/div>\n<\/div>\n<\/div>\n<div><\/div>\n<div><\/div>\n<div>\n<div class=\"data item title\" tabindex=\"0\" data-role=\"title\" aria-expanded=\"true\" aria-selected=\"true\">\n<h3 id=\"tab-label-techinfo\" class=\"switch-title\">Technische Infos<\/h3>\n<\/div>\n<div class=\"data item content\" aria-labelledby=\"tab-label-techinfo\" data-role=\"content\" aria-hidden=\"false\">\n<div class=\"techinfo-container\">\n<div class=\"techinfo-description\"><b>Gewicht:<\/b><br \/>\n255 1\/2 PAAR<br \/>\n<b>Einlegesohle:<\/b><br \/>\nOrtholite\u00ae Hybrid Mountain Running\u00ae Ergonomic 4 mm<br \/>\n<b>Laufsohle:<\/b><br \/>\nBi-compound FriXion\u00ae Red mit Impact Brake System Mountain Running Seitenbl\u00f6cke<br \/>\n<b>Zwischensohle:<\/b><br \/>\nEVA Kompression + Stability Control Insert und Rock Guard Insert<br \/>\n<b>Futter:<\/b><br \/>\nGORE-TEX Invisible Fit<br \/>\n<b>Obermaterial:<\/b><br \/>\nAtmungsaktives Air-Mesh + thermo-adh\u00e4sive TPU-Verst\u00e4rkungen + Mono-Bava-Nylon-Seitenteile<\/div>\n<\/div>\n<\/div>\n<\/div>\n<\/form>\n<\/div>\n","protected":false},"excerpt":{"rendered":"<p>Bushido III Woman Gore-Tex, ein Schuh, der sich der Welt des Skyrace verschrieben hat, stabil und griffig, jetzt auch mit<\/p>\n","protected":false},"featured_media":625010,"template":"","meta":{"_seopress_robots_primary_cat":"","_seopress_titles_title":"","_seopress_titles_desc":"","_seopress_robots_index":""},"product_brand":[3419],"product_cat":[28,568,575],"product_tag":[],"class_list":{"0":"post-625058","1":"product","2":"type-product","3":"status-publish","4":"has-post-thumbnail","6":"product_brand-la-sportiva","7":"product_cat-calzature","8":"product_cat-calzature-per-il-tempo-libero","9":"product_cat-calzature-da-donna","10":"sws-gruppo-abb-libero-de","11":"sws-conto-ricavi-merci-rivendita-abbigliamento-de","12":"sws-gruppo-iva-iva81-de","14":"first","15":"instock","16":"shipping-taxable","17":"purchasable","18":"product-type-variable","19":"has-default-attributes"},"_links":{"self":[{"href":"https:\/\/lucacastelli.com\/de\/wp-json\/wp\/v2\/product\/625058","targetHints":{"allow":["GET"]}}],"collection":[{"href":"https:\/\/lucacastelli.com\/de\/wp-json\/wp\/v2\/product"}],"about":[{"href":"https:\/\/lucacastelli.com\/de\/wp-json\/wp\/v2\/types\/product"}],"wp:featuredmedia":[{"embeddable":true,"href":"https:\/\/lucacastelli.com\/de\/wp-json\/wp\/v2\/media\/625010"}],"wp:attachment":[{"href":"https:\/\/lucacastelli.com\/de\/wp-json\/wp\/v2\/media?parent=625058"}],"wp:term":[{"taxonomy":"product_brand","embeddable":true,"href":"https:\/\/lucacastelli.com\/de\/wp-json\/wp\/v2\/product_brand?post=625058"},{"taxonomy":"product_cat","embeddable":true,"href":"https:\/\/lucacastelli.com\/de\/wp-json\/wp\/v2\/product_cat?post=625058"},{"taxonomy":"product_tag","embeddable":true,"href":"https:\/\/lucacastelli.com\/de\/wp-json\/wp\/v2\/product_tag?post=625058"}],"curies":[{"name":"wp","href":"https:\/\/api.w.org\/{rel}","templated":true}]}}