{"id":624952,"date":"2025-08-20T21:25:34","date_gmt":"2025-08-20T19:25:34","guid":{"rendered":"https:\/\/lucacastelli.com\/prodotto\/stihl-akku-baumschere-gta-30-mini-mit-2-as-2-akkus-und-al-5-2-ladegeraet\/"},"modified":"2025-08-20T21:25:34","modified_gmt":"2025-08-20T19:25:34","slug":"stihl-akku-baumschere-gta-30-mini-mit-2-as-2-akkus-und-al-5-2-ladegeraet","status":"publish","type":"product","link":"https:\/\/lucacastelli.com\/de\/produkt\/stihl-akku-baumschere-gta-30-mini-mit-2-as-2-akkus-und-al-5-2-ladegeraet\/","title":{"rendered":"STIHL Akku-Baumschere GTA 30 mini mit 2 AS 2 Akkus und AL 5-2 Ladeger\u00e4t"},"content":{"rendered":"<h2>Akku-Kettens\u00e4ge GTA 30 im Set, mit zwei AS 2-Akkus und einem AL 5-2-Schnellladeger\u00e4t: mit automatischem Kettenspanner &#8211; f\u00fcr anspruchsvolle private Anwendungen<\/h2>\n<p>Wenn du noch keinen Akku des <a href=\"https:\/\/www.stihl.be\/fr\/technologie-stihl\/technologie-batterie-stihl\/batterie-as-stihl\"><b>STIHL AS-Systems<\/b><\/a> oder ein Batterieladeger\u00e4t haben, enth\u00e4lt dieses Set die Akku-Kettens\u00e4ge STIHL GTA 30, zwei <a href=\"https:\/\/www.stihl.be\/fr\/ap\/batterie-as-2-107854\"><b>STIHL AS 2 Lithium-Ionen-Akkus<\/b><\/a> und ein <a href=\"https:\/\/www.stihl.be\/fr\/ap\/al-5-2-double-chargeur-rapide-188600\"><b>AL 5-2 Doppel-Schnellladeger\u00e4t<\/b><\/a> ist die ideale Wahl. Au\u00dferdem sind ein stabiler Tragekoffer und ein Mehrzweck\u00f6l enthalten <a href=\"https:\/\/www.stihl.be\/fr\/ap\/huile-multioil-bio-109225\"><b>STIHL Multioil Bio<\/b><\/a>. So kannst du sofort mit der Arbeit beginnen.  <\/p>\n<p>Die Akku-Kettens\u00e4ge GTA 30 von STIHL ist ideal f\u00fcr die <b>private Baumpflege, das Schneiden von Bauholz oder das Zerkleinern von Gr\u00fcnschnitt<\/b>. Sie ist auch sehr praktisch, um dicke \u00c4ste zu schneiden oder \u00c4ste und Totholz in kleine Mengen Brennholz zu zerkleinern. Seine hervorragende Schnittleistung macht ihn zur idealen Maschine f\u00fcr alle anspruchsvollen privaten Holzschneidearbeiten. Die Kettenspannung kann w\u00e4hrend der Arbeit schnell und ohne Werkzeug eingestellt werden. \u00d6ffne und schlie\u00dfe einfach die Abdeckung des Kettenrads. Der orangefarbene Kippspannhebel sorgt f\u00fcr eine korrekte Kettenspannung und erm\u00f6glicht eine schnelle und werkzeuglose Montage des Schneidwerks nach dem Reinigen oder Auswechseln der Kette, auch mit Handschuhen.     <\/p>\n<p>Der leistungsstarke Gleichstrommotor und die <a href=\"https:\/\/www.stihl.be\/fr\/ap\/chaine-de-tronconneuse-1-4-p-picco-micro-3-pm3-1-1-mm-2448\"><b>STIHL 1\/4&#8243;-PM3 Kette<\/b><\/a> garantieren einen <b>sauberen Schnitt<\/b> und einen <b>schnellen Arbeitsfortschritt<\/b>. Mit der STIHL Light 01 Kettenf\u00fchrung kannst du \u00c4ste bis zu einem Durchmesser von 15 cm sauber, einfach und nahezu vibrationsfrei schneiden. Das integrierte Umlenkrad reduziert Reibungsverluste und tr\u00e4gt zu einem effizienteren Schnitt bei. Die beiden AS 2 Akkus bieten ausreichend Laufzeit f\u00fcr l\u00e4ngeres Arbeiten.   <\/p>\n<p>Die orangefarbenen, gut sichtbaren Bedienelemente sind sowohl f\u00fcr Rechts- als auch f\u00fcr Linksh\u00e4nder leicht zug\u00e4nglich. Die schnurlose Mini-Kettens\u00e4ge ist au\u00dferdem mit <b>gummierten<\/b> Griffen ausgestattet, die einen sicheren und pr\u00e4zisen Griff mit beiden H\u00e4nden in verschiedenen Schneidpositionen gew\u00e4hrleisten. Das schlanke Design, das geringe Gewicht und die ergonomischen Griffe tragen ebenfalls zu einem hohen Arbeitskomfort bei, selbst bei l\u00e4ngerem Gebrauch. Der <b>Pendelschutz<\/b> bietet zus\u00e4tzlichen Schutz vor scharfen Ketten w\u00e4hrend der Arbeit. Der STIHL GTA 30 ist au\u00dferdem mit einer <b>LED-Ladestandsanzeige<\/b> und einer praktischen <b>Aufh\u00e4nge\u00f6se<\/b> zur Aufbewahrung an der Wand ausgestattet.    <\/p>\n<p>Die Akku-Kettens\u00e4ge GTA 30 kann mit dem als optionales Zubeh\u00f6r erh\u00e4ltlichen <b>GTA 30 Holster<\/b> bequem am G\u00fcrtel getragen werden.<\/p>\n<p>Unser \u00dcberblick \u00fcber <a href=\"https:\/\/www.stihl.be\/fr\/technologie-stihl\/technologie-batterie-stihl\/duree-charge-autonomie-batterie\"><b>Betriebs- und Ladezeiten von STIHL Akkus<\/b><\/a> verr\u00e4t dir, wie lange du mit deiner STIHL Akku-Kettens\u00e4ge GTA 30 arbeiten kannst, aber auch, wie lange es dauert, den verwendeten Akku wieder aufzuladen.<\/p>\n<p><b><strong>Hinweis: Der AS 2-Akku ist nach dem Schutzindex IPX4 zertifiziert.<\/strong><\/b><\/p>\n<p>&nbsp;<\/p>\n<p>&nbsp;<\/p>\n<table data-test-id=\"pdp-spec-tech-table\">\n<tbody>\n<tr>\n<td>Nennspannung<\/td>\n<td>22 V<\/td>\n<\/tr>\n<tr>\n<td>Aufgenommene Leistung<\/td>\n<td>0,40 kW<\/td>\n<\/tr>\n<tr>\n<td>Puissance<\/td>\n<td>0,29 kW<\/td>\n<\/tr>\n<tr>\n<td>Batteriesystem<\/td>\n<td>AS<\/td>\n<\/tr>\n<tr>\n<td>Gewicht des Ger\u00e4ts ohne Batterie<\/td>\n<td>1,5 kg<\/td>\n<\/tr>\n<tr>\n<td>L\u00e4nge der F\u00fchrungsschiene<\/td>\n<td>15 cm<\/td>\n<\/tr>\n<tr>\n<td>Pas de la cha\u00eene<\/td>\n<td>1\/4 &#8220;P<\/td>\n<\/tr>\n<tr>\n<td>Largeur de rainure du guide cha\u00eene<\/td>\n<td>1.1<\/td>\n<\/tr>\n<tr>\n<td>Coupes max. par charge de batterie AS 2<\/td>\n<td>180<\/td>\n<\/tr>\n<tr>\n<td>Niveau des Schalldrucks<\/td>\n<td>80 dB(A)<\/td>\n<\/tr>\n<tr>\n<td>Akustischer Wirkungsgrad<\/td>\n<td>88 dB(A)<\/td>\n<\/tr>\n<tr>\n<td>Taux de vibrations c\u00f4t\u00e9 gauche<\/td>\n<td>2,9 m\/s\u00b2<\/td>\n<\/tr>\n<tr>\n<td>Taux de vibrations c\u00f4t\u00e9 droit<\/td>\n<td>2,1 m\/s\u00b2<\/td>\n<\/tr>\n<\/tbody>\n<\/table>\n","protected":false},"excerpt":{"rendered":"<p>Akku-Kettens\u00e4ge GTA 30 im Set, mit zwei AS 2-Akkus und einem AL 5-2-Schnellladeger\u00e4t: mit automatischem Kettenspanner &#8211; f\u00fcr anspruchsvolle private<\/p>\n","protected":false},"featured_media":623703,"template":"","meta":{"_seopress_robots_primary_cat":"none","_seopress_titles_title":"","_seopress_titles_desc":"","_seopress_robots_index":""},"product_brand":[3554],"product_cat":[1629,1615,1695,1612,169],"product_tag":[],"class_list":{"0":"post-624952","1":"product","2":"type-product","3":"status-publish","4":"has-post-thumbnail","6":"product_brand-stihl-de","7":"product_cat-akku-heckenscheren-und-astscheren","8":"product_cat-akku-kettensagen","9":"product_cat-heckenscheren-und-astscheren","10":"product_cat-kettensagen","11":"product_cat-maschinen","12":"sws-gruppo-macchinari-de","13":"sws-conto-ricavi-merci-rivendita-macchinari-de","14":"sws-gruppo-iva-iva81-de","16":"first","17":"instock","18":"shipping-taxable","19":"purchasable","20":"product-type-simple"},"_links":{"self":[{"href":"https:\/\/lucacastelli.com\/de\/wp-json\/wp\/v2\/product\/624952","targetHints":{"allow":["GET"]}}],"collection":[{"href":"https:\/\/lucacastelli.com\/de\/wp-json\/wp\/v2\/product"}],"about":[{"href":"https:\/\/lucacastelli.com\/de\/wp-json\/wp\/v2\/types\/product"}],"wp:featuredmedia":[{"embeddable":true,"href":"https:\/\/lucacastelli.com\/de\/wp-json\/wp\/v2\/media\/623703"}],"wp:attachment":[{"href":"https:\/\/lucacastelli.com\/de\/wp-json\/wp\/v2\/media?parent=624952"}],"wp:term":[{"taxonomy":"product_brand","embeddable":true,"href":"https:\/\/lucacastelli.com\/de\/wp-json\/wp\/v2\/product_brand?post=624952"},{"taxonomy":"product_cat","embeddable":true,"href":"https:\/\/lucacastelli.com\/de\/wp-json\/wp\/v2\/product_cat?post=624952"},{"taxonomy":"product_tag","embeddable":true,"href":"https:\/\/lucacastelli.com\/de\/wp-json\/wp\/v2\/product_tag?post=624952"}],"curies":[{"name":"wp","href":"https:\/\/api.w.org\/{rel}","templated":true}]}}