{"id":624941,"date":"2025-08-20T21:39:04","date_gmt":"2025-08-20T19:39:04","guid":{"rendered":"https:\/\/lucacastelli.com\/prodotto\/stihl-sea-50-systeme-ak-akkusauger-nur-geraet\/"},"modified":"2025-08-20T21:39:04","modified_gmt":"2025-08-20T19:39:04","slug":"stihl-sea-50-systeme-ak-akkusauger-nur-geraet","status":"publish","type":"product","link":"https:\/\/lucacastelli.com\/de\/produkt\/stihl-sea-50-systeme-ak-akkusauger-nur-geraet\/","title":{"rendered":"STIHL SEA 50 &#8211; Syst\u00e8me AK Akkusauger (nur Ger\u00e4t)"},"content":{"rendered":"<h2>SEA 50 kabelloser Staubsauger und Fl\u00fcssigreiniger: kompakt und leicht zu transportieren f\u00fcr Haus, Freizeit und Handwerk<\/h2>\n<p>Der STIHL SEA 50 Akku-Wasser- und Staubstaubsauger ist ein kompaktes, leicht zu transportierendes Ger\u00e4t, das <b>hohe Saugleistung und Flexibilit\u00e4t im Einsatz perfekt kombiniert<\/b>. Er eignet sich besonders f\u00fcr <b>mobile Reinigungsarbeiten in der N\u00e4he der Wohnung, wo kein Stromanschluss vorhanden ist.<\/b> Er kann auch f\u00fcr die Innenreinigung von Fahrzeugen oder f\u00fcr semiprofessionelle Anwendungen, z. B. im Handwerk, eingesetzt werden. Dank intelligenter Elektronik liefert der leistungsstarke EC-Motor des STIHL SEA 50 \u00fcber die gesamte Akkulaufzeit eine <b>konstant hohe Saugleistung<\/b>. Angetrieben wird der SEA 50 von den Lithium-Ionen-Akkus des <a href=\"https:\/\/www.stihl.be\/fr\/technologie-stihl\/technologie-batterie-stihl\/systeme-ak-stihl\"><b>STIHL AK-System<\/b><\/a>.    <\/p>\n<p>Er <b>ist f\u00fcr die Staubklasse L zertifiziert<\/b> und eignet sich z. B. ideal zum Entfernen von Putz- oder Sandablagerungen in Werkst\u00e4tten oder bei Renovierungsarbeiten. Das PET-Filterelement kann <b>nach mehreren Eins\u00e4tzen einfach gewaschen und dann wiederverwendet<\/b> werden. <\/p>\n<p>Der STIHL SEA 50 Akkusauger f\u00fcr Fl\u00fcssigkeiten und Staub ist kompakt und sehr einfach zu bedienen. Mit dem <b>Schultergurt<\/b> l\u00e4sst er sich au\u00dferdem bequem tragen, was <b>z. B. auf Treppen sehr praktisch<\/b> ist <b>.<\/b> Die <b>gro\u00dfe EIN\/AUS-Taste<\/b> ist aus verschiedenen Positionen leicht erreichbar. Die Universald\u00fcse, die Fugend\u00fcse, der Balgschlauch und zwei Verl\u00e4ngerungsschl\u00e4uche sind an deinem STIHL SEA 50 leicht zu erreichen. So kannst du <b>schnell und bequem von einer Aufgabe zur n\u00e4chsten wechseln<\/b>. Mit einer Gesamtl\u00e4nge von ca. 1,8 m erreicht der Saugschlauch auch die schwer zug\u00e4nglichen Stellen m\u00fchelos. F\u00fcr <b>mehr Mobilit\u00e4t und Flexibilit\u00e4t im Einsatz<\/b> ist optional ein <b>Transportwagen<\/b> mit Schwenkr\u00e4dern erh\u00e4ltlich. Dank seines kompakten Designs und des integrierten Zubeh\u00f6rfachs nimmt der kabellose Staub- und Wassersauger SEA 50 nur wenig Platz ein.       <\/p>\n<p>Unser \u00dcberblick \u00fcber <a href=\"https:\/\/www.stihl.be\/fr\/technologie-stihl\/technologie-batterie-stihl\/duree-charge-autonomie-batterie#aspirateur\"><b>Betriebs- und Ladezeiten von STIHL Akkus<\/b><\/a> verr\u00e4t dir, wie lange du mit deinem STIHL SEA 50 Akku-Wasser- und Staubstaubsauger arbeiten kannst, aber auch, wie lange es dauert, den verwendeten Akku wieder aufzuladen.<\/p>\n<p>&nbsp;<\/p>\n<p>&nbsp;<\/p>\n<p>&nbsp;<\/p>\n<table data-test-id=\"pdp-spec-tech-table\">\n<tbody>\n<tr>\n<td>Nennspannung<\/td>\n<td>36 V<\/td>\n<\/tr>\n<tr>\n<td>Aufgenommene Leistung<\/td>\n<td>0,30 kW<\/td>\n<\/tr>\n<tr>\n<td>Batterie-System<\/td>\n<td>AK<\/td>\n<\/tr>\n<tr>\n<td>Empfohlene Batterie<\/td>\n<td>AK 20<\/td>\n<\/tr>\n<tr>\n<td>Gewicht des Ger\u00e4ts ohne Batterie<\/td>\n<td>5,8 kg<\/td>\n<\/tr>\n<tr>\n<td>Druck max. \u00e0 l&#8217;extr\u00e9mit\u00e9 du tuyau <\/td>\n<td>160 mbar<\/td>\n<\/tr>\n<tr>\n<td>D\u00e9bit volum\u00e9trique<\/td>\n<td>1700 l\/min<\/td>\n<\/tr>\n<tr>\n<td>Volumen der Cuv\u00e9e<\/td>\n<td>8.5 l<\/td>\n<\/tr>\n<tr>\n<td>Innendurchmesser des Ansaugrohrs<\/td>\n<td>29 mm<\/td>\n<\/tr>\n<tr>\n<td>Index de protection<\/td>\n<td>IPX4<\/td>\n<\/tr>\n<tr>\n<td>Autonomie max. de la batterie AK 20<\/td>\n<td>27 min<\/td>\n<\/tr>\n<tr>\n<td>Gr\u00f6\u00dfe des Ger\u00e4ts<\/td>\n<td>300 mm<\/td>\n<\/tr>\n<tr>\n<td>Hauteur<\/td>\n<td>325 mm<\/td>\n<\/tr>\n<tr>\n<td>Profondeur de l&#8217;appareil<\/td>\n<td>407 mm<\/td>\n<\/tr>\n<tr>\n<td>Longueur max. du tuyau flexible d&#8217;aspiration<\/td>\n<td>1.800 m<\/td>\n<\/tr>\n<tr>\n<td>Schalldruckpegel<\/td>\n<td>68 dB(A)<\/td>\n<\/tr>\n<\/tbody>\n<\/table>\n","protected":false},"excerpt":{"rendered":"<p>SEA 50 kabelloser Staubsauger und Fl\u00fcssigreiniger: kompakt und leicht zu transportieren f\u00fcr Haus, Freizeit und Handwerk Der STIHL SEA 50<\/p>\n","protected":false},"featured_media":623720,"template":"","meta":{"_seopress_robots_primary_cat":"","_seopress_titles_title":"","_seopress_titles_desc":"","_seopress_robots_index":""},"product_brand":[3366],"product_cat":[29,514,517],"product_tag":[],"class_list":{"0":"post-624941","1":"product","2":"type-product","3":"status-publish","4":"has-post-thumbnail","6":"product_brand-stihl","7":"product_cat-macchinari","8":"product_cat-altri-dispositivi","9":"product_cat-aspiratori-per-la-pulizia","10":"sws-gruppo-macchinari-de","11":"sws-conto-ricavi-merci-rivendita-macchinari-de","12":"sws-gruppo-iva-iva81-de","14":"first","15":"instock","16":"shipping-taxable","17":"purchasable","18":"product-type-simple"},"_links":{"self":[{"href":"https:\/\/lucacastelli.com\/de\/wp-json\/wp\/v2\/product\/624941","targetHints":{"allow":["GET"]}}],"collection":[{"href":"https:\/\/lucacastelli.com\/de\/wp-json\/wp\/v2\/product"}],"about":[{"href":"https:\/\/lucacastelli.com\/de\/wp-json\/wp\/v2\/types\/product"}],"wp:featuredmedia":[{"embeddable":true,"href":"https:\/\/lucacastelli.com\/de\/wp-json\/wp\/v2\/media\/623720"}],"wp:attachment":[{"href":"https:\/\/lucacastelli.com\/de\/wp-json\/wp\/v2\/media?parent=624941"}],"wp:term":[{"taxonomy":"product_brand","embeddable":true,"href":"https:\/\/lucacastelli.com\/de\/wp-json\/wp\/v2\/product_brand?post=624941"},{"taxonomy":"product_cat","embeddable":true,"href":"https:\/\/lucacastelli.com\/de\/wp-json\/wp\/v2\/product_cat?post=624941"},{"taxonomy":"product_tag","embeddable":true,"href":"https:\/\/lucacastelli.com\/de\/wp-json\/wp\/v2\/product_tag?post=624941"}],"curies":[{"name":"wp","href":"https:\/\/api.w.org\/{rel}","templated":true}]}}