{"id":624931,"date":"2025-08-20T21:43:00","date_gmt":"2025-08-20T19:43:00","guid":{"rendered":"https:\/\/lucacastelli.com\/prodotto\/stihl-transportwagen-fuer-sea-50\/"},"modified":"2025-08-20T21:43:00","modified_gmt":"2025-08-20T19:43:00","slug":"stihl-transportwagen-fuer-sea-50","status":"publish","type":"product","link":"https:\/\/lucacastelli.com\/de\/produkt\/stihl-transportwagen-fuer-sea-50\/","title":{"rendered":"STIHL Transportwagen f\u00fcr SEA 50"},"content":{"rendered":"<h2>Transportwagen f\u00fcr den STIHL SEA 50 Akku-Fl\u00fcssigkeits- und Staubstaubsauger: f\u00fcr mehr Mobilit\u00e4t und Flexibilit\u00e4t im Einsatz<\/h2>\n<p>Ausgestattet mit Lenkrollen verleiht dieser robuste und praktische Transportwagen deinem <b>kabellosen Nass-\/Staubsauger SEA 50 mehr Mobilit\u00e4t und verbesserte Einsatzflexibilit\u00e4t<\/b> bei Reinigungsarbeiten im Haushalt, aber auch bei der professionellen Arbeit. Der STIHL SEA 50 Akku-Nass-\/Staubsauger l\u00e4sst sich einfach <b>und ohne Werkzeug am Transportwagen befestigen.<\/b> Dank seiner Lenkrollen <b>ist er leicht zu bewegen<\/b>.  <\/p>\n<p>Er wird mit einem <b>Elektrowerkzeugadapter und einer Bodend\u00fcse<\/b> mit zwei abnehmbaren Elementen geliefert: einer B\u00fcrste f\u00fcr trockene Oberfl\u00e4chen und einem Gummiabzieher f\u00fcr nasse und glatte Oberfl\u00e4chen. Die Bodend\u00fcse, die abnehmbaren Elemente und der Adapter k\u00f6nnen <b>platzsparend direkt auf dem Wagen platziert<\/b> werden und sind somit immer griffbereit. <\/p>\n","protected":false},"excerpt":{"rendered":"<p>Transportwagen f\u00fcr den STIHL SEA 50 Akku-Fl\u00fcssigkeits- und Staubstaubsauger: f\u00fcr mehr Mobilit\u00e4t und Flexibilit\u00e4t im Einsatz Ausgestattet mit Lenkrollen verleiht<\/p>\n","protected":false},"featured_media":623741,"template":"","meta":{"_seopress_robots_primary_cat":"none","_seopress_titles_title":"","_seopress_titles_desc":"","_seopress_robots_index":""},"product_brand":[3554],"product_cat":[1454,169,1475],"product_tag":[],"class_list":{"0":"post-624931","1":"product","2":"type-product","3":"status-publish","4":"has-post-thumbnail","6":"product_brand-stihl-de","7":"product_cat-andere-gerate","8":"product_cat-maschinen","9":"product_cat-staubsauger","10":"sws-gruppo-macchinari-de","11":"sws-conto-ricavi-merci-rivendita-macchinari-de","12":"sws-gruppo-iva-iva81-de","14":"first","15":"instock","16":"shipping-taxable","17":"purchasable","18":"product-type-simple"},"_links":{"self":[{"href":"https:\/\/lucacastelli.com\/de\/wp-json\/wp\/v2\/product\/624931","targetHints":{"allow":["GET"]}}],"collection":[{"href":"https:\/\/lucacastelli.com\/de\/wp-json\/wp\/v2\/product"}],"about":[{"href":"https:\/\/lucacastelli.com\/de\/wp-json\/wp\/v2\/types\/product"}],"wp:featuredmedia":[{"embeddable":true,"href":"https:\/\/lucacastelli.com\/de\/wp-json\/wp\/v2\/media\/623741"}],"wp:attachment":[{"href":"https:\/\/lucacastelli.com\/de\/wp-json\/wp\/v2\/media?parent=624931"}],"wp:term":[{"taxonomy":"product_brand","embeddable":true,"href":"https:\/\/lucacastelli.com\/de\/wp-json\/wp\/v2\/product_brand?post=624931"},{"taxonomy":"product_cat","embeddable":true,"href":"https:\/\/lucacastelli.com\/de\/wp-json\/wp\/v2\/product_cat?post=624931"},{"taxonomy":"product_tag","embeddable":true,"href":"https:\/\/lucacastelli.com\/de\/wp-json\/wp\/v2\/product_tag?post=624931"}],"curies":[{"name":"wp","href":"https:\/\/api.w.org\/{rel}","templated":true}]}}