{"id":624927,"date":"2025-08-20T23:12:45","date_gmt":"2025-08-20T21:12:45","guid":{"rendered":"https:\/\/lucacastelli.com\/prodotto\/fjaellraeven-high-coast-totepack-3\/"},"modified":"2025-12-01T14:46:21","modified_gmt":"2025-12-01T13:46:21","slug":"fjaellraeven-high-coast-totepack-3","status":"publish","type":"product","link":"https:\/\/lucacastelli.com\/de\/produkt\/fjaellraeven-high-coast-totepack-3\/","title":{"rendered":"Fj\u00e4llr\u00e4ven High Coast Totepack"},"content":{"rendered":"<p>Vielseitig, leicht und praktisch: Der High Coast Totepack ist der perfekte Begleiter f\u00fcr den Alltag und die Reise, ob in der Stadt oder auf leichten Ausfl\u00fcgen. Du kannst ihn \u00fcber der Schulter, in der Hand oder auf dem R\u00fccken tragen. Das Hauptfach hat ein Computerfach mit gepolstertem Boden und eine kleine Rei\u00dfverschlusstasche. Wenn er nicht gebraucht wird, kann der gesamte Rucksack in die Vordertasche gefaltet werden. Der Au\u00dfenstoff ist zwar wasserdicht, aber die Rei\u00dfverschl\u00fcsse und N\u00e4hte sind es nicht, sodass der Rucksack zwar Regen und Spritzern standh\u00e4lt, aber nicht komplett wasserdicht ist.    <\/p>\n<p>&nbsp;<\/p>\n<p>&nbsp;<\/p>\n","protected":false},"excerpt":{"rendered":"<p>Vielseitig, leicht und praktisch: Der High Coast Totepack ist der perfekte Begleiter f\u00fcr den Alltag und die Reise, ob in<\/p>\n","protected":false},"featured_media":623893,"template":"","meta":{"_seopress_robots_primary_cat":"none","_seopress_titles_title":"","_seopress_titles_desc":"","_seopress_robots_index":""},"product_brand":[5672],"product_cat":[33,211,212],"product_tag":[],"class_list":{"0":"post-624927","1":"product","2":"type-product","3":"status-publish","4":"has-post-thumbnail","6":"product_brand-fjallraven","7":"product_cat-attrezzature","8":"product_cat-attrezzatura-per-il-tempo-libero","9":"product_cat-altro","10":"sws-gruppo-abb-libero-de","11":"sws-categoria-sito-de","12":"sws-conto-ricavi-merci-rivendita-abbigliamento-de","13":"sws-gruppo-iva-iva81-de","15":"first","16":"instock","17":"shipping-taxable","18":"purchasable","19":"product-type-variable","20":"has-default-attributes"},"_links":{"self":[{"href":"https:\/\/lucacastelli.com\/de\/wp-json\/wp\/v2\/product\/624927","targetHints":{"allow":["GET"]}}],"collection":[{"href":"https:\/\/lucacastelli.com\/de\/wp-json\/wp\/v2\/product"}],"about":[{"href":"https:\/\/lucacastelli.com\/de\/wp-json\/wp\/v2\/types\/product"}],"wp:featuredmedia":[{"embeddable":true,"href":"https:\/\/lucacastelli.com\/de\/wp-json\/wp\/v2\/media\/623893"}],"wp:attachment":[{"href":"https:\/\/lucacastelli.com\/de\/wp-json\/wp\/v2\/media?parent=624927"}],"wp:term":[{"taxonomy":"product_brand","embeddable":true,"href":"https:\/\/lucacastelli.com\/de\/wp-json\/wp\/v2\/product_brand?post=624927"},{"taxonomy":"product_cat","embeddable":true,"href":"https:\/\/lucacastelli.com\/de\/wp-json\/wp\/v2\/product_cat?post=624927"},{"taxonomy":"product_tag","embeddable":true,"href":"https:\/\/lucacastelli.com\/de\/wp-json\/wp\/v2\/product_tag?post=624927"}],"curies":[{"name":"wp","href":"https:\/\/api.w.org\/{rel}","templated":true}]}}