{"id":624687,"date":"2025-08-08T19:29:12","date_gmt":"2025-08-08T17:29:12","guid":{"rendered":"https:\/\/lucacastelli.com\/prodotto\/milwaukee-set-2-multimaterialboehren-8tlg\/"},"modified":"2025-08-08T19:29:12","modified_gmt":"2025-08-08T17:29:12","slug":"milwaukee-set-2-multimaterialboehren-8tlg","status":"publish","type":"product","link":"https:\/\/lucacastelli.com\/de\/produkt\/milwaukee-set-2-multimaterialboehren-8tlg\/","title":{"rendered":"Milwaukee SET 2 MULTIMATERIALB\u00d6HREN 8tlg."},"content":{"rendered":"<p>SET 2 MULTIMATERIALBOHRER 8 St\u00fcck<br \/>\nEntwickelt f\u00fcr die Verwendung mit Schlagschraubern und Bohrern\/Schraubendrehern;Hartmetallschneide (TCT) erm\u00f6glicht das Bohren in Beton, Ziegeln, Dachziegeln, Betonbl\u00f6cken, d\u00fcnnem Metall, mittelweichen Keramikfliesen, allen Arten von Holz und PVC;Wei\u00dfe Rille zur einfachen Identifizierung<\/p>\n<p>4932493872<br \/>\n4058546510329<\/p>\n","protected":false},"excerpt":{"rendered":"<p>SET 2 MULTIMATERIAL POINTS 8 pcs.<\/p>\n","protected":false},"featured_media":564590,"template":"","meta":{"_seopress_robots_primary_cat":"","_seopress_titles_title":"","_seopress_titles_desc":"","_seopress_robots_index":""},"product_brand":[3407],"product_cat":[29,514,550],"product_tag":[3270],"class_list":{"0":"post-624687","1":"product","2":"type-product","3":"status-publish","4":"has-post-thumbnail","6":"product_brand-milwaukee","7":"product_cat-macchinari","8":"product_cat-altri-dispositivi","9":"product_cat-accessori-per-trapani-ed-avvitatori","10":"product_tag-import-milwau","11":"sws-conto-ricavi-merci-rivendita-macchinari-de","12":"sws-gruppo-iva-iva81-de","14":"first","15":"onbackorder","16":"shipping-taxable","17":"purchasable","18":"product-type-simple"},"_links":{"self":[{"href":"https:\/\/lucacastelli.com\/de\/wp-json\/wp\/v2\/product\/624687","targetHints":{"allow":["GET"]}}],"collection":[{"href":"https:\/\/lucacastelli.com\/de\/wp-json\/wp\/v2\/product"}],"about":[{"href":"https:\/\/lucacastelli.com\/de\/wp-json\/wp\/v2\/types\/product"}],"wp:featuredmedia":[{"embeddable":true,"href":"https:\/\/lucacastelli.com\/de\/wp-json\/wp\/v2\/media\/564590"}],"wp:attachment":[{"href":"https:\/\/lucacastelli.com\/de\/wp-json\/wp\/v2\/media?parent=624687"}],"wp:term":[{"taxonomy":"product_brand","embeddable":true,"href":"https:\/\/lucacastelli.com\/de\/wp-json\/wp\/v2\/product_brand?post=624687"},{"taxonomy":"product_cat","embeddable":true,"href":"https:\/\/lucacastelli.com\/de\/wp-json\/wp\/v2\/product_cat?post=624687"},{"taxonomy":"product_tag","embeddable":true,"href":"https:\/\/lucacastelli.com\/de\/wp-json\/wp\/v2\/product_tag?post=624687"}],"curies":[{"name":"wp","href":"https:\/\/api.w.org\/{rel}","templated":true}]}}