{"id":624681,"date":"2025-08-08T19:29:11","date_gmt":"2025-08-08T17:29:11","guid":{"rendered":"https:\/\/lucacastelli.com\/prodotto\/milwaukee-10er-set-sds-plus-mx4-bohrer\/"},"modified":"2025-08-08T19:29:11","modified_gmt":"2025-08-08T17:29:11","slug":"milwaukee-10er-set-sds-plus-mx4-bohrer","status":"publish","type":"product","link":"https:\/\/lucacastelli.com\/de\/produkt\/milwaukee-10er-set-sds-plus-mx4-bohrer\/","title":{"rendered":"Milwaukee 10er-Set SDS-Plus MX4-Bohrer"},"content":{"rendered":"<p>SET 3 SDS-Plus MX4 BITTERS 10pcs<br \/>\nEinzigartiger 4-Schneiden-Hartmetallblock (4&#215;90\u00b0). F\u00fcr perfekt runde L\u00f6cher und eine optimale Verankerung.;Neues Schneidendesign f\u00fcr einfaches Bohren, h\u00f6here Pr\u00e4zision und mehr Leistung bei Bewehrungsst\u00e4ben.;Auf den Bohrerk\u00f6rper aufgeschwei\u00dfte Hartmetallschneide (5-10 mm) und auf den Bohrerk\u00f6rper aufgesetzte und aufgeschwei\u00dfte Hartmetallschneide (12-32 mm) f\u00fcr erh\u00f6hte Haltbarkeit.;4-Nuten-Geometrie: Die gro\u00dfvolumige 4-Helix-Geometrie garantiert eine optimale Staub- und Schuttabfuhr ;Zentrierspitze ;F\u00fcr einfaches Anbohren mit Millimetergenauigkeit.;PGM-zertifiziert;Made in Germany.<\/p>\n<p>4932492115<br \/>\n4058546414825<\/p>\n","protected":false},"excerpt":{"rendered":"<p>SET 3 SDS-Plus MX4 DRIVES 10pcs.<\/p>\n","protected":false},"featured_media":491422,"template":"","meta":{"_seopress_robots_primary_cat":"","_seopress_titles_title":"","_seopress_titles_desc":"","_seopress_robots_index":""},"product_brand":[3407],"product_cat":[29,514,550],"product_tag":[3270],"class_list":{"0":"post-624681","1":"product","2":"type-product","3":"status-publish","4":"has-post-thumbnail","6":"product_brand-milwaukee","7":"product_cat-macchinari","8":"product_cat-altri-dispositivi","9":"product_cat-accessori-per-trapani-ed-avvitatori","10":"product_tag-import-milwau","11":"sws-conto-ricavi-merci-rivendita-macchinari-de","12":"sws-gruppo-iva-iva81-de","14":"first","15":"onbackorder","16":"shipping-taxable","17":"purchasable","18":"product-type-simple"},"_links":{"self":[{"href":"https:\/\/lucacastelli.com\/de\/wp-json\/wp\/v2\/product\/624681","targetHints":{"allow":["GET"]}}],"collection":[{"href":"https:\/\/lucacastelli.com\/de\/wp-json\/wp\/v2\/product"}],"about":[{"href":"https:\/\/lucacastelli.com\/de\/wp-json\/wp\/v2\/types\/product"}],"wp:featuredmedia":[{"embeddable":true,"href":"https:\/\/lucacastelli.com\/de\/wp-json\/wp\/v2\/media\/491422"}],"wp:attachment":[{"href":"https:\/\/lucacastelli.com\/de\/wp-json\/wp\/v2\/media?parent=624681"}],"wp:term":[{"taxonomy":"product_brand","embeddable":true,"href":"https:\/\/lucacastelli.com\/de\/wp-json\/wp\/v2\/product_brand?post=624681"},{"taxonomy":"product_cat","embeddable":true,"href":"https:\/\/lucacastelli.com\/de\/wp-json\/wp\/v2\/product_cat?post=624681"},{"taxonomy":"product_tag","embeddable":true,"href":"https:\/\/lucacastelli.com\/de\/wp-json\/wp\/v2\/product_tag?post=624681"}],"curies":[{"name":"wp","href":"https:\/\/api.w.org\/{rel}","templated":true}]}}