{"id":624672,"date":"2025-08-08T19:29:08","date_gmt":"2025-08-08T17:29:08","guid":{"rendered":"https:\/\/lucacastelli.com\/prodotto\/milwaukee-set-2-von-5-sds-plus-mx4-bohrern\/"},"modified":"2025-08-08T19:29:08","modified_gmt":"2025-08-08T17:29:08","slug":"milwaukee-set-2-von-5-sds-plus-mx4-bohrern","status":"publish","type":"product","link":"https:\/\/lucacastelli.com\/de\/produkt\/milwaukee-set-2-von-5-sds-plus-mx4-bohrern\/","title":{"rendered":"Milwaukee Set 2 von 5 SDS-Plus MX4 Bohrern"},"content":{"rendered":"<p>SDS+ MX4 Set 2-5tlg.<br \/>\nEinzigartiger 4-Schneider-Hartmetallblock (4&#215;90\u00b0). F\u00fcr perfekt runde L\u00f6cher und optimale Verankerung;4-Nuten-Geometrie, sorgt f\u00fcr maximale Absaugung von Staub und Schutt;Zentrierspitze f\u00fcr einfache Zentrierung und maximale Lochgenauigkeit;Mehr Hartmetall f\u00fchrt zu l\u00e4ngerer Lebensdauer;4 Brechz\u00e4hne erzeugen Mikrobr\u00fcche im Beton, die die Geschwindigkeit erh\u00f6hen. Sie pulverisieren das Material effizienter. 20% schneller als die Konkurrenz;Seitliche Abschr\u00e4gung der Schneide f\u00fcr mehr Festigkeit in Stahlbeton. Diese Bohrer halten 4-mal l\u00e4nger als 2-Schneiden-Bohrer;Neues Schulterdesign, das sich zur Schneide hin verj\u00fcngt, um die Staubabsaugung zu verbessern, die Geschwindigkeit zu erh\u00f6hen und die Reibung zu minimieren. Bis zu 20 % mehr L\u00f6cher pro Ladung im Vergleich zu Wettbewerbern; Made in Germany     <\/p>\n<p>4932498298<br \/>\n4058546521677<\/p>\n","protected":false},"excerpt":{"rendered":"<p>SDS+ MX4 Satz 2-5tlg.<\/p>\n","protected":false},"featured_media":567056,"template":"","meta":{"_seopress_robots_primary_cat":"","_seopress_titles_title":"","_seopress_titles_desc":"","_seopress_robots_index":""},"product_brand":[3407],"product_cat":[29,514,550],"product_tag":[3270],"class_list":{"0":"post-624672","1":"product","2":"type-product","3":"status-publish","4":"has-post-thumbnail","6":"product_brand-milwaukee","7":"product_cat-macchinari","8":"product_cat-altri-dispositivi","9":"product_cat-accessori-per-trapani-ed-avvitatori","10":"product_tag-import-milwau","11":"sws-conto-ricavi-merci-rivendita-macchinari-de","12":"sws-gruppo-iva-iva81-de","14":"first","15":"onbackorder","16":"shipping-taxable","17":"purchasable","18":"product-type-simple"},"_links":{"self":[{"href":"https:\/\/lucacastelli.com\/de\/wp-json\/wp\/v2\/product\/624672","targetHints":{"allow":["GET"]}}],"collection":[{"href":"https:\/\/lucacastelli.com\/de\/wp-json\/wp\/v2\/product"}],"about":[{"href":"https:\/\/lucacastelli.com\/de\/wp-json\/wp\/v2\/types\/product"}],"wp:featuredmedia":[{"embeddable":true,"href":"https:\/\/lucacastelli.com\/de\/wp-json\/wp\/v2\/media\/567056"}],"wp:attachment":[{"href":"https:\/\/lucacastelli.com\/de\/wp-json\/wp\/v2\/media?parent=624672"}],"wp:term":[{"taxonomy":"product_brand","embeddable":true,"href":"https:\/\/lucacastelli.com\/de\/wp-json\/wp\/v2\/product_brand?post=624672"},{"taxonomy":"product_cat","embeddable":true,"href":"https:\/\/lucacastelli.com\/de\/wp-json\/wp\/v2\/product_cat?post=624672"},{"taxonomy":"product_tag","embeddable":true,"href":"https:\/\/lucacastelli.com\/de\/wp-json\/wp\/v2\/product_tag?post=624672"}],"curies":[{"name":"wp","href":"https:\/\/api.w.org\/{rel}","templated":true}]}}