{"id":624664,"date":"2025-08-08T19:29:03","date_gmt":"2025-08-08T17:29:03","guid":{"rendered":"https:\/\/lucacastelli.com\/prodotto\/milwaukee-shockwave-schraubendreher-set-56tlg\/"},"modified":"2025-08-08T19:29:03","modified_gmt":"2025-08-08T17:29:03","slug":"milwaukee-shockwave-schraubendreher-set-56tlg","status":"publish","type":"product","link":"https:\/\/lucacastelli.com\/de\/produkt\/milwaukee-shockwave-schraubendreher-set-56tlg\/","title":{"rendered":"Milwaukee SHOCKWAVE\u2122 Schraubendreher Set 56tlg."},"content":{"rendered":"<p>SET 56pcs AVV. SHOCKWAVE<br \/>\nEntwickelt f\u00fcr die Verwendung mit Schlagschraubern. Dieses Zubeh\u00f6rsortiment ist nicht nur ideal f\u00fcr schwere Anwendungen, sondern bietet auch eine Komplettl\u00f6sung f\u00fcr die Befestigungsanforderungen der Benutzer;Shock Zone Shockwave &#8211; entwickelt, um extrem flexibel zu sein;Die Shock Zone reduziert die Belastung des Bits, was zu weniger Br\u00fcchen f\u00fchrt. Die Kombination aus dem Shock Zone Design und der speziellen W\u00e4rmebehandlung macht den Bit extrem langlebig;Diese Reihe von Bits und magnetischen Befestigungselementen wird durch eine spezielle W\u00e4rmebehandlung des Stahls hergestellt. Dieser Prozess macht den Stahl noch h\u00e4rter als den S2-Stahl (der in den Standardversionen verwendet wird);Von Milwaukee entwickelter Spezialstahl mit einer besonderen Formel, die ihn widerstandsf\u00e4higer gegen Torsionsbelastungen macht   <\/p>\n<p>4932492006<br \/>\n4058546413736<\/p>\n","protected":false},"excerpt":{"rendered":"<p>SET 56pcs AVV. SHOCKWAVE<\/p>\n","protected":false},"featured_media":554710,"template":"","meta":{"_seopress_robots_primary_cat":"","_seopress_titles_title":"","_seopress_titles_desc":"","_seopress_robots_index":""},"product_brand":[3407],"product_cat":[29,514,550],"product_tag":[3270],"class_list":{"0":"post-624664","1":"product","2":"type-product","3":"status-publish","4":"has-post-thumbnail","6":"product_brand-milwaukee","7":"product_cat-macchinari","8":"product_cat-altri-dispositivi","9":"product_cat-accessori-per-trapani-ed-avvitatori","10":"product_tag-import-milwau","11":"sws-conto-ricavi-merci-rivendita-macchinari-de","12":"sws-gruppo-iva-iva81-de","14":"first","15":"onbackorder","16":"shipping-taxable","17":"purchasable","18":"product-type-simple"},"_links":{"self":[{"href":"https:\/\/lucacastelli.com\/de\/wp-json\/wp\/v2\/product\/624664","targetHints":{"allow":["GET"]}}],"collection":[{"href":"https:\/\/lucacastelli.com\/de\/wp-json\/wp\/v2\/product"}],"about":[{"href":"https:\/\/lucacastelli.com\/de\/wp-json\/wp\/v2\/types\/product"}],"wp:featuredmedia":[{"embeddable":true,"href":"https:\/\/lucacastelli.com\/de\/wp-json\/wp\/v2\/media\/554710"}],"wp:attachment":[{"href":"https:\/\/lucacastelli.com\/de\/wp-json\/wp\/v2\/media?parent=624664"}],"wp:term":[{"taxonomy":"product_brand","embeddable":true,"href":"https:\/\/lucacastelli.com\/de\/wp-json\/wp\/v2\/product_brand?post=624664"},{"taxonomy":"product_cat","embeddable":true,"href":"https:\/\/lucacastelli.com\/de\/wp-json\/wp\/v2\/product_cat?post=624664"},{"taxonomy":"product_tag","embeddable":true,"href":"https:\/\/lucacastelli.com\/de\/wp-json\/wp\/v2\/product_tag?post=624664"}],"curies":[{"name":"wp","href":"https:\/\/api.w.org\/{rel}","templated":true}]}}