{"id":624648,"date":"2025-08-08T19:00:18","date_gmt":"2025-08-08T17:00:18","guid":{"rendered":"https:\/\/lucacastelli.com\/prodotto\/milwaukee-faltbarer-sechskantschluessel-satz\/"},"modified":"2025-08-08T19:00:18","modified_gmt":"2025-08-08T17:00:18","slug":"milwaukee-faltbarer-sechskantschluessel-satz","status":"publish","type":"product","link":"https:\/\/lucacastelli.com\/de\/produkt\/milwaukee-faltbarer-sechskantschluessel-satz\/","title":{"rendered":"Milwaukee Faltbarer Sechskantschl\u00fcssel-Satz"},"content":{"rendered":"<p>FOLDING HEXAGONAL WITCH SET<br \/>\n8 klappbare Schraubenschl\u00fcssel f\u00fcr einfachen und sicheren Zugriff; kontrastreiche Gr\u00f6\u00dfen f\u00fcr eine schnelle und einfache Identifizierung; ergonomischer Griff f\u00fcr einen bequemen und sicheren Halt; Metallgeh\u00e4use f\u00fcr zus\u00e4tzliche Festigkeit; Sechskantgr\u00f6\u00dfen von 1,5 mm bis 8 mm<\/p>\n<p>4932480978<br \/>\n4058546412630<\/p>\n","protected":false},"excerpt":{"rendered":"<p>KLAPPBARER SECHSKANTSCHL\u00dcSSELSATZ<\/p>\n","protected":false},"featured_media":599691,"template":"","meta":{"_seopress_robots_primary_cat":"","_seopress_titles_title":"","_seopress_titles_desc":"","_seopress_robots_index":""},"product_brand":[3656],"product_cat":[150,5529],"product_tag":[3272],"class_list":{"0":"post-624648","1":"product","2":"type-product","3":"status-publish","4":"has-post-thumbnail","6":"product_brand-milwaukee-de","7":"product_cat-ausrustung","8":"product_cat-workshop-tools","9":"product_tag-import-milwau-de","10":"sws-conto-ricavi-merci-rivendita-macchinari-de","11":"sws-gruppo-iva-iva81-de","13":"first","14":"onbackorder","15":"sale","16":"shipping-taxable","17":"purchasable","18":"product-type-simple"},"_links":{"self":[{"href":"https:\/\/lucacastelli.com\/de\/wp-json\/wp\/v2\/product\/624648","targetHints":{"allow":["GET"]}}],"collection":[{"href":"https:\/\/lucacastelli.com\/de\/wp-json\/wp\/v2\/product"}],"about":[{"href":"https:\/\/lucacastelli.com\/de\/wp-json\/wp\/v2\/types\/product"}],"wp:featuredmedia":[{"embeddable":true,"href":"https:\/\/lucacastelli.com\/de\/wp-json\/wp\/v2\/media\/599691"}],"wp:attachment":[{"href":"https:\/\/lucacastelli.com\/de\/wp-json\/wp\/v2\/media?parent=624648"}],"wp:term":[{"taxonomy":"product_brand","embeddable":true,"href":"https:\/\/lucacastelli.com\/de\/wp-json\/wp\/v2\/product_brand?post=624648"},{"taxonomy":"product_cat","embeddable":true,"href":"https:\/\/lucacastelli.com\/de\/wp-json\/wp\/v2\/product_cat?post=624648"},{"taxonomy":"product_tag","embeddable":true,"href":"https:\/\/lucacastelli.com\/de\/wp-json\/wp\/v2\/product_tag?post=624648"}],"curies":[{"name":"wp","href":"https:\/\/api.w.org\/{rel}","templated":true}]}}