{"id":624642,"date":"2025-08-08T19:00:17","date_gmt":"2025-08-08T17:00:17","guid":{"rendered":"https:\/\/lucacastelli.com\/prodotto\/milwaukee-doppelmaulschluesselsatz-9-teilig\/"},"modified":"2025-08-08T19:00:17","modified_gmt":"2025-08-08T17:00:17","slug":"milwaukee-doppelmaulschluesselsatz-9-teilig","status":"publish","type":"product","link":"https:\/\/lucacastelli.com\/de\/produkt\/milwaukee-doppelmaulschluesselsatz-9-teilig\/","title":{"rendered":"Milwaukee Doppelmaulschl\u00fcsselsatz &#8211; 9-teilig"},"content":{"rendered":"<p>MOD VUOT POL DOUBLE CURVE WRENCH SET 9PZ<br \/>\nHochwertige, strapazierf\u00e4hige Schaumstoffeins\u00e4tze f\u00fcr die ordentliche Platzierung von Werkzeugen in Trolley-Schubladen;Laservorgestanzt f\u00fcr pr\u00e4zise Werkzeugplatzierung<\/p>\n<p>4932499087<br \/>\n4058546529567<\/p>\n","protected":false},"excerpt":{"rendered":"<p>MOD VUOT DOPPELT GEKR\u00dcMMTER POLSCHL\u00dcSSELSATZ 9TLG.<\/p>\n","protected":false},"featured_media":599690,"template":"","meta":{"_seopress_robots_primary_cat":"","_seopress_titles_title":"","_seopress_titles_desc":"","_seopress_robots_index":""},"product_brand":[3407],"product_cat":[5416,33],"product_tag":[3270],"class_list":{"0":"post-624642","1":"product","2":"type-product","3":"status-publish","4":"has-post-thumbnail","6":"product_brand-milwaukee","7":"product_cat-utensili-per-officina","8":"product_cat-attrezzature","9":"product_tag-import-milwau","10":"sws-conto-ricavi-merci-rivendita-macchinari-de","11":"sws-gruppo-iva-iva81-de","13":"first","14":"onbackorder","15":"sale","16":"shipping-taxable","17":"purchasable","18":"product-type-simple"},"_links":{"self":[{"href":"https:\/\/lucacastelli.com\/de\/wp-json\/wp\/v2\/product\/624642","targetHints":{"allow":["GET"]}}],"collection":[{"href":"https:\/\/lucacastelli.com\/de\/wp-json\/wp\/v2\/product"}],"about":[{"href":"https:\/\/lucacastelli.com\/de\/wp-json\/wp\/v2\/types\/product"}],"wp:featuredmedia":[{"embeddable":true,"href":"https:\/\/lucacastelli.com\/de\/wp-json\/wp\/v2\/media\/599690"}],"wp:attachment":[{"href":"https:\/\/lucacastelli.com\/de\/wp-json\/wp\/v2\/media?parent=624642"}],"wp:term":[{"taxonomy":"product_brand","embeddable":true,"href":"https:\/\/lucacastelli.com\/de\/wp-json\/wp\/v2\/product_brand?post=624642"},{"taxonomy":"product_cat","embeddable":true,"href":"https:\/\/lucacastelli.com\/de\/wp-json\/wp\/v2\/product_cat?post=624642"},{"taxonomy":"product_tag","embeddable":true,"href":"https:\/\/lucacastelli.com\/de\/wp-json\/wp\/v2\/product_tag?post=624642"}],"curies":[{"name":"wp","href":"https:\/\/api.w.org\/{rel}","templated":true}]}}