{"id":624610,"date":"2025-08-08T17:47:41","date_gmt":"2025-08-08T15:47:41","guid":{"rendered":"https:\/\/lucacastelli.com\/prodotto\/milwaukee-plotter-3\/"},"modified":"2025-12-23T12:32:33","modified_gmt":"2025-12-23T11:32:33","slug":"milwaukee-plotter-3","status":"publish","type":"product","link":"https:\/\/lucacastelli.com\/de\/produkt\/milwaukee-plotter-3\/","title":{"rendered":"Milwaukee Plotter"},"content":{"rendered":"<p>30 M TRACKER<br \/>\n2 mm dickes Lanyard f\u00fcr maximale Sichtbarkeit;Planetengetriebesystem f\u00fcr h\u00f6here Haltbarkeit;6:1 Wickelkapazit\u00e4t, erm\u00f6glicht es dem Benutzer, mehr Linien zu markieren, was die Produktivit\u00e4t erh\u00f6ht;Beste Kapazit\u00e4t mit 510g (30 m) und 680g (45 m);Leicht zu \u00f6ffnen, mit einem gro\u00dfen Einlass f\u00fcr einfaches Aufladen;Einfaches Befestigen des Lanyards dank des Befestigungsrings<\/p>\n<p>4932471634<br \/>\n4058546295332<\/p>\n","protected":false},"excerpt":{"rendered":"<p>30 M TRACKER<\/p>\n","protected":false},"featured_media":537456,"template":"","meta":{"_seopress_robots_primary_cat":"","_seopress_titles_title":"","_seopress_titles_desc":"","_seopress_robots_index":""},"product_brand":[3407],"product_cat":[29,514,551],"product_tag":[3270],"class_list":{"0":"post-624610","1":"product","2":"type-product","3":"status-publish","4":"has-post-thumbnail","6":"product_brand-milwaukee","7":"product_cat-macchinari","8":"product_cat-altri-dispositivi","9":"product_cat-apparecchi-di-misurazione","10":"product_tag-import-milwau","11":"sws-conto-ricavi-merci-rivendita-macchinari-de","12":"sws-gruppo-iva-iva81-de","14":"first","15":"onbackorder","16":"sale","17":"shipping-taxable","18":"purchasable","19":"product-type-simple"},"_links":{"self":[{"href":"https:\/\/lucacastelli.com\/de\/wp-json\/wp\/v2\/product\/624610","targetHints":{"allow":["GET"]}}],"collection":[{"href":"https:\/\/lucacastelli.com\/de\/wp-json\/wp\/v2\/product"}],"about":[{"href":"https:\/\/lucacastelli.com\/de\/wp-json\/wp\/v2\/types\/product"}],"wp:featuredmedia":[{"embeddable":true,"href":"https:\/\/lucacastelli.com\/de\/wp-json\/wp\/v2\/media\/537456"}],"wp:attachment":[{"href":"https:\/\/lucacastelli.com\/de\/wp-json\/wp\/v2\/media?parent=624610"}],"wp:term":[{"taxonomy":"product_brand","embeddable":true,"href":"https:\/\/lucacastelli.com\/de\/wp-json\/wp\/v2\/product_brand?post=624610"},{"taxonomy":"product_cat","embeddable":true,"href":"https:\/\/lucacastelli.com\/de\/wp-json\/wp\/v2\/product_cat?post=624610"},{"taxonomy":"product_tag","embeddable":true,"href":"https:\/\/lucacastelli.com\/de\/wp-json\/wp\/v2\/product_tag?post=624610"}],"curies":[{"name":"wp","href":"https:\/\/api.w.org\/{rel}","templated":true}]}}