{"id":624598,"date":"2025-08-08T17:47:34","date_gmt":"2025-08-08T15:47:34","guid":{"rendered":"https:\/\/lucacastelli.com\/prodotto\/milwaukee-baustellenstativ-16-m-fuer-laser\/"},"modified":"2025-12-23T12:32:38","modified_gmt":"2025-12-23T11:32:38","slug":"milwaukee-baustellenstativ-16-m-fuer-laser","status":"publish","type":"product","link":"https:\/\/lucacastelli.com\/de\/produkt\/milwaukee-baustellenstativ-16-m-fuer-laser\/","title":{"rendered":"Milwaukee Baustellenstativ 1,6 m f\u00fcr Laser"},"content":{"rendered":"<p>TRP160 \/ ZUBEH\u00d6R F\u00dcR LASER-NIVELLEN<br \/>\nBis zu 1,60 m Verl\u00e4ngerung f\u00fcr einfaches Aufstellen in den g\u00e4ngigsten Arbeitsh\u00f6hen; Aluminiumrahmen und Stahlf\u00fc\u00dfe f\u00fcr den Einsatz unter allen Baustellenbedingungen; Verst\u00e4rkter Griff f\u00fcr Langlebigkeit;Schultergurt f\u00fcr bequemes, freih\u00e4ndiges Tragen beim Transport des Lasers;Standard-5\/8-Zoll-Gewinde, kompatibel mit allen Milwaukee M12\u2122-Rotationslasern und allen Milwaukee\u00ae-Lasern;Blase f\u00fcr schnelle und einfache Stativnivellierung<\/p>\n<p>4932493199<br \/>\n4058546480707<\/p>\n","protected":false},"excerpt":{"rendered":"<p>TRP160 \/NIVELLIERLASER-ZUBEH\u00d6R<\/p>\n","protected":false},"featured_media":561422,"template":"","meta":{"_seopress_robots_primary_cat":"","_seopress_titles_title":"","_seopress_titles_desc":"","_seopress_robots_index":""},"product_brand":[3407],"product_cat":[29,514,551],"product_tag":[3270],"class_list":{"0":"post-624598","1":"product","2":"type-product","3":"status-publish","4":"has-post-thumbnail","6":"product_brand-milwaukee","7":"product_cat-macchinari","8":"product_cat-altri-dispositivi","9":"product_cat-apparecchi-di-misurazione","10":"product_tag-import-milwau","11":"sws-conto-ricavi-merci-rivendita-macchinari-de","12":"sws-gruppo-iva-iva81-de","14":"first","15":"onbackorder","16":"sale","17":"shipping-taxable","18":"purchasable","19":"product-type-simple"},"_links":{"self":[{"href":"https:\/\/lucacastelli.com\/de\/wp-json\/wp\/v2\/product\/624598","targetHints":{"allow":["GET"]}}],"collection":[{"href":"https:\/\/lucacastelli.com\/de\/wp-json\/wp\/v2\/product"}],"about":[{"href":"https:\/\/lucacastelli.com\/de\/wp-json\/wp\/v2\/types\/product"}],"wp:featuredmedia":[{"embeddable":true,"href":"https:\/\/lucacastelli.com\/de\/wp-json\/wp\/v2\/media\/561422"}],"wp:attachment":[{"href":"https:\/\/lucacastelli.com\/de\/wp-json\/wp\/v2\/media?parent=624598"}],"wp:term":[{"taxonomy":"product_brand","embeddable":true,"href":"https:\/\/lucacastelli.com\/de\/wp-json\/wp\/v2\/product_brand?post=624598"},{"taxonomy":"product_cat","embeddable":true,"href":"https:\/\/lucacastelli.com\/de\/wp-json\/wp\/v2\/product_cat?post=624598"},{"taxonomy":"product_tag","embeddable":true,"href":"https:\/\/lucacastelli.com\/de\/wp-json\/wp\/v2\/product_tag?post=624598"}],"curies":[{"name":"wp","href":"https:\/\/api.w.org\/{rel}","templated":true}]}}