{"id":624592,"date":"2025-08-08T17:47:33","date_gmt":"2025-08-08T15:47:33","guid":{"rendered":"https:\/\/lucacastelli.com\/prodotto\/milwaukee-baustellenstativ-3-meter-fuer-laser\/"},"modified":"2025-12-23T12:32:38","modified_gmt":"2025-12-23T11:32:38","slug":"milwaukee-baustellenstativ-3-meter-fuer-laser","status":"publish","type":"product","link":"https:\/\/lucacastelli.com\/de\/produkt\/milwaukee-baustellenstativ-3-meter-fuer-laser\/","title":{"rendered":"Milwaukee Baustellenstativ 3 Meter f\u00fcr Laser"},"content":{"rendered":"<p>TRP300 \/ LASER LEVEL ACCESSORIES<br \/>\nBis zu 2,95 m Ausziehbereich f\u00fcr die einfache Aufstellung in den meisten g\u00e4ngigen Arbeitsh\u00f6hen; gummierte Stiftf\u00fc\u00dfe, f\u00fcr maximale Konfigurationsvielfalt; 1.10 Meter Auszugsbereich, f\u00fcr die Mikroeinstellung des Lasers in der H\u00f6he;Schultergurt f\u00fcr bequemes, freih\u00e4ndiges Tragen beim Transport des Lasers;Standard 5\/8 Zoll Gewinde, kompatibel mit allen Rotationslasern und allen Milwaukee M12\u2122 Lasern;Verst\u00e4rkter Griff f\u00fcr Langlebigkeit;Aluminiumrahmen und Stahlf\u00fc\u00dfe f\u00fcr den Einsatz unter allen Baustellenbedingungen;Blase f\u00fcr die schnelle und einfache Nivellierung des Stativs<\/p>\n<p>4932493200<br \/>\n4058546480714<\/p>\n","protected":false},"excerpt":{"rendered":"<p>TRP300 \/NIVELLIERLASER ZUBEH\u00d6R<\/p>\n","protected":false},"featured_media":599562,"template":"","meta":{"_seopress_robots_primary_cat":"","_seopress_titles_title":"","_seopress_titles_desc":"","_seopress_robots_index":""},"product_brand":[3407],"product_cat":[29,514,551],"product_tag":[3270],"class_list":{"0":"post-624592","1":"product","2":"type-product","3":"status-publish","4":"has-post-thumbnail","6":"product_brand-milwaukee","7":"product_cat-macchinari","8":"product_cat-altri-dispositivi","9":"product_cat-apparecchi-di-misurazione","10":"product_tag-import-milwau","11":"sws-conto-ricavi-merci-rivendita-macchinari-de","12":"sws-gruppo-iva-iva81-de","14":"first","15":"onbackorder","16":"sale","17":"shipping-taxable","18":"purchasable","19":"product-type-simple"},"_links":{"self":[{"href":"https:\/\/lucacastelli.com\/de\/wp-json\/wp\/v2\/product\/624592","targetHints":{"allow":["GET"]}}],"collection":[{"href":"https:\/\/lucacastelli.com\/de\/wp-json\/wp\/v2\/product"}],"about":[{"href":"https:\/\/lucacastelli.com\/de\/wp-json\/wp\/v2\/types\/product"}],"wp:featuredmedia":[{"embeddable":true,"href":"https:\/\/lucacastelli.com\/de\/wp-json\/wp\/v2\/media\/599562"}],"wp:attachment":[{"href":"https:\/\/lucacastelli.com\/de\/wp-json\/wp\/v2\/media?parent=624592"}],"wp:term":[{"taxonomy":"product_brand","embeddable":true,"href":"https:\/\/lucacastelli.com\/de\/wp-json\/wp\/v2\/product_brand?post=624592"},{"taxonomy":"product_cat","embeddable":true,"href":"https:\/\/lucacastelli.com\/de\/wp-json\/wp\/v2\/product_cat?post=624592"},{"taxonomy":"product_tag","embeddable":true,"href":"https:\/\/lucacastelli.com\/de\/wp-json\/wp\/v2\/product_tag?post=624592"}],"curies":[{"name":"wp","href":"https:\/\/api.w.org\/{rel}","templated":true}]}}