{"id":624586,"date":"2025-08-08T17:47:32","date_gmt":"2025-08-08T15:47:32","guid":{"rendered":"https:\/\/lucacastelli.com\/prodotto\/milwaukee-laser-stativ-18-m\/"},"modified":"2025-12-23T12:32:38","modified_gmt":"2025-12-23T11:32:38","slug":"milwaukee-laser-stativ-18-m","status":"publish","type":"product","link":"https:\/\/lucacastelli.com\/de\/produkt\/milwaukee-laser-stativ-18-m\/","title":{"rendered":"Milwaukee Laser-Stativ 1,8 m"},"content":{"rendered":"<p>TRP180 \/LASER LEVELS pod<br \/>\nMilwaukee\u00ae-Stativ mit 1\/4\u02dd-Gewinde, ideal zum Einstellen der Projektionsh\u00f6he des horizontalen Strahls oder zum Anheben des Lasers;Einstellbare H\u00f6he von 72 cm bis 180 cm;Der Laser kann auch mit der 360\u00b0-Halterung (nicht im Lieferumfang enthalten) an der Unterseite des Stativs befestigt werden, f\u00fcr Anwendungen in geringer H\u00f6he, wie z. B. die Installation von Steckdosen;Verstellbarer Kopf und abnehmbare Befestigungsplatte;Verst\u00e4rkte Komponenten in der Mittelstange f\u00fcr maximale Haltbarkeit;Leichte Aluminiumkonstruktion<\/p>\n<p>4932478106<br \/>\n4058546340391<\/p>\n","protected":false},"excerpt":{"rendered":"<p>TRP180 \/Levels LASER pod<\/p>\n","protected":false},"featured_media":599558,"template":"","meta":{"_seopress_robots_primary_cat":"","_seopress_titles_title":"","_seopress_titles_desc":"","_seopress_robots_index":""},"product_brand":[3407],"product_cat":[29,514,551],"product_tag":[3270],"class_list":{"0":"post-624586","1":"product","2":"type-product","3":"status-publish","4":"has-post-thumbnail","6":"product_brand-milwaukee","7":"product_cat-macchinari","8":"product_cat-altri-dispositivi","9":"product_cat-apparecchi-di-misurazione","10":"product_tag-import-milwau","11":"sws-conto-ricavi-merci-rivendita-macchinari-de","12":"sws-gruppo-iva-iva81-de","14":"first","15":"onbackorder","16":"sale","17":"shipping-taxable","18":"purchasable","19":"product-type-simple"},"_links":{"self":[{"href":"https:\/\/lucacastelli.com\/de\/wp-json\/wp\/v2\/product\/624586","targetHints":{"allow":["GET"]}}],"collection":[{"href":"https:\/\/lucacastelli.com\/de\/wp-json\/wp\/v2\/product"}],"about":[{"href":"https:\/\/lucacastelli.com\/de\/wp-json\/wp\/v2\/types\/product"}],"wp:featuredmedia":[{"embeddable":true,"href":"https:\/\/lucacastelli.com\/de\/wp-json\/wp\/v2\/media\/599558"}],"wp:attachment":[{"href":"https:\/\/lucacastelli.com\/de\/wp-json\/wp\/v2\/media?parent=624586"}],"wp:term":[{"taxonomy":"product_brand","embeddable":true,"href":"https:\/\/lucacastelli.com\/de\/wp-json\/wp\/v2\/product_brand?post=624586"},{"taxonomy":"product_cat","embeddable":true,"href":"https:\/\/lucacastelli.com\/de\/wp-json\/wp\/v2\/product_cat?post=624586"},{"taxonomy":"product_tag","embeddable":true,"href":"https:\/\/lucacastelli.com\/de\/wp-json\/wp\/v2\/product_tag?post=624586"}],"curies":[{"name":"wp","href":"https:\/\/api.w.org\/{rel}","templated":true}]}}