{"id":624580,"date":"2025-08-08T17:47:30","date_gmt":"2025-08-08T15:47:30","guid":{"rendered":"https:\/\/lucacastelli.com\/prodotto\/milwaukee-laser-stativ-12-m\/"},"modified":"2025-12-23T12:32:45","modified_gmt":"2025-12-23T11:32:45","slug":"milwaukee-laser-stativ-12-m","status":"publish","type":"product","link":"https:\/\/lucacastelli.com\/de\/produkt\/milwaukee-laser-stativ-12-m\/","title":{"rendered":"Milwaukee Laser-Stativ 1,2 m"},"content":{"rendered":"<p>1.2 Meter Stativ<br \/>\nDas Milwaukee\u00ae Compact Laser Stativ mit 1\/4\u02dd-Gewinde und flachem Kopfdesign ist ideal, um die Projektionsh\u00f6he des horizontalen Strahls einzustellen oder den Laser anzuheben;Einstellbare H\u00f6he von 47 cm bis 120 cm;29 cm Anhebung f\u00fcr pr\u00e4zise H\u00f6heneinstellung;Der Laser kann auch mit der 360\u00b0-Halterung (nicht im Lieferumfang enthalten) an der Unterseite des Stativs befestigt werden, f\u00fcr Anwendungen in geringer H\u00f6he, z. B. bei der Installation von Steckdosen;Leichtes, aluminiumverst\u00e4rktes Stativ f\u00fcr maximale Haltbarkeit<\/p>\n<p>4932478959<br \/>\n4058546362416<\/p>\n","protected":false},"excerpt":{"rendered":"<p>1,2 Meter Stativ<\/p>\n","protected":false},"featured_media":542534,"template":"","meta":{"_seopress_robots_primary_cat":"","_seopress_titles_title":"","_seopress_titles_desc":"","_seopress_robots_index":""},"product_brand":[3656],"product_cat":[1454,169,1470],"product_tag":[3272],"class_list":{"0":"post-624580","1":"product","2":"type-product","3":"status-publish","4":"has-post-thumbnail","6":"product_brand-milwaukee-de","7":"product_cat-andere-gerate","8":"product_cat-maschinen","9":"product_cat-messgerate","10":"product_tag-import-milwau-de","11":"sws-conto-ricavi-merci-rivendita-macchinari-de","12":"sws-gruppo-iva-iva81-de","14":"first","15":"onbackorder","16":"sale","17":"shipping-taxable","18":"purchasable","19":"product-type-simple"},"_links":{"self":[{"href":"https:\/\/lucacastelli.com\/de\/wp-json\/wp\/v2\/product\/624580","targetHints":{"allow":["GET"]}}],"collection":[{"href":"https:\/\/lucacastelli.com\/de\/wp-json\/wp\/v2\/product"}],"about":[{"href":"https:\/\/lucacastelli.com\/de\/wp-json\/wp\/v2\/types\/product"}],"wp:featuredmedia":[{"embeddable":true,"href":"https:\/\/lucacastelli.com\/de\/wp-json\/wp\/v2\/media\/542534"}],"wp:attachment":[{"href":"https:\/\/lucacastelli.com\/de\/wp-json\/wp\/v2\/media?parent=624580"}],"wp:term":[{"taxonomy":"product_brand","embeddable":true,"href":"https:\/\/lucacastelli.com\/de\/wp-json\/wp\/v2\/product_brand?post=624580"},{"taxonomy":"product_cat","embeddable":true,"href":"https:\/\/lucacastelli.com\/de\/wp-json\/wp\/v2\/product_cat?post=624580"},{"taxonomy":"product_tag","embeddable":true,"href":"https:\/\/lucacastelli.com\/de\/wp-json\/wp\/v2\/product_tag?post=624580"}],"curies":[{"name":"wp","href":"https:\/\/api.w.org\/{rel}","templated":true}]}}