{"id":624578,"date":"2025-08-08T17:45:50","date_gmt":"2025-08-08T15:45:50","guid":{"rendered":"https:\/\/lucacastelli.com\/prodotto\/milwaukee-pex-groesse\/"},"modified":"2025-12-23T12:32:45","modified_gmt":"2025-12-23T11:32:45","slug":"milwaukee-pex-groesse","status":"publish","type":"product","link":"https:\/\/lucacastelli.com\/de\/produkt\/milwaukee-pex-groesse\/","title":{"rendered":"Milwaukee PEX Gr\u00f6\u00dfe"},"content":{"rendered":"<p>Kunststoffschneider<br \/>\nGeeignet f\u00fcr verschiedene Materialien wie PEX, PB, MDP, PE, elektrische Kunststoffschl\u00e4uche, Pneumatikschl\u00e4uche, Gummischl\u00e4uche, Silikonschl\u00e4uche mit einem Durchmesser von bis zu 25 mm;V-f\u00f6rmiges Klingendesign erm\u00f6glicht schnelle, gerade Schnitte, ohne das Material zu besch\u00e4digen;Austauschbare Klinge aus rostfreiem Stahl;Robuste Metallkonstruktion;Einhand-Verriegelungsmechanismus;Korrosionsbest\u00e4ndiger Kopf<\/p>\n<p>4932479407<br \/>\n4058546372019<\/p>\n","protected":false},"excerpt":{"rendered":"<p>Plastikschneider<\/p>\n","protected":false},"featured_media":543685,"template":"","meta":{"_seopress_robots_primary_cat":"","_seopress_titles_title":"","_seopress_titles_desc":"","_seopress_robots_index":""},"product_brand":[3407],"product_cat":[5416,33],"product_tag":[3270],"class_list":{"0":"post-624578","1":"product","2":"type-product","3":"status-publish","4":"has-post-thumbnail","6":"product_brand-milwaukee","7":"product_cat-utensili-per-officina","8":"product_cat-attrezzature","9":"product_tag-import-milwau","10":"sws-conto-ricavi-merci-rivendita-macchinari-de","11":"sws-gruppo-iva-iva81-de","13":"first","14":"onbackorder","15":"sale","16":"shipping-taxable","17":"purchasable","18":"product-type-simple"},"_links":{"self":[{"href":"https:\/\/lucacastelli.com\/de\/wp-json\/wp\/v2\/product\/624578","targetHints":{"allow":["GET"]}}],"collection":[{"href":"https:\/\/lucacastelli.com\/de\/wp-json\/wp\/v2\/product"}],"about":[{"href":"https:\/\/lucacastelli.com\/de\/wp-json\/wp\/v2\/types\/product"}],"wp:featuredmedia":[{"embeddable":true,"href":"https:\/\/lucacastelli.com\/de\/wp-json\/wp\/v2\/media\/543685"}],"wp:attachment":[{"href":"https:\/\/lucacastelli.com\/de\/wp-json\/wp\/v2\/media?parent=624578"}],"wp:term":[{"taxonomy":"product_brand","embeddable":true,"href":"https:\/\/lucacastelli.com\/de\/wp-json\/wp\/v2\/product_brand?post=624578"},{"taxonomy":"product_cat","embeddable":true,"href":"https:\/\/lucacastelli.com\/de\/wp-json\/wp\/v2\/product_cat?post=624578"},{"taxonomy":"product_tag","embeddable":true,"href":"https:\/\/lucacastelli.com\/de\/wp-json\/wp\/v2\/product_tag?post=624578"}],"curies":[{"name":"wp","href":"https:\/\/api.w.org\/{rel}","templated":true}]}}