{"id":624571,"date":"2025-08-08T17:45:44","date_gmt":"2025-08-08T15:45:44","guid":{"rendered":"https:\/\/lucacastelli.com\/prodotto\/milwaukee-rohrschneider-7\/"},"modified":"2025-12-23T12:32:45","modified_gmt":"2025-12-23T11:32:45","slug":"milwaukee-rohrschneider-7","status":"publish","type":"product","link":"https:\/\/lucacastelli.com\/de\/produkt\/milwaukee-rohrschneider-7\/","title":{"rendered":"MILWAUKEE Rohrschneider"},"content":{"rendered":"<p>Constant Swing Inox Rohrschneider 29mm<br \/>\nVerchromte stabilisierende Rollenf\u00fchrung 4 f\u00fcr pr\u00e4zise Schnitte; Constant Swing Design f\u00fcr gerade, hochwertige Schnitte; Leicht zu bedienender Verriegelungsmechanismus; Geeignet f\u00fcr Edelstahlrohrst\u00fccke<\/p>\n<p>4932499088<br \/>\n4058546529574<\/p>\n","protected":false},"excerpt":{"rendered":"<p>Constant Swing Inox Rohrschneider 29mm<\/p>\n","protected":false},"featured_media":589343,"template":"","meta":{"_seopress_robots_primary_cat":"","_seopress_titles_title":"","_seopress_titles_desc":"","_seopress_robots_index":""},"product_brand":[3407],"product_cat":[5416,33],"product_tag":[3270],"class_list":{"0":"post-624571","1":"product","2":"type-product","3":"status-publish","4":"has-post-thumbnail","6":"product_brand-milwaukee","7":"product_cat-utensili-per-officina","8":"product_cat-attrezzature","9":"product_tag-import-milwau","10":"sws-conto-ricavi-merci-rivendita-macchinari-de","11":"sws-gruppo-iva-iva81-de","13":"first","14":"onbackorder","15":"sale","16":"shipping-taxable","17":"purchasable","18":"product-type-simple"},"_links":{"self":[{"href":"https:\/\/lucacastelli.com\/de\/wp-json\/wp\/v2\/product\/624571","targetHints":{"allow":["GET"]}}],"collection":[{"href":"https:\/\/lucacastelli.com\/de\/wp-json\/wp\/v2\/product"}],"about":[{"href":"https:\/\/lucacastelli.com\/de\/wp-json\/wp\/v2\/types\/product"}],"wp:featuredmedia":[{"embeddable":true,"href":"https:\/\/lucacastelli.com\/de\/wp-json\/wp\/v2\/media\/589343"}],"wp:attachment":[{"href":"https:\/\/lucacastelli.com\/de\/wp-json\/wp\/v2\/media?parent=624571"}],"wp:term":[{"taxonomy":"product_brand","embeddable":true,"href":"https:\/\/lucacastelli.com\/de\/wp-json\/wp\/v2\/product_brand?post=624571"},{"taxonomy":"product_cat","embeddable":true,"href":"https:\/\/lucacastelli.com\/de\/wp-json\/wp\/v2\/product_cat?post=624571"},{"taxonomy":"product_tag","embeddable":true,"href":"https:\/\/lucacastelli.com\/de\/wp-json\/wp\/v2\/product_tag?post=624571"}],"curies":[{"name":"wp","href":"https:\/\/api.w.org\/{rel}","templated":true}]}}