{"id":624568,"date":"2025-08-08T17:45:42","date_gmt":"2025-08-08T15:45:42","guid":{"rendered":"https:\/\/lucacastelli.com\/prodotto\/milwaukee-bolzenschneider-2\/"},"modified":"2025-12-23T12:32:51","modified_gmt":"2025-12-23T11:32:51","slug":"milwaukee-bolzenschneider-2","status":"publish","type":"product","link":"https:\/\/lucacastelli.com\/de\/produkt\/milwaukee-bolzenschneider-2\/","title":{"rendered":"Milwaukee Bolzenschneider"},"content":{"rendered":"<p>610MM -1Stk.<br \/>\nGeschmiedete Stahlklingen f\u00fcr h\u00f6here Festigkeit und Haltbarkeit;Ergonomische Griffe f\u00fcr maximalen Komfort auch bei Serienanwendungen;Klingeneinstellschraube f\u00fcr hohe Leistung und lange Lebensdauer;Anordnung zur Sturzpr\u00e4vention Spitze<\/p>\n<p>4932464826<br \/>\n4058546227715<\/p>\n","protected":false},"excerpt":{"rendered":"<p>SCHRAUBENSCHRAUBEN 610MM -1St.<\/p>\n","protected":false},"featured_media":529816,"template":"","meta":{"_seopress_robots_primary_cat":"","_seopress_titles_title":"","_seopress_titles_desc":"","_seopress_robots_index":""},"product_brand":[3407],"product_cat":[5416,33],"product_tag":[3270],"class_list":{"0":"post-624568","1":"product","2":"type-product","3":"status-publish","4":"has-post-thumbnail","6":"product_brand-milwaukee","7":"product_cat-utensili-per-officina","8":"product_cat-attrezzature","9":"product_tag-import-milwau","10":"sws-conto-ricavi-merci-rivendita-macchinari-de","11":"sws-gruppo-iva-iva81-de","13":"first","14":"onbackorder","15":"sale","16":"shipping-taxable","17":"purchasable","18":"product-type-simple"},"_links":{"self":[{"href":"https:\/\/lucacastelli.com\/de\/wp-json\/wp\/v2\/product\/624568","targetHints":{"allow":["GET"]}}],"collection":[{"href":"https:\/\/lucacastelli.com\/de\/wp-json\/wp\/v2\/product"}],"about":[{"href":"https:\/\/lucacastelli.com\/de\/wp-json\/wp\/v2\/types\/product"}],"wp:featuredmedia":[{"embeddable":true,"href":"https:\/\/lucacastelli.com\/de\/wp-json\/wp\/v2\/media\/529816"}],"wp:attachment":[{"href":"https:\/\/lucacastelli.com\/de\/wp-json\/wp\/v2\/media?parent=624568"}],"wp:term":[{"taxonomy":"product_brand","embeddable":true,"href":"https:\/\/lucacastelli.com\/de\/wp-json\/wp\/v2\/product_brand?post=624568"},{"taxonomy":"product_cat","embeddable":true,"href":"https:\/\/lucacastelli.com\/de\/wp-json\/wp\/v2\/product_cat?post=624568"},{"taxonomy":"product_tag","embeddable":true,"href":"https:\/\/lucacastelli.com\/de\/wp-json\/wp\/v2\/product_tag?post=624568"}],"curies":[{"name":"wp","href":"https:\/\/api.w.org\/{rel}","templated":true}]}}