{"id":624555,"date":"2025-08-08T17:45:38","date_gmt":"2025-08-08T15:45:38","guid":{"rendered":"https:\/\/lucacastelli.com\/prodotto\/milwaukee-haken\/"},"modified":"2025-12-23T12:32:51","modified_gmt":"2025-12-23T11:32:51","slug":"milwaukee-haken","status":"publish","type":"product","link":"https:\/\/lucacastelli.com\/de\/produkt\/milwaukee-haken\/","title":{"rendered":"Milwaukee-Haken"},"content":{"rendered":"<p>SET 8 PZ-MESSER Nr. 3<br \/>\nHergestellt aus langlebigem Metall und verchromt f\u00fcr erh\u00f6hten Rostschutz;Das verchromte Metallteil reduziert Korrosion und bietet erh\u00f6hten Rostschutz;Der gummierte Griff erh\u00f6ht die Kontrolle und den Komfort bei der Anwendung;Geliefert in einem leicht zu \u00f6ffnenden Beh\u00e4lter<\/p>\n<p>4932480569<br \/>\n4058546408541<\/p>\n","protected":false},"excerpt":{"rendered":"<p>SATZ 8 ST\u00dcCK HAKEN NR. 3<\/p>\n","protected":false},"featured_media":483872,"template":"","meta":{"_seopress_robots_primary_cat":"","_seopress_titles_title":"","_seopress_titles_desc":"","_seopress_robots_index":""},"product_brand":[3407],"product_cat":[5416,33],"product_tag":[3270],"class_list":{"0":"post-624555","1":"product","2":"type-product","3":"status-publish","4":"has-post-thumbnail","6":"product_brand-milwaukee","7":"product_cat-utensili-per-officina","8":"product_cat-attrezzature","9":"product_tag-import-milwau","10":"sws-conto-ricavi-merci-rivendita-macchinari-de","11":"sws-gruppo-iva-iva81-de","13":"first","14":"onbackorder","15":"sale","16":"shipping-taxable","17":"purchasable","18":"product-type-simple"},"_links":{"self":[{"href":"https:\/\/lucacastelli.com\/de\/wp-json\/wp\/v2\/product\/624555","targetHints":{"allow":["GET"]}}],"collection":[{"href":"https:\/\/lucacastelli.com\/de\/wp-json\/wp\/v2\/product"}],"about":[{"href":"https:\/\/lucacastelli.com\/de\/wp-json\/wp\/v2\/types\/product"}],"wp:featuredmedia":[{"embeddable":true,"href":"https:\/\/lucacastelli.com\/de\/wp-json\/wp\/v2\/media\/483872"}],"wp:attachment":[{"href":"https:\/\/lucacastelli.com\/de\/wp-json\/wp\/v2\/media?parent=624555"}],"wp:term":[{"taxonomy":"product_brand","embeddable":true,"href":"https:\/\/lucacastelli.com\/de\/wp-json\/wp\/v2\/product_brand?post=624555"},{"taxonomy":"product_cat","embeddable":true,"href":"https:\/\/lucacastelli.com\/de\/wp-json\/wp\/v2\/product_cat?post=624555"},{"taxonomy":"product_tag","embeddable":true,"href":"https:\/\/lucacastelli.com\/de\/wp-json\/wp\/v2\/product_tag?post=624555"}],"curies":[{"name":"wp","href":"https:\/\/api.w.org\/{rel}","templated":true}]}}