{"id":624547,"date":"2025-08-08T17:38:03","date_gmt":"2025-08-08T15:38:03","guid":{"rendered":"https:\/\/lucacastelli.com\/prodotto\/milwaukee-m12-videoskop-fuer-die-automobilindustrie\/"},"modified":"2025-12-23T12:35:45","modified_gmt":"2025-12-23T11:35:45","slug":"milwaukee-m12-videoskop-fuer-die-automobilindustrie","status":"publish","type":"product","link":"https:\/\/lucacastelli.com\/de\/produkt\/milwaukee-m12-videoskop-fuer-die-automobilindustrie\/","title":{"rendered":"Milwaukee M12\u2122 Videoskop f\u00fcr die Automobilindustrie"},"content":{"rendered":"<p>M12 ATB-0C \/INSPEKTIONSKAMERAS<br \/>\nDer 4.3\u2033-LCD-Bildschirm liefert gestochen scharfe, klare Bilder und erm\u00f6glicht es dir, Objekte detaillierter zu sehen;5,0 mm Kameraausschnitt erm\u00f6glicht den Zugang zu engen Stellen wie Z\u00fcndkerzenl\u00f6chern, Einspritz\u00f6ffnungen und Zylindern;Duale Front- und Seitenkameras sorgen f\u00fcr die Erkennung von Rissen und anderen Problemen am Motor und anderen Bereichen des Fahrzeugs;Der um 270 Grad drehbare Bildschirm erm\u00f6glicht dem Nutzer eine reibungslose Bildkontrolle in jeder Nutzungsposition;720p-Kameraaufl\u00f6sung mit 3-stufigem Zoom erm\u00f6glicht es dir, dich klar und schnell auf interessante Punkte zu konzentrieren;5 Helligkeitsmodi sorgen f\u00fcr eine erstklassige Ausleuchtung ohne Schatten oder Blendung;das 0,9 Meter lange Kabel bietet genug Flexibilit\u00e4t, um auch in die engsten Bereiche des Fahrzeugs zu gelangen;die mitgelieferte 32-GB-Micro-SD-Karte erm\u00f6glicht es dir, Bilder und Videos aufzuzeichnen und zu speichern;der Kamerakopf und das Kabel entsprechen der Schutzklasse IP67 und halten auch den h\u00e4rtesten Bedingungen stand;der REDLITHIUM\u2122-Akku bietet eine fortschrittliche Akkukonstruktion f\u00fcr eine l\u00e4ngere Lebensdauer und gleichbleibende Leistung;funktioniert mit allen Milwaukee M12\u2122-Akkus<\/p>\n<p>4933493136<br \/>\n4058546480073<\/p>\n","protected":false},"excerpt":{"rendered":"<p>M12 ATB-0C \/INSPEKTIONSKAMERAS<\/p>\n","protected":false},"featured_media":584783,"template":"","meta":{"_seopress_robots_primary_cat":"","_seopress_titles_title":"","_seopress_titles_desc":"","_seopress_robots_index":""},"product_brand":[3656],"product_cat":[5534,169,1454],"product_tag":[3272],"class_list":{"0":"post-624547","1":"product","2":"type-product","3":"status-publish","4":"has-post-thumbnail","6":"product_brand-milwaukee-de","7":"product_cat-verschiedene-maschinen-von-milwaukee","8":"product_cat-maschinen","9":"product_cat-andere-gerate","10":"product_tag-import-milwau-de","11":"sws-conto-ricavi-merci-rivendita-macchinari-de","12":"sws-gruppo-iva-iva81-de","14":"first","15":"onbackorder","16":"sale","17":"shipping-taxable","18":"purchasable","19":"product-type-simple"},"_links":{"self":[{"href":"https:\/\/lucacastelli.com\/de\/wp-json\/wp\/v2\/product\/624547","targetHints":{"allow":["GET"]}}],"collection":[{"href":"https:\/\/lucacastelli.com\/de\/wp-json\/wp\/v2\/product"}],"about":[{"href":"https:\/\/lucacastelli.com\/de\/wp-json\/wp\/v2\/types\/product"}],"wp:featuredmedia":[{"embeddable":true,"href":"https:\/\/lucacastelli.com\/de\/wp-json\/wp\/v2\/media\/584783"}],"wp:attachment":[{"href":"https:\/\/lucacastelli.com\/de\/wp-json\/wp\/v2\/media?parent=624547"}],"wp:term":[{"taxonomy":"product_brand","embeddable":true,"href":"https:\/\/lucacastelli.com\/de\/wp-json\/wp\/v2\/product_brand?post=624547"},{"taxonomy":"product_cat","embeddable":true,"href":"https:\/\/lucacastelli.com\/de\/wp-json\/wp\/v2\/product_cat?post=624547"},{"taxonomy":"product_tag","embeddable":true,"href":"https:\/\/lucacastelli.com\/de\/wp-json\/wp\/v2\/product_tag?post=624547"}],"curies":[{"name":"wp","href":"https:\/\/api.w.org\/{rel}","templated":true}]}}