{"id":624542,"date":"2025-08-08T17:38:05","date_gmt":"2025-08-08T15:38:05","guid":{"rendered":"https:\/\/lucacastelli.com\/prodotto\/milwaukee-absauganlagen\/"},"modified":"2025-12-23T12:35:45","modified_gmt":"2025-12-23T11:35:45","slug":"milwaukee-absauganlagen","status":"publish","type":"product","link":"https:\/\/lucacastelli.com\/de\/produkt\/milwaukee-absauganlagen\/","title":{"rendered":"MILWAUKEE Absauganlagen"},"content":{"rendered":"<p>M18FDDEC-0 BTY.-SUCKER<br \/>\nHEPA-Filter mit 99,75 % Staubabscheidungseffizienz (Partikel kleiner als 0,3 Mikrometer);Gro\u00dfer Staubsammeltank;Aluminium-Staubabsaugrohr ist auf die Gr\u00f6\u00dfe der Bohrmaschine einstellbar, mit einer maximalen L\u00e4nge von 16 mm und einer Tiefe von 90 mm;Kompatibel mit der M18 FHAC16-Bohrmaschine;Funktioniert mit allen M18\u2122 Milwaukee\u00ae-Akkus<\/p>\n<p>4933498587<br \/>\n4058546524562<\/p>\n","protected":false},"excerpt":{"rendered":"<p>M18FDDEC-0 BTY.-SUCKER<\/p>\n","protected":false},"featured_media":589163,"template":"","meta":{"_seopress_robots_primary_cat":"","_seopress_titles_title":"","_seopress_titles_desc":"","_seopress_robots_index":""},"product_brand":[3656],"product_cat":[1454,169,5534],"product_tag":[3272],"class_list":{"0":"post-624542","1":"product","2":"type-product","3":"status-publish","4":"has-post-thumbnail","6":"product_brand-milwaukee-de","7":"product_cat-andere-gerate","8":"product_cat-maschinen","9":"product_cat-verschiedene-maschinen-von-milwaukee","10":"product_tag-import-milwau-de","11":"sws-conto-ricavi-merci-rivendita-macchinari-de","12":"sws-gruppo-iva-iva81-de","14":"first","15":"onbackorder","16":"sale","17":"shipping-taxable","18":"purchasable","19":"product-type-simple"},"_links":{"self":[{"href":"https:\/\/lucacastelli.com\/de\/wp-json\/wp\/v2\/product\/624542","targetHints":{"allow":["GET"]}}],"collection":[{"href":"https:\/\/lucacastelli.com\/de\/wp-json\/wp\/v2\/product"}],"about":[{"href":"https:\/\/lucacastelli.com\/de\/wp-json\/wp\/v2\/types\/product"}],"wp:featuredmedia":[{"embeddable":true,"href":"https:\/\/lucacastelli.com\/de\/wp-json\/wp\/v2\/media\/589163"}],"wp:attachment":[{"href":"https:\/\/lucacastelli.com\/de\/wp-json\/wp\/v2\/media?parent=624542"}],"wp:term":[{"taxonomy":"product_brand","embeddable":true,"href":"https:\/\/lucacastelli.com\/de\/wp-json\/wp\/v2\/product_brand?post=624542"},{"taxonomy":"product_cat","embeddable":true,"href":"https:\/\/lucacastelli.com\/de\/wp-json\/wp\/v2\/product_cat?post=624542"},{"taxonomy":"product_tag","embeddable":true,"href":"https:\/\/lucacastelli.com\/de\/wp-json\/wp\/v2\/product_tag?post=624542"}],"curies":[{"name":"wp","href":"https:\/\/api.w.org\/{rel}","templated":true}]}}