{"id":624541,"date":"2025-08-08T17:38:02","date_gmt":"2025-08-08T15:38:02","guid":{"rendered":"https:\/\/lucacastelli.com\/prodotto\/milwaukee-vibro-stampfer\/"},"modified":"2025-12-23T12:35:45","modified_gmt":"2025-12-23T11:35:45","slug":"milwaukee-vibro-stampfer","status":"publish","type":"product","link":"https:\/\/lucacastelli.com\/de\/produkt\/milwaukee-vibro-stampfer\/","title":{"rendered":"Milwaukee Vibro-Stampfer"},"content":{"rendered":"<p>MXFRAM60-122 MX FUEL RAMMER<br \/>\nSchnurloser Stampfer: vermeidet giftige Emissionen und Abgase im Graben;Gleiche Sto\u00dfleistung f\u00fcr maximale Sicherheit des Anwenders;2 Geschwindigkeiten f\u00fcr maximale Kontrolle des Anwenders und zur Auswahl der am besten geeigneten Geschwindigkeit f\u00fcr mehr Effizienz;Einfache und intuitive Tasten, die vom Griff aus zug\u00e4nglich sind;Batterieladezustandsanzeige;Das MX FUEL System erm\u00f6glicht es dir, neue Horizonte in der schnurlosen Leistung von benzinbetriebenen, kabelgebundenen oder pneumatischen L\u00f6sungen und eliminiert die Gefahren, die mit Emissionen, L\u00e4rm, Vibrationen, Stolperfallen und komplexer Wartung verbunden sind;Das ONE-KEY\u2122 Tracking &amp; Security System bietet eine kostenlose, cloudbasierte Bestandsverfolgung und -verwaltung und verf\u00fcgt \u00fcber eine Fernsperrfunktion<\/p>\n<p>4933498159<br \/>\n4058546513191<\/p>\n","protected":false},"excerpt":{"rendered":"<p>MXFRAM60-122 MX FUEL RAMMER<\/p>\n","protected":false},"featured_media":589020,"template":"","meta":{"_seopress_robots_primary_cat":"","_seopress_titles_title":"","_seopress_titles_desc":"","_seopress_robots_index":""},"product_brand":[3407],"product_cat":[5531,29,514],"product_tag":[3270],"class_list":{"0":"post-624541","1":"product","2":"type-product","3":"status-publish","4":"has-post-thumbnail","6":"product_brand-milwaukee","7":"product_cat-vari-macchinari-milwaukee","8":"product_cat-macchinari","9":"product_cat-altri-dispositivi","10":"product_tag-import-milwau","11":"sws-conto-ricavi-merci-rivendita-macchinari-de","12":"sws-gruppo-iva-iva81-de","14":"first","15":"onbackorder","16":"sale","17":"shipping-taxable","18":"purchasable","19":"product-type-simple"},"_links":{"self":[{"href":"https:\/\/lucacastelli.com\/de\/wp-json\/wp\/v2\/product\/624541","targetHints":{"allow":["GET"]}}],"collection":[{"href":"https:\/\/lucacastelli.com\/de\/wp-json\/wp\/v2\/product"}],"about":[{"href":"https:\/\/lucacastelli.com\/de\/wp-json\/wp\/v2\/types\/product"}],"wp:featuredmedia":[{"embeddable":true,"href":"https:\/\/lucacastelli.com\/de\/wp-json\/wp\/v2\/media\/589020"}],"wp:attachment":[{"href":"https:\/\/lucacastelli.com\/de\/wp-json\/wp\/v2\/media?parent=624541"}],"wp:term":[{"taxonomy":"product_brand","embeddable":true,"href":"https:\/\/lucacastelli.com\/de\/wp-json\/wp\/v2\/product_brand?post=624541"},{"taxonomy":"product_cat","embeddable":true,"href":"https:\/\/lucacastelli.com\/de\/wp-json\/wp\/v2\/product_cat?post=624541"},{"taxonomy":"product_tag","embeddable":true,"href":"https:\/\/lucacastelli.com\/de\/wp-json\/wp\/v2\/product_tag?post=624541"}],"curies":[{"name":"wp","href":"https:\/\/api.w.org\/{rel}","templated":true}]}}