{"id":624482,"date":"2025-08-08T18:06:33","date_gmt":"2025-08-08T16:06:33","guid":{"rendered":"https:\/\/lucacastelli.com\/prodotto\/milwaukee-contractor-lochsaegen-19\/"},"modified":"2025-08-08T18:06:33","modified_gmt":"2025-08-08T16:06:33","slug":"milwaukee-contractor-lochsaegen-19","status":"publish","type":"product","link":"https:\/\/lucacastelli.com\/de\/produkt\/milwaukee-contractor-lochsaegen-19\/","title":{"rendered":"Milwaukee Contractor-Lochs\u00e4gen"},"content":{"rendered":"<p>CUP SAW 44 MM &#8211; Contractor -1pcs<br \/>\nVariable Zahngeometrie 4\/6 Z\u00e4hne pro Zoll f\u00fcr schnelle Schnitte und universellen Einsatz;Bi-Metall-Zahnkonstruktion f\u00fcr maximale Haltbarkeit;F\u00fcr den universellen Einsatz: Stahl, Buntmetalle, Gipskarton, Kunststoff<\/p>\n<p>4932464687<br \/>\n4058546226329<\/p>\n","protected":false},"excerpt":{"rendered":"<p>SAW SAW 44 MM &#8211; Contractor -1pcs<\/p>\n","protected":false},"featured_media":529668,"template":"","meta":{"_seopress_robots_primary_cat":"","_seopress_titles_title":"","_seopress_titles_desc":"","_seopress_robots_index":""},"product_brand":[3656],"product_cat":[169,1454,1553,1554],"product_tag":[3272],"class_list":{"0":"post-624482","1":"product","2":"type-product","3":"status-publish","4":"has-post-thumbnail","6":"product_brand-milwaukee-de","7":"product_cat-maschinen","8":"product_cat-andere-gerate","9":"product_cat-bohrer-und-schraubendreher","10":"product_cat-zubehor-fur-bohrmaschinen-und-schraubendreher","11":"product_tag-import-milwau-de","12":"sws-conto-ricavi-merci-rivendita-macchinari-de","13":"sws-gruppo-iva-iva81-de","15":"first","16":"onbackorder","17":"sale","18":"shipping-taxable","19":"purchasable","20":"product-type-simple"},"_links":{"self":[{"href":"https:\/\/lucacastelli.com\/de\/wp-json\/wp\/v2\/product\/624482","targetHints":{"allow":["GET"]}}],"collection":[{"href":"https:\/\/lucacastelli.com\/de\/wp-json\/wp\/v2\/product"}],"about":[{"href":"https:\/\/lucacastelli.com\/de\/wp-json\/wp\/v2\/types\/product"}],"wp:featuredmedia":[{"embeddable":true,"href":"https:\/\/lucacastelli.com\/de\/wp-json\/wp\/v2\/media\/529668"}],"wp:attachment":[{"href":"https:\/\/lucacastelli.com\/de\/wp-json\/wp\/v2\/media?parent=624482"}],"wp:term":[{"taxonomy":"product_brand","embeddable":true,"href":"https:\/\/lucacastelli.com\/de\/wp-json\/wp\/v2\/product_brand?post=624482"},{"taxonomy":"product_cat","embeddable":true,"href":"https:\/\/lucacastelli.com\/de\/wp-json\/wp\/v2\/product_cat?post=624482"},{"taxonomy":"product_tag","embeddable":true,"href":"https:\/\/lucacastelli.com\/de\/wp-json\/wp\/v2\/product_tag?post=624482"}],"curies":[{"name":"wp","href":"https:\/\/api.w.org\/{rel}","templated":true}]}}