{"id":624453,"date":"2025-08-08T17:51:25","date_gmt":"2025-08-08T15:51:25","guid":{"rendered":"https:\/\/lucacastelli.com\/prodotto\/milwaukee-m18-teleskopsaege-buerstenlos-2\/"},"modified":"2025-08-08T17:51:25","modified_gmt":"2025-08-08T15:51:25","slug":"milwaukee-m18-teleskopsaege-buerstenlos-2","status":"publish","type":"product","link":"https:\/\/lucacastelli.com\/de\/produkt\/milwaukee-m18-teleskopsaege-buerstenlos-2\/","title":{"rendered":"Milwaukee M18 Teleskops\u00e4ge B\u00fcrstenlos"},"content":{"rendered":"<p>M18BLTS-551 BL TELESKOPISCHE SCHERE<br \/>\nHat die Kraft, \u00c4ste bis zu 4,4 cm zu schneiden;Teleskopstange mit Schnellverstellung der Halsl\u00e4nge erm\u00f6glicht eine optimale Einstellung von 2,1 bis 3 Metern;Bis zu 2.000 Schnitte an 2,5 cm dicken Weichholz\u00e4sten mit 1 M18 OUTPUT\u2122 Akku 5.5 Ah;Au\u00dfenbeschichtung des Stiels f\u00fcr bessere Kontrolle und optimalen Halt;Einziehbarer Asthaken erm\u00f6glicht es dem Benutzer, ein komprimiertes Profil f\u00fcr besseren Zugang beizubehalten oder eingeklemmte \u00c4ste herunterzuziehen;B\u00fcrstenloser Motor, REDLINK PLUS\u2122-Elektronik und REDLITHIUM\u2122-Akkupack bieten \u00fcberlegene Leistung und Haltbarkeit;Funktioniert mit allen M18 Milwaukee\u00ae-Akkus<\/p>\n<p>4933480866<br \/>\n4058546411510<\/p>\n","protected":false},"excerpt":{"rendered":"<p>M18BLTS-551 BL TELESKOPISCHE SCHERE<\/p>\n","protected":false},"featured_media":583037,"template":"","meta":{"_seopress_robots_primary_cat":"","_seopress_titles_title":"","_seopress_titles_desc":"","_seopress_robots_index":""},"product_brand":[3407],"product_cat":[29,282,267],"product_tag":[3270],"class_list":{"0":"post-624453","1":"product","2":"type-product","3":"status-publish","4":"has-post-thumbnail","6":"product_brand-milwaukee","7":"product_cat-macchinari","8":"product_cat-tosasiepi-e-potatori-a-batteria","9":"product_cat-tosasiepi-e-potatori","10":"product_tag-import-milwau","11":"sws-conto-ricavi-merci-rivendita-macchinari-de","12":"sws-gruppo-iva-iva81-de","14":"first","15":"onbackorder","16":"sale","17":"shipping-taxable","18":"purchasable","19":"product-type-simple"},"_links":{"self":[{"href":"https:\/\/lucacastelli.com\/de\/wp-json\/wp\/v2\/product\/624453","targetHints":{"allow":["GET"]}}],"collection":[{"href":"https:\/\/lucacastelli.com\/de\/wp-json\/wp\/v2\/product"}],"about":[{"href":"https:\/\/lucacastelli.com\/de\/wp-json\/wp\/v2\/types\/product"}],"wp:featuredmedia":[{"embeddable":true,"href":"https:\/\/lucacastelli.com\/de\/wp-json\/wp\/v2\/media\/583037"}],"wp:attachment":[{"href":"https:\/\/lucacastelli.com\/de\/wp-json\/wp\/v2\/media?parent=624453"}],"wp:term":[{"taxonomy":"product_brand","embeddable":true,"href":"https:\/\/lucacastelli.com\/de\/wp-json\/wp\/v2\/product_brand?post=624453"},{"taxonomy":"product_cat","embeddable":true,"href":"https:\/\/lucacastelli.com\/de\/wp-json\/wp\/v2\/product_cat?post=624453"},{"taxonomy":"product_tag","embeddable":true,"href":"https:\/\/lucacastelli.com\/de\/wp-json\/wp\/v2\/product_tag?post=624453"}],"curies":[{"name":"wp","href":"https:\/\/api.w.org\/{rel}","templated":true}]}}