{"id":624440,"date":"2025-08-08T17:50:20","date_gmt":"2025-08-08T15:50:20","guid":{"rendered":"https:\/\/lucacastelli.com\/prodotto\/milwaukee-stangenschneider-3\/"},"modified":"2025-08-08T17:50:20","modified_gmt":"2025-08-08T15:50:20","slug":"milwaukee-stangenschneider-3","status":"publish","type":"product","link":"https:\/\/lucacastelli.com\/de\/produkt\/milwaukee-stangenschneider-3\/","title":{"rendered":"Milwaukee-Stangenschneider"},"content":{"rendered":"<p>M18 FHETE22-802 \/ TAGIASIEPI<br \/>\nGesamtl\u00e4nge von 216 cm f\u00fcr wendige \u00dcberkopfeins\u00e4tze; 60 cm dreischneidiges, beidseitig schneidendes Messer f\u00fcr saubere Schnitte; 25 mm Zahnabstand, mit der Leistung, Hartholz\u00e4ste bis zu 22 mm Durchmesser zu schneiden13 Arbeitspositionen bieten einen Satz von um 270 Grad drehbaren Klingen, die den Zugang zu schwer zug\u00e4nglichen Stellen erm\u00f6glichen;Drehbarer Griff, der die Erm\u00fcdung des Oberk\u00f6rpers reduziert;Eine Aufbewahrungsposition, die es dem Benutzer erm\u00f6glicht, das Werkzeug sicher zu tragen;Bis zu 50 Minuten Laufzeit mit 1 M18 FORGE\u2122 8.0 Ah;Inklusive abnehmbarem Griff f\u00fcr bessere Kontrolle;Gepolsterter Griff f\u00fcr optimale Handhaltung und Komfort;Klingenspitzenschutz zum Schutz der Klingen selbst und zur Vermeidung von versehentlichen Besch\u00e4digungen an Z\u00e4unen oder anderen Objekten;FUEL Technologie definiert schnurlose Elektrowerkzeuge neu. Der b\u00fcrstenlose Motor, die REDLINK PLUS\u2122-Elektronik und der REDLITHIUM\u2122-Akku bieten \u00fcberragende Leistung und Langlebigkeit;Funktioniert mit allen M18 Milwaukee\u00ae-Akkus <\/p>\n<p>4933498516<br \/>\n4058546523855<\/p>\n","protected":false},"excerpt":{"rendered":"<p>M18 FHETE22-802 \/ TAGIASIEPI<\/p>\n","protected":false},"featured_media":589233,"template":"","meta":{"_seopress_robots_primary_cat":"","_seopress_titles_title":"","_seopress_titles_desc":"","_seopress_robots_index":""},"product_brand":[3407],"product_cat":[29,282,267],"product_tag":[3270],"class_list":{"0":"post-624440","1":"product","2":"type-product","3":"status-publish","4":"has-post-thumbnail","6":"product_brand-milwaukee","7":"product_cat-macchinari","8":"product_cat-tosasiepi-e-potatori-a-batteria","9":"product_cat-tosasiepi-e-potatori","10":"product_tag-import-milwau","11":"sws-conto-ricavi-merci-rivendita-macchinari-de","12":"sws-gruppo-iva-iva81-de","14":"first","15":"onbackorder","16":"sale","17":"shipping-taxable","18":"purchasable","19":"product-type-simple"},"_links":{"self":[{"href":"https:\/\/lucacastelli.com\/de\/wp-json\/wp\/v2\/product\/624440","targetHints":{"allow":["GET"]}}],"collection":[{"href":"https:\/\/lucacastelli.com\/de\/wp-json\/wp\/v2\/product"}],"about":[{"href":"https:\/\/lucacastelli.com\/de\/wp-json\/wp\/v2\/types\/product"}],"wp:featuredmedia":[{"embeddable":true,"href":"https:\/\/lucacastelli.com\/de\/wp-json\/wp\/v2\/media\/589233"}],"wp:attachment":[{"href":"https:\/\/lucacastelli.com\/de\/wp-json\/wp\/v2\/media?parent=624440"}],"wp:term":[{"taxonomy":"product_brand","embeddable":true,"href":"https:\/\/lucacastelli.com\/de\/wp-json\/wp\/v2\/product_brand?post=624440"},{"taxonomy":"product_cat","embeddable":true,"href":"https:\/\/lucacastelli.com\/de\/wp-json\/wp\/v2\/product_cat?post=624440"},{"taxonomy":"product_tag","embeddable":true,"href":"https:\/\/lucacastelli.com\/de\/wp-json\/wp\/v2\/product_tag?post=624440"}],"curies":[{"name":"wp","href":"https:\/\/api.w.org\/{rel}","templated":true}]}}