{"id":624437,"date":"2025-08-08T17:50:16","date_gmt":"2025-08-08T15:50:16","guid":{"rendered":"https:\/\/lucacastelli.com\/prodotto\/milwaukee-m18-foph-kompaktes-multitool-heckenschere\/"},"modified":"2025-08-08T17:50:16","modified_gmt":"2025-08-08T15:50:16","slug":"milwaukee-m18-foph-kompaktes-multitool-heckenschere","status":"publish","type":"product","link":"https:\/\/lucacastelli.com\/de\/produkt\/milwaukee-m18-foph-kompaktes-multitool-heckenschere\/","title":{"rendered":"Milwaukee M18 FOPH Kompaktes Multitool Heckenschere"},"content":{"rendered":"<p>M18 FOPH-SHTA \/MULTIUTENSILE<br \/>\nKann \u00c4ste mit einem Durchmesser von bis zu 19 mm schneiden;Das 50,8 cm lange Messer schneidet in einem Durchgang durch mehr Material und erh\u00f6ht so die Reichweite und Produktivit\u00e4t;Der Spitzenschutz verhindert, dass das Messer Z\u00e4une oder andere harte Gegenst\u00e4nde besch\u00e4digt;Die Abdeckung sch\u00fctzt das Messer vollst\u00e4ndig und macht es sicher f\u00fcr die Aufbewahrung und den Transport;<br \/>\nDie kurze L\u00e4nge macht sie zum perfekten Zubeh\u00f6r f\u00fcr Formschnittarbeiten und gro\u00dfe Hecken;Der gerade Schaft macht das Werkzeug stabiler und das geringe Gewicht macht es f\u00fcr den Benutzer bequemer;Kompakte Heckenschere f\u00fcr M18 BAG Gartenger\u00e4te<\/p>\n<p>4932492666 4058546475376<\/p>\n","protected":false},"excerpt":{"rendered":"<p>M18 FOPH-SHTA \/MULTI-TOOL<\/p>\n","protected":false},"featured_media":557868,"template":"","meta":{"_seopress_robots_primary_cat":"","_seopress_titles_title":"","_seopress_titles_desc":"","_seopress_robots_index":""},"product_brand":[3407],"product_cat":[29,282,267],"product_tag":[3270],"class_list":{"0":"post-624437","1":"product","2":"type-product","3":"status-publish","4":"has-post-thumbnail","6":"product_brand-milwaukee","7":"product_cat-macchinari","8":"product_cat-tosasiepi-e-potatori-a-batteria","9":"product_cat-tosasiepi-e-potatori","10":"product_tag-import-milwau","11":"sws-conto-ricavi-merci-rivendita-macchinari-de","12":"sws-gruppo-iva-iva81-de","14":"first","15":"onbackorder","16":"sale","17":"shipping-taxable","18":"purchasable","19":"product-type-simple"},"_links":{"self":[{"href":"https:\/\/lucacastelli.com\/de\/wp-json\/wp\/v2\/product\/624437","targetHints":{"allow":["GET"]}}],"collection":[{"href":"https:\/\/lucacastelli.com\/de\/wp-json\/wp\/v2\/product"}],"about":[{"href":"https:\/\/lucacastelli.com\/de\/wp-json\/wp\/v2\/types\/product"}],"wp:featuredmedia":[{"embeddable":true,"href":"https:\/\/lucacastelli.com\/de\/wp-json\/wp\/v2\/media\/557868"}],"wp:attachment":[{"href":"https:\/\/lucacastelli.com\/de\/wp-json\/wp\/v2\/media?parent=624437"}],"wp:term":[{"taxonomy":"product_brand","embeddable":true,"href":"https:\/\/lucacastelli.com\/de\/wp-json\/wp\/v2\/product_brand?post=624437"},{"taxonomy":"product_cat","embeddable":true,"href":"https:\/\/lucacastelli.com\/de\/wp-json\/wp\/v2\/product_cat?post=624437"},{"taxonomy":"product_tag","embeddable":true,"href":"https:\/\/lucacastelli.com\/de\/wp-json\/wp\/v2\/product_tag?post=624437"}],"curies":[{"name":"wp","href":"https:\/\/api.w.org\/{rel}","templated":true}]}}