{"id":624431,"date":"2025-08-08T17:50:11","date_gmt":"2025-08-08T15:50:11","guid":{"rendered":"https:\/\/lucacastelli.com\/prodotto\/milwaukee-60-cm-m18-fuel-profi-heckenschere\/"},"modified":"2025-08-08T17:50:11","modified_gmt":"2025-08-08T15:50:11","slug":"milwaukee-60-cm-m18-fuel-profi-heckenschere","status":"publish","type":"product","link":"https:\/\/lucacastelli.com\/de\/produkt\/milwaukee-60-cm-m18-fuel-profi-heckenschere\/","title":{"rendered":"Milwaukee 60 cm M18 FUEL Profi-Heckenschere"},"content":{"rendered":"<p>Professionelle Heckenschere 60 cm M18 FUEL<br \/>\nM18 FHET60G2-802 \/ Heckenschere<br \/>\n60 cm langes, doppelseitiges, dreischneidiges S\u00e4geblatt f\u00fcr saubere Schnitte und einfachen Materialabtrag;32 mm Zahnabstand, mit der Leistung zum Schneiden von Hartholz\u00e4sten mit einem Durchmesser von bis zu 25 mm;drehbarer Griff mit 5 Positionen f\u00fcr bessere Kontrolle in verschiedenen Klingenausrichtungen;bis zu 1 Stunde Laufzeit mit 1 M18 FORGE\u2122 8.0 Ah;Optimierte Ergonomie f\u00fcr bessere Kontrolle, wobei das Gewicht nahe am Benutzer gehalten wird;POWERSTATE\u2122 b\u00fcrstenloser Motor, der die Leistung unter Last beibeh\u00e4lt, ohne zu blockieren;Schutz der Klingenspitze zum Schutz der Klingen selbst und zum Schutz vor versehentlicher Besch\u00e4digung von Z\u00e4unen oder anderen Objekten;Auffangkorb im Lieferumfang enthalten, um Abf\u00e4lle w\u00e4hrend der Anwendung zu entfernen;FUEL Technologie definiert schnurlose Elektrowerkzeuge neu. Der b\u00fcrstenlose Motor, die REDLINK PLUS\u2122-Elektronik und der REDLITHIUM\u2122-Akku bieten \u00fcberragende Leistung und Langlebigkeit;Funktioniert mit allen M18 Milwaukee\u00ae-Akkus <\/p>\n<p>4933498385<br \/>\n4058546522544<\/p>\n","protected":false},"excerpt":{"rendered":"<p>M18 FHET60G2-802 \/ HECKENSCHERE<\/p>\n","protected":false},"featured_media":590819,"template":"","meta":{"_seopress_robots_primary_cat":"","_seopress_titles_title":"","_seopress_titles_desc":"","_seopress_robots_index":""},"product_brand":[3407],"product_cat":[29,282,267],"product_tag":[3270],"class_list":{"0":"post-624431","1":"product","2":"type-product","3":"status-publish","4":"has-post-thumbnail","6":"product_brand-milwaukee","7":"product_cat-macchinari","8":"product_cat-tosasiepi-e-potatori-a-batteria","9":"product_cat-tosasiepi-e-potatori","10":"product_tag-import-milwau","11":"sws-conto-ricavi-merci-rivendita-macchinari-de","12":"sws-gruppo-iva-iva81-de","14":"first","15":"onbackorder","16":"sale","17":"shipping-taxable","18":"purchasable","19":"product-type-simple"},"_links":{"self":[{"href":"https:\/\/lucacastelli.com\/de\/wp-json\/wp\/v2\/product\/624431","targetHints":{"allow":["GET"]}}],"collection":[{"href":"https:\/\/lucacastelli.com\/de\/wp-json\/wp\/v2\/product"}],"about":[{"href":"https:\/\/lucacastelli.com\/de\/wp-json\/wp\/v2\/types\/product"}],"wp:featuredmedia":[{"embeddable":true,"href":"https:\/\/lucacastelli.com\/de\/wp-json\/wp\/v2\/media\/590819"}],"wp:attachment":[{"href":"https:\/\/lucacastelli.com\/de\/wp-json\/wp\/v2\/media?parent=624431"}],"wp:term":[{"taxonomy":"product_brand","embeddable":true,"href":"https:\/\/lucacastelli.com\/de\/wp-json\/wp\/v2\/product_brand?post=624431"},{"taxonomy":"product_cat","embeddable":true,"href":"https:\/\/lucacastelli.com\/de\/wp-json\/wp\/v2\/product_cat?post=624431"},{"taxonomy":"product_tag","embeddable":true,"href":"https:\/\/lucacastelli.com\/de\/wp-json\/wp\/v2\/product_tag?post=624431"}],"curies":[{"name":"wp","href":"https:\/\/api.w.org\/{rel}","templated":true}]}}