{"id":624407,"date":"2025-08-09T11:15:02","date_gmt":"2025-08-09T09:15:02","guid":{"rendered":"https:\/\/lucacastelli.com\/prodotto\/milwaukee-drehbarer-laserempfaenger-1200-meter\/"},"modified":"2025-08-09T11:15:02","modified_gmt":"2025-08-09T09:15:02","slug":"milwaukee-drehbarer-laserempfaenger-1200-meter","status":"publish","type":"product","link":"https:\/\/lucacastelli.com\/de\/produkt\/milwaukee-drehbarer-laserempfaenger-1200-meter\/","title":{"rendered":"Milwaukee Drehbarer Laserempf\u00e4nger 1200 Meter"},"content":{"rendered":"<p>RD1200\/LASER LEVEL ZUBEH\u00d6R<br \/>\n1.200 Meter Reichweite in Kombination mit dem M18 RLOHV1200 Laser, f\u00fcr Anwendungen \u00fcber gro\u00dfe Entfernungen;Mit automatischer vertikaler und horizontaler Neigungs- und Anpassungseinstellung richtet sich der M18 RLOHV1200 Laser automatisch auf die Mitte des Empf\u00e4ngers aus;Leicht ablesbares, hintergrundbeleuchtetes Display in mm und Zoll auf der Vorder- und R\u00fcckseite f\u00fcr gute Sichtbarkeit;5 Pr\u00e4zisionseinstellungen, um den Empf\u00e4nger f\u00fcr die spezifischste Anwendung vorzubereiten, von 0.5 mm bis 10 mm;Entwickelt, um den h\u00e4rtesten Bedingungen auf der Baustelle standzuhalten: IP67-Klassifizierung, widersteht St\u00fcrzen aus bis zu 2 Metern;Audiosignal und LED f\u00fcr die Ausrichtung aus der Ferne;120 mm Empfangsbereich f\u00fcr maximale Ablesbarkeit;Stroboskoplichtschutz f\u00fcr genaues und m\u00fcheloses Ablesen<\/p>\n<p>4932493207<br \/>\n4058546480783<\/p>\n","protected":false},"excerpt":{"rendered":"<p>RD1200\/LASER LEVEL ZUBEH\u00d6R<\/p>\n","protected":false},"featured_media":561551,"template":"","meta":{"_seopress_robots_primary_cat":"","_seopress_titles_title":"","_seopress_titles_desc":"","_seopress_robots_index":""},"product_brand":[3407],"product_cat":[29,514,551],"product_tag":[3270],"class_list":{"0":"post-624407","1":"product","2":"type-product","3":"status-publish","4":"has-post-thumbnail","6":"product_brand-milwaukee","7":"product_cat-macchinari","8":"product_cat-altri-dispositivi","9":"product_cat-apparecchi-di-misurazione","10":"product_tag-import-milwau","11":"sws-conto-ricavi-merci-rivendita-macchinari-de","12":"sws-gruppo-iva-iva81-de","14":"first","15":"onbackorder","16":"sale","17":"shipping-taxable","18":"purchasable","19":"product-type-simple"},"_links":{"self":[{"href":"https:\/\/lucacastelli.com\/de\/wp-json\/wp\/v2\/product\/624407","targetHints":{"allow":["GET"]}}],"collection":[{"href":"https:\/\/lucacastelli.com\/de\/wp-json\/wp\/v2\/product"}],"about":[{"href":"https:\/\/lucacastelli.com\/de\/wp-json\/wp\/v2\/types\/product"}],"wp:featuredmedia":[{"embeddable":true,"href":"https:\/\/lucacastelli.com\/de\/wp-json\/wp\/v2\/media\/561551"}],"wp:attachment":[{"href":"https:\/\/lucacastelli.com\/de\/wp-json\/wp\/v2\/media?parent=624407"}],"wp:term":[{"taxonomy":"product_brand","embeddable":true,"href":"https:\/\/lucacastelli.com\/de\/wp-json\/wp\/v2\/product_brand?post=624407"},{"taxonomy":"product_cat","embeddable":true,"href":"https:\/\/lucacastelli.com\/de\/wp-json\/wp\/v2\/product_cat?post=624407"},{"taxonomy":"product_tag","embeddable":true,"href":"https:\/\/lucacastelli.com\/de\/wp-json\/wp\/v2\/product_tag?post=624407"}],"curies":[{"name":"wp","href":"https:\/\/api.w.org\/{rel}","templated":true}]}}