{"id":624402,"date":"2025-08-08T19:34:31","date_gmt":"2025-08-08T17:34:31","guid":{"rendered":"https:\/\/lucacastelli.com\/prodotto\/milwaukee-tct-lochsaegen-fuer-metall-2\/"},"modified":"2025-08-08T19:34:31","modified_gmt":"2025-08-08T17:34:31","slug":"milwaukee-tct-lochsaegen-fuer-metall-2","status":"publish","type":"product","link":"https:\/\/lucacastelli.com\/de\/produkt\/milwaukee-tct-lochsaegen-fuer-metall-2\/","title":{"rendered":"Milwaukee TCT-Lochs\u00e4gen f\u00fcr Metall"},"content":{"rendered":"<p>Lochs\u00e4ge TCT 19mm-1pc<br \/>\nDie Hartmetallzahntechnologie bietet die beste Leistung, Geschwindigkeit und 10-mal l\u00e4ngere Lebensdauer als herk\u00f6mmliche Bi-Metall-Lochs\u00e4gen. Die Z\u00e4hne k\u00f6nnen auch nachgeschliffen werden;25 mm Schnitttiefe zum Bohren von Blechen und Rohren;Die einteilige Lochs\u00e4ge reduziert Schwingungen und Vibrationen f\u00fcr pr\u00e4zises Bohren;Die Tiefenkrone verhindert ein \u00dcberbohren und sorgt f\u00fcr maximale Sicherheit;Der gefederte Vorbohrer erm\u00f6glicht das Auswerfen von Metallresten, ohne dass zus\u00e4tzliches Werkzeug ben\u00f6tigt wird;Die dreiseitige Schaftkonstruktion verhindert ein Verrutschen der Lochs\u00e4ge im Bohrfutter und sorgt f\u00fcr ein maximales Drehmoment. Geeignet f\u00fcr alle 13-mm-Bohrfutter;Austauschbarer F\u00fchrungsbohrer und Feder;Die Verwendung eines K\u00fchlschmiermittels verl\u00e4ngert die Lebensdauer der Lochs\u00e4ge;Geeignet zum Bohren von Stahl (&lt;1200 N\/mm\u00b2) bis 4 mm, Edelstahl bis 2 mm, Aluminium, Zink, Gusseisen, Kupfer, Glasfaser und PVC  <\/p>\n<p>4932479035<br \/>\n4058546368296<\/p>\n","protected":false},"excerpt":{"rendered":"<p>Lochs\u00e4ge TCT 19mm-1pc<\/p>\n","protected":false},"featured_media":542748,"template":"","meta":{"_seopress_robots_primary_cat":"","_seopress_titles_title":"","_seopress_titles_desc":"","_seopress_robots_index":""},"product_brand":[3407],"product_cat":[29,514,550],"product_tag":[3270],"class_list":{"0":"post-624402","1":"product","2":"type-product","3":"status-publish","4":"has-post-thumbnail","6":"product_brand-milwaukee","7":"product_cat-macchinari","8":"product_cat-altri-dispositivi","9":"product_cat-accessori-per-trapani-ed-avvitatori","10":"product_tag-import-milwau","11":"sws-conto-ricavi-merci-rivendita-macchinari-de","12":"sws-gruppo-iva-iva81-de","14":"first","15":"onbackorder","16":"sale","17":"shipping-taxable","18":"purchasable","19":"product-type-simple"},"_links":{"self":[{"href":"https:\/\/lucacastelli.com\/de\/wp-json\/wp\/v2\/product\/624402","targetHints":{"allow":["GET"]}}],"collection":[{"href":"https:\/\/lucacastelli.com\/de\/wp-json\/wp\/v2\/product"}],"about":[{"href":"https:\/\/lucacastelli.com\/de\/wp-json\/wp\/v2\/types\/product"}],"wp:featuredmedia":[{"embeddable":true,"href":"https:\/\/lucacastelli.com\/de\/wp-json\/wp\/v2\/media\/542748"}],"wp:attachment":[{"href":"https:\/\/lucacastelli.com\/de\/wp-json\/wp\/v2\/media?parent=624402"}],"wp:term":[{"taxonomy":"product_brand","embeddable":true,"href":"https:\/\/lucacastelli.com\/de\/wp-json\/wp\/v2\/product_brand?post=624402"},{"taxonomy":"product_cat","embeddable":true,"href":"https:\/\/lucacastelli.com\/de\/wp-json\/wp\/v2\/product_cat?post=624402"},{"taxonomy":"product_tag","embeddable":true,"href":"https:\/\/lucacastelli.com\/de\/wp-json\/wp\/v2\/product_tag?post=624402"}],"curies":[{"name":"wp","href":"https:\/\/api.w.org\/{rel}","templated":true}]}}