{"id":624388,"date":"2025-08-09T11:25:37","date_gmt":"2025-08-09T09:25:37","guid":{"rendered":"https:\/\/lucacastelli.com\/prodotto\/milwaukee-glas-und-fliesenbohrer-11\/"},"modified":"2025-08-09T11:25:37","modified_gmt":"2025-08-09T09:25:37","slug":"milwaukee-glas-und-fliesenbohrer-11","status":"publish","type":"product","link":"https:\/\/lucacastelli.com\/de\/produkt\/milwaukee-glas-und-fliesenbohrer-11\/","title":{"rendered":"Milwaukee Glas- und Fliesenbohrer"},"content":{"rendered":"<p>GLAS- und KACHELSPITZE 8X60 MM -1St.<br \/>\nGeeignet zum Bohren von nicht geh\u00e4rtetem Glas, Fliesen mittlerer H\u00e4rte und Keramik; gesch\u00e4rftes Hartmetall f\u00fcr schnelleres Bohren; verst\u00e4rkte Hartmetallschneide f\u00fcr erh\u00f6hte Haltbarkeit; rot gef\u00e4rbte Schneide<\/p>\n<p>4932471959<br \/>\n4058546298586<\/p>\n","protected":false},"excerpt":{"rendered":"<p>GLAS und FLIESENST\u00dcCK 8X60 MM -1St.<\/p>\n","protected":false},"featured_media":538659,"template":"","meta":{"_seopress_robots_primary_cat":"","_seopress_titles_title":"","_seopress_titles_desc":"","_seopress_robots_index":""},"product_brand":[3407],"product_cat":[29,514,549,550],"product_tag":[3270],"class_list":{"0":"post-624388","1":"product","2":"type-product","3":"status-publish","4":"has-post-thumbnail","6":"product_brand-milwaukee","7":"product_cat-macchinari","8":"product_cat-altri-dispositivi","9":"product_cat-trapani-e-avvitatori","10":"product_cat-accessori-per-trapani-ed-avvitatori","11":"product_tag-import-milwau","12":"sws-conto-ricavi-merci-rivendita-macchinari-de","13":"sws-gruppo-iva-iva81-de","15":"first","16":"onbackorder","17":"sale","18":"shipping-taxable","19":"purchasable","20":"product-type-simple"},"_links":{"self":[{"href":"https:\/\/lucacastelli.com\/de\/wp-json\/wp\/v2\/product\/624388","targetHints":{"allow":["GET"]}}],"collection":[{"href":"https:\/\/lucacastelli.com\/de\/wp-json\/wp\/v2\/product"}],"about":[{"href":"https:\/\/lucacastelli.com\/de\/wp-json\/wp\/v2\/types\/product"}],"wp:featuredmedia":[{"embeddable":true,"href":"https:\/\/lucacastelli.com\/de\/wp-json\/wp\/v2\/media\/538659"}],"wp:attachment":[{"href":"https:\/\/lucacastelli.com\/de\/wp-json\/wp\/v2\/media?parent=624388"}],"wp:term":[{"taxonomy":"product_brand","embeddable":true,"href":"https:\/\/lucacastelli.com\/de\/wp-json\/wp\/v2\/product_brand?post=624388"},{"taxonomy":"product_cat","embeddable":true,"href":"https:\/\/lucacastelli.com\/de\/wp-json\/wp\/v2\/product_cat?post=624388"},{"taxonomy":"product_tag","embeddable":true,"href":"https:\/\/lucacastelli.com\/de\/wp-json\/wp\/v2\/product_tag?post=624388"}],"curies":[{"name":"wp","href":"https:\/\/api.w.org\/{rel}","templated":true}]}}