{"id":624379,"date":"2025-08-09T11:25:34","date_gmt":"2025-08-09T09:25:34","guid":{"rendered":"https:\/\/lucacastelli.com\/prodotto\/milwaukee-geschmiedete-metallbohrer-hss-g-kobalt-din-338-60\/"},"modified":"2025-08-09T11:25:34","modified_gmt":"2025-08-09T09:25:34","slug":"milwaukee-geschmiedete-metallbohrer-hss-g-kobalt-din-338-60","status":"publish","type":"product","link":"https:\/\/lucacastelli.com\/de\/produkt\/milwaukee-geschmiedete-metallbohrer-hss-g-kobalt-din-338-60\/","title":{"rendered":"MILWAUKEE Geschmiedete Metallbohrer HSS-G KOBALT &#8211; DIN 338"},"content":{"rendered":"<p>HSS-G CO 25 St.<br \/>\nGeschliffene Kobalt-HSS-Bohrer besonders hitzebest\u00e4ndig und nach DIN 338 gefertigt. Polierte Oberfl\u00e4che;Schneiden mit 135 Grad Schneidwinkel. Kein Zentrierdorn erforderlich;Kobalt (5%) verhindert ein \u00dcberhitzen des Bohrers;N-Spirale. Geeignet zum Bohren von Stahl, Gusseisen und Legierungen mit Zugfestigkeiten bis 1000 N\/mm2, Holz, Kunststoff und Edelstahl;Geeignet zum Bohren von Stahl und hochlegierten Metallen mit Zugfestigkeiten \u00fcber 1000 N\/mm2 wie hitze- und s\u00e4urebest\u00e4ndige St\u00e4hle und Edelstahl;Dreiseitiger Schaft mit Durchmesser 5 f\u00fcr besseren Halt;Farbe: Bronze  <\/p>\n<p>4932493868<br \/>\n4058546510282<\/p>\n","protected":false},"excerpt":{"rendered":"<p>HSS-G CO BITCH BOX 25 Pcs.<\/p>\n","protected":false},"featured_media":564580,"template":"","meta":{"_seopress_robots_primary_cat":"","_seopress_titles_title":"","_seopress_titles_desc":"","_seopress_robots_index":""},"product_brand":[3656],"product_cat":[169,1454,1553,1554],"product_tag":[3272],"class_list":{"0":"post-624379","1":"product","2":"type-product","3":"status-publish","4":"has-post-thumbnail","6":"product_brand-milwaukee-de","7":"product_cat-maschinen","8":"product_cat-andere-gerate","9":"product_cat-bohrer-und-schraubendreher","10":"product_cat-zubehor-fur-bohrmaschinen-und-schraubendreher","11":"product_tag-import-milwau-de","12":"sws-conto-ricavi-merci-rivendita-macchinari-de","13":"sws-gruppo-iva-iva81-de","15":"first","16":"onbackorder","17":"sale","18":"shipping-taxable","19":"purchasable","20":"product-type-simple"},"_links":{"self":[{"href":"https:\/\/lucacastelli.com\/de\/wp-json\/wp\/v2\/product\/624379","targetHints":{"allow":["GET"]}}],"collection":[{"href":"https:\/\/lucacastelli.com\/de\/wp-json\/wp\/v2\/product"}],"about":[{"href":"https:\/\/lucacastelli.com\/de\/wp-json\/wp\/v2\/types\/product"}],"wp:featuredmedia":[{"embeddable":true,"href":"https:\/\/lucacastelli.com\/de\/wp-json\/wp\/v2\/media\/564580"}],"wp:attachment":[{"href":"https:\/\/lucacastelli.com\/de\/wp-json\/wp\/v2\/media?parent=624379"}],"wp:term":[{"taxonomy":"product_brand","embeddable":true,"href":"https:\/\/lucacastelli.com\/de\/wp-json\/wp\/v2\/product_brand?post=624379"},{"taxonomy":"product_cat","embeddable":true,"href":"https:\/\/lucacastelli.com\/de\/wp-json\/wp\/v2\/product_cat?post=624379"},{"taxonomy":"product_tag","embeddable":true,"href":"https:\/\/lucacastelli.com\/de\/wp-json\/wp\/v2\/product_tag?post=624379"}],"curies":[{"name":"wp","href":"https:\/\/api.w.org\/{rel}","templated":true}]}}