{"id":624353,"date":"2025-08-09T11:25:15","date_gmt":"2025-08-09T09:25:15","guid":{"rendered":"https:\/\/lucacastelli.com\/prodotto\/milwaukee-multi-material-bohrer-7\/"},"modified":"2025-08-09T11:25:15","modified_gmt":"2025-08-09T09:25:15","slug":"milwaukee-multi-material-bohrer-7","status":"publish","type":"product","link":"https:\/\/lucacastelli.com\/de\/produkt\/milwaukee-multi-material-bohrer-7\/","title":{"rendered":"Milwaukee Multi-Material-Bohrer"},"content":{"rendered":"<p>MULTIMATERIAL BIT 6,5X150 MM -1Stk.<br \/>\nEntwickelt f\u00fcr den Einsatz mit Schlagschraubern und Bohrern\/Schraubendrehern;Hartmetallschneide (TCT) erm\u00f6glicht das Bohren in Beton, Ziegeln, Dachziegeln, Betonbl\u00f6cken, d\u00fcnnem Metall, mittelweichen Keramikfliesen, allen Arten von Holz und PVC;Wei\u00dfe Rille zur einfachen Identifizierung<\/p>\n<p>4932471100<br \/>\n4058546287283<\/p>\n","protected":false},"excerpt":{"rendered":"<p>MULTIMATERIAL TIP 6,5X150 MM -1St.<\/p>\n","protected":false},"featured_media":530757,"template":"","meta":{"_seopress_robots_primary_cat":"","_seopress_titles_title":"","_seopress_titles_desc":"","_seopress_robots_index":""},"product_brand":[3407],"product_cat":[29,514,549,550],"product_tag":[3270],"class_list":{"0":"post-624353","1":"product","2":"type-product","3":"status-publish","4":"has-post-thumbnail","6":"product_brand-milwaukee","7":"product_cat-macchinari","8":"product_cat-altri-dispositivi","9":"product_cat-trapani-e-avvitatori","10":"product_cat-accessori-per-trapani-ed-avvitatori","11":"product_tag-import-milwau","12":"sws-conto-ricavi-merci-rivendita-macchinari-de","13":"sws-gruppo-iva-iva81-de","15":"first","16":"onbackorder","17":"sale","18":"shipping-taxable","19":"purchasable","20":"product-type-simple"},"_links":{"self":[{"href":"https:\/\/lucacastelli.com\/de\/wp-json\/wp\/v2\/product\/624353","targetHints":{"allow":["GET"]}}],"collection":[{"href":"https:\/\/lucacastelli.com\/de\/wp-json\/wp\/v2\/product"}],"about":[{"href":"https:\/\/lucacastelli.com\/de\/wp-json\/wp\/v2\/types\/product"}],"wp:featuredmedia":[{"embeddable":true,"href":"https:\/\/lucacastelli.com\/de\/wp-json\/wp\/v2\/media\/530757"}],"wp:attachment":[{"href":"https:\/\/lucacastelli.com\/de\/wp-json\/wp\/v2\/media?parent=624353"}],"wp:term":[{"taxonomy":"product_brand","embeddable":true,"href":"https:\/\/lucacastelli.com\/de\/wp-json\/wp\/v2\/product_brand?post=624353"},{"taxonomy":"product_cat","embeddable":true,"href":"https:\/\/lucacastelli.com\/de\/wp-json\/wp\/v2\/product_cat?post=624353"},{"taxonomy":"product_tag","embeddable":true,"href":"https:\/\/lucacastelli.com\/de\/wp-json\/wp\/v2\/product_tag?post=624353"}],"curies":[{"name":"wp","href":"https:\/\/api.w.org\/{rel}","templated":true}]}}