{"id":624348,"date":"2025-08-09T11:20:27","date_gmt":"2025-08-09T09:20:27","guid":{"rendered":"https:\/\/lucacastelli.com\/prodotto\/milwaukee-bandsaege-2\/"},"modified":"2026-04-15T11:53:05","modified_gmt":"2026-04-15T09:53:05","slug":"milwaukee-bandsaege-2","status":"publish","type":"product","link":"https:\/\/lucacastelli.com\/de\/produkt\/milwaukee-bandsaege-2\/","title":{"rendered":"MILWAUKEE Bands\u00e4ge"},"content":{"rendered":"<p>M18 FBS127DO-0C \/ BANDS\u00c4GEN<br \/>\nDoppelter Ausl\u00f6seschalter: Erfordert, dass der Benutzer stets beide H\u00e4nde am Ger\u00e4t hat und schaltet sich automatisch ab, wenn eine Hand entfernt wird; Maximale Kontrolle f\u00fcr jedes Material, 4-stufiger Geschwindigkeitsmodus und Ausl\u00f6ser mit variabler Geschwindigkeit, ideal f\u00fcr die Arbeit mit Edelstahl und Aluminium; Das ONE-KEY\u2122 Tracking &amp; Security System bietet kostenlos einen cloudbasierten Tracking- und Inventarverwaltungsservice mit Fernverriegelungsfunktion; Cut-Stop-Technologie, das Ger\u00e4t schaltet sich nach dem Schnitt automatisch ab f\u00fcr mehr Benutzersicherheit; Grosse Schnittkapazit\u00e4t bis zu 127 x 127 mm; Die integrierte S\u00e4geblattabdeckung sch\u00fctzt den Benutzer vor Verletzungen, indem sie den Zugang zum S\u00e4geblatt verhindert; Zweiter Ausl\u00f6seschalter im oberen Handgriff integriert; Werkzeugloser S\u00e4geblatt-Verriegelungsmechanismus f\u00fcr schnellen und einfachen Wechsel; Arretierbare Grundplatte; Robuster Metallhaken f\u00fcr Balken zur schnellen und einfachen Aufbewahrung auf der Baustelle; Schlankes Motordesign und LED-Beleuchtung der Arbeitsfl\u00e4che f\u00fcr bessere Sicht auf den Schnitt; Die FUEL\u2122-Technologie definiert Akku-Elektrowerkzeuge neu. Der b\u00fcrstenlose Motor, die REDLINK PLUS\u2122-Elektronik und der REDLITHIUM\u2122-Akkupack bieten \u00fcberlegene Leistung und Haltbarkeit; Funktioniert mit allen M18\u2122 MILWAUKEE\u00ae Akkus <\/p>\n<p>4933498311<br \/>\n4058546521806<\/p>\n","protected":false},"excerpt":{"rendered":"<p>M18 FBS127DO-0C \/ BANDS\u00c4GEN<\/p>\n","protected":false},"featured_media":589787,"template":"","meta":{"_seopress_robots_primary_cat":"","_seopress_titles_title":"","_seopress_titles_desc":"","_seopress_robots_index":""},"product_brand":[3407],"product_cat":[29,514,558],"product_tag":[3270],"class_list":{"0":"post-624348","1":"product","2":"type-product","3":"status-publish","4":"has-post-thumbnail","6":"product_brand-milwaukee","7":"product_cat-macchinari","8":"product_cat-altri-dispositivi","9":"product_cat-seghe-accessori-vari","10":"product_tag-import-milwau","11":"sws-conto-ricavi-merci-rivendita-macchinari-de","12":"sws-gruppo-iva-iva81-de","14":"first","15":"onbackorder","16":"sale","17":"shipping-taxable","18":"purchasable","19":"product-type-simple"},"_links":{"self":[{"href":"https:\/\/lucacastelli.com\/de\/wp-json\/wp\/v2\/product\/624348","targetHints":{"allow":["GET"]}}],"collection":[{"href":"https:\/\/lucacastelli.com\/de\/wp-json\/wp\/v2\/product"}],"about":[{"href":"https:\/\/lucacastelli.com\/de\/wp-json\/wp\/v2\/types\/product"}],"wp:featuredmedia":[{"embeddable":true,"href":"https:\/\/lucacastelli.com\/de\/wp-json\/wp\/v2\/media\/589787"}],"wp:attachment":[{"href":"https:\/\/lucacastelli.com\/de\/wp-json\/wp\/v2\/media?parent=624348"}],"wp:term":[{"taxonomy":"product_brand","embeddable":true,"href":"https:\/\/lucacastelli.com\/de\/wp-json\/wp\/v2\/product_brand?post=624348"},{"taxonomy":"product_cat","embeddable":true,"href":"https:\/\/lucacastelli.com\/de\/wp-json\/wp\/v2\/product_cat?post=624348"},{"taxonomy":"product_tag","embeddable":true,"href":"https:\/\/lucacastelli.com\/de\/wp-json\/wp\/v2\/product_tag?post=624348"}],"curies":[{"name":"wp","href":"https:\/\/api.w.org\/{rel}","templated":true}]}}