{"id":624339,"date":"2025-08-09T11:20:24","date_gmt":"2025-08-09T09:20:24","guid":{"rendered":"https:\/\/lucacastelli.com\/prodotto\/milwaukee-kreissaege-4\/"},"modified":"2026-01-08T10:43:43","modified_gmt":"2026-01-08T09:43:43","slug":"milwaukee-kreissaege-4","status":"publish","type":"product","link":"https:\/\/lucacastelli.com\/de\/produkt\/milwaukee-kreissaege-4\/","title":{"rendered":"MILWAUKEE Kreiss\u00e4ge"},"content":{"rendered":"<p>M18 FCS66GR3-0 \/ KREISS\u00c4GEN<br \/>\nDie M18 FUEL\u2122 Kreiss\u00e4ge bietet die n\u00f6tige Leistung f\u00fcr tiefe Schnitte und h\u00e4lt 6000 Umdrehungen pro Minute w\u00e4hrend der gesamten Schnittdauer aufrecht. Dank der in dieser S\u00e4ge integrierten FORGE\u2122-Technologie k\u00f6nnen bis zu 700 Kiefernbalken von 90 mm x 45 mm mit einer 12,0 Ah Akkuladung oder 64 laufende Meter Kiefernplatte mit 42 mm Dicke geschnitten werden; 190 mm S\u00e4geblatt mit einer Schnitttiefe von 68 mm, wodurch die S\u00e4ge \u00fcberlappende 22 mm OSB-Platten schneiden kann; Magnesium-Grundplatte kompatibel mit MILWAUKEE\u00ae Parallelanschl\u00e4gen. Dies erm\u00f6glicht dem Benutzer gerade und pr\u00e4zise Schnitte bei minimaler Einrichtungszeit; Metallhaken; Inklusive DEK26-Adapter f\u00fcr direkten Anschluss der S\u00e4ge an Milwaukee Staubsauger; LED-Licht zur Beleuchtung der Arbeitsfl\u00e4che; Luftstrahl zur Sauberhaltung der Arbeitsfl\u00e4che; Neigbar bis zu 50 Grad; Optimiert f\u00fcr den Einsatz mit FORGE\u2122-Akkus; Die FUEL\u2122-Technologie definiert Akku-Elektrowerkzeuge neu. Der b\u00fcrstenlose Motor, die REDLINK PLUS\u2122-Elektronik und der REDLITHIUM\u2122-Akku bieten \u00fcberlegene Leistung und Haltbarkeit; Funktioniert mit allen M18\u2122 MILWAUKEE\u00ae Akkus   <\/p>\n<p>4933493491<br \/>\n4058546483623<\/p>\n","protected":false},"excerpt":{"rendered":"<p>M18 FCS66GR3-0 \/ KREISS\u00c4GEN<\/p>\n","protected":false},"featured_media":589841,"template":"","meta":{"_seopress_robots_primary_cat":"none","_seopress_titles_title":"","_seopress_titles_desc":"","_seopress_robots_index":""},"product_brand":[3407],"product_cat":[29,514,558],"product_tag":[3270],"class_list":{"0":"post-624339","1":"product","2":"type-product","3":"status-publish","4":"has-post-thumbnail","6":"product_brand-milwaukee","7":"product_cat-macchinari","8":"product_cat-altri-dispositivi","9":"product_cat-seghe-accessori-vari","10":"product_tag-import-milwau","11":"sws-gruppo-macchinari-de","12":"sws-conto-ricavi-merci-rivendita-macchinari-de","13":"sws-gruppo-iva-iva81-de","15":"first","16":"onbackorder","17":"sale","18":"shipping-taxable","19":"purchasable","20":"product-type-simple"},"_links":{"self":[{"href":"https:\/\/lucacastelli.com\/de\/wp-json\/wp\/v2\/product\/624339","targetHints":{"allow":["GET"]}}],"collection":[{"href":"https:\/\/lucacastelli.com\/de\/wp-json\/wp\/v2\/product"}],"about":[{"href":"https:\/\/lucacastelli.com\/de\/wp-json\/wp\/v2\/types\/product"}],"wp:featuredmedia":[{"embeddable":true,"href":"https:\/\/lucacastelli.com\/de\/wp-json\/wp\/v2\/media\/589841"}],"wp:attachment":[{"href":"https:\/\/lucacastelli.com\/de\/wp-json\/wp\/v2\/media?parent=624339"}],"wp:term":[{"taxonomy":"product_brand","embeddable":true,"href":"https:\/\/lucacastelli.com\/de\/wp-json\/wp\/v2\/product_brand?post=624339"},{"taxonomy":"product_cat","embeddable":true,"href":"https:\/\/lucacastelli.com\/de\/wp-json\/wp\/v2\/product_cat?post=624339"},{"taxonomy":"product_tag","embeddable":true,"href":"https:\/\/lucacastelli.com\/de\/wp-json\/wp\/v2\/product_tag?post=624339"}],"curies":[{"name":"wp","href":"https:\/\/api.w.org\/{rel}","templated":true}]}}