{"id":624335,"date":"2025-08-09T11:20:26","date_gmt":"2025-08-09T09:20:26","guid":{"rendered":"https:\/\/lucacastelli.com\/prodotto\/milwaukee-bandsaege\/"},"modified":"2025-08-09T11:20:26","modified_gmt":"2025-08-09T09:20:26","slug":"milwaukee-bandsaege","status":"publish","type":"product","link":"https:\/\/lucacastelli.com\/de\/produkt\/milwaukee-bandsaege\/","title":{"rendered":"MILWAUKEE Bands\u00e4ge"},"content":{"rendered":"<p>BS 125\/ BELT SAWS<br \/>\nKraftvoller 1100W Motor f\u00fcr hohe Leistung und Langlebigkeit;Gro\u00dfe Schnittkapazit\u00e4t bis zu 125 x 125 mm;4-Gang-Wahlschalter erm\u00f6glicht die Auswahl von 0 &#8211; 116 m\/min;Konstante Geschwindigkeit auch unter Last;Sicherheitskupplung sch\u00fctzt Bediener und Werkzeug vor R\u00fcckschlag;Kompaktes Motordesign und LED-Licht f\u00fcr optimale Sicht auf den Schnittbereich;Klingenschnellverschluss f\u00fcr schnellen Wechsel;Werkzeuglos verstellbare Grundplatte<\/p>\n<p>4933448245<br \/>\n4002395262830<\/p>\n","protected":false},"excerpt":{"rendered":"<p>BS 125\/BANDS\u00c4GEN<\/p>\n","protected":false},"featured_media":570913,"template":"","meta":{"_seopress_robots_primary_cat":"","_seopress_titles_title":"","_seopress_titles_desc":"","_seopress_robots_index":""},"product_brand":[3407],"product_cat":[29,514,558],"product_tag":[3270],"class_list":{"0":"post-624335","1":"product","2":"type-product","3":"status-publish","4":"has-post-thumbnail","6":"product_brand-milwaukee","7":"product_cat-macchinari","8":"product_cat-altri-dispositivi","9":"product_cat-seghe-accessori-vari","10":"product_tag-import-milwau","11":"sws-conto-ricavi-merci-rivendita-macchinari-de","12":"sws-gruppo-iva-iva81-de","14":"first","15":"onbackorder","16":"sale","17":"shipping-taxable","18":"purchasable","19":"product-type-simple"},"_links":{"self":[{"href":"https:\/\/lucacastelli.com\/de\/wp-json\/wp\/v2\/product\/624335","targetHints":{"allow":["GET"]}}],"collection":[{"href":"https:\/\/lucacastelli.com\/de\/wp-json\/wp\/v2\/product"}],"about":[{"href":"https:\/\/lucacastelli.com\/de\/wp-json\/wp\/v2\/types\/product"}],"wp:featuredmedia":[{"embeddable":true,"href":"https:\/\/lucacastelli.com\/de\/wp-json\/wp\/v2\/media\/570913"}],"wp:attachment":[{"href":"https:\/\/lucacastelli.com\/de\/wp-json\/wp\/v2\/media?parent=624335"}],"wp:term":[{"taxonomy":"product_brand","embeddable":true,"href":"https:\/\/lucacastelli.com\/de\/wp-json\/wp\/v2\/product_brand?post=624335"},{"taxonomy":"product_cat","embeddable":true,"href":"https:\/\/lucacastelli.com\/de\/wp-json\/wp\/v2\/product_cat?post=624335"},{"taxonomy":"product_tag","embeddable":true,"href":"https:\/\/lucacastelli.com\/de\/wp-json\/wp\/v2\/product_tag?post=624335"}],"curies":[{"name":"wp","href":"https:\/\/api.w.org\/{rel}","templated":true}]}}