{"id":624334,"date":"2025-08-09T11:20:24","date_gmt":"2025-08-09T09:20:24","guid":{"rendered":"https:\/\/lucacastelli.com\/prodotto\/milwaukee-m18-fuel-bandsaege-125-mm\/"},"modified":"2025-08-09T11:20:24","modified_gmt":"2025-08-09T09:20:24","slug":"milwaukee-m18-fuel-bandsaege-125-mm","status":"publish","type":"product","link":"https:\/\/lucacastelli.com\/de\/produkt\/milwaukee-m18-fuel-bandsaege-125-mm\/","title":{"rendered":"Milwaukee M18 FUEL Bands\u00e4ge 125 mm"},"content":{"rendered":"<p>M18 FBS125-0\/BANDS\u00c4GEN<br \/>\n30% schneller als das Vorg\u00e4ngermodell;Ergonomisch und 1,4 kg leichter als die vorherige Generation;Vier w\u00e4hlbare Geschwindigkeitsstufen, wichtig f\u00fcr das Schneiden verschiedener Materialien wie Edelstahl und Aluminium;CUT-STOP-Technologie: Die Maschine schaltet sich nach dem Schneiden automatisch ab, um die Sicherheit des Benutzers zu erh\u00f6hen;Geeignet f\u00fcr das Schneiden von Materialien mit den Ma\u00dfen 127 x 127 mm;Integrierter Klingenschutz zum Schutz des Benutzers;Klinge kann einfach ohne Werkzeug ausgetauscht werden;Verstellbarer St\u00e4nder;Metallhaken;LEDs beleuchten die Arbeitsfl\u00e4che und der konische K\u00f6rper verbessert die Sicht beim Schneiden;FUEL-Technologie definiert Akku-Elektrowerkzeuge neu. Der b\u00fcrstenlose Motor, die REDLINK PLUS\u2122-Elektronik und der REDLITHIUM\u2122-Akku sorgen f\u00fcr \u00fcberragende Leistung und Langlebigkeit;Funktioniert mit allen M18 Milwaukee\u00ae-Akkus <\/p>\n<p>4933498309<br \/>\n4058546521783<\/p>\n","protected":false},"excerpt":{"rendered":"<p>M18 FBS125-0\/BANDS\u00c4GEN<\/p>\n","protected":false},"featured_media":587418,"template":"","meta":{"_seopress_robots_primary_cat":"","_seopress_titles_title":"","_seopress_titles_desc":"","_seopress_robots_index":""},"product_brand":[3407],"product_cat":[29,514,558],"product_tag":[3270],"class_list":{"0":"post-624334","1":"product","2":"type-product","3":"status-publish","4":"has-post-thumbnail","6":"product_brand-milwaukee","7":"product_cat-macchinari","8":"product_cat-altri-dispositivi","9":"product_cat-seghe-accessori-vari","10":"product_tag-import-milwau","11":"sws-conto-ricavi-merci-rivendita-macchinari-de","12":"sws-gruppo-iva-iva81-de","14":"first","15":"onbackorder","16":"sale","17":"shipping-taxable","18":"purchasable","19":"product-type-simple"},"_links":{"self":[{"href":"https:\/\/lucacastelli.com\/de\/wp-json\/wp\/v2\/product\/624334","targetHints":{"allow":["GET"]}}],"collection":[{"href":"https:\/\/lucacastelli.com\/de\/wp-json\/wp\/v2\/product"}],"about":[{"href":"https:\/\/lucacastelli.com\/de\/wp-json\/wp\/v2\/types\/product"}],"wp:featuredmedia":[{"embeddable":true,"href":"https:\/\/lucacastelli.com\/de\/wp-json\/wp\/v2\/media\/587418"}],"wp:attachment":[{"href":"https:\/\/lucacastelli.com\/de\/wp-json\/wp\/v2\/media?parent=624334"}],"wp:term":[{"taxonomy":"product_brand","embeddable":true,"href":"https:\/\/lucacastelli.com\/de\/wp-json\/wp\/v2\/product_brand?post=624334"},{"taxonomy":"product_cat","embeddable":true,"href":"https:\/\/lucacastelli.com\/de\/wp-json\/wp\/v2\/product_cat?post=624334"},{"taxonomy":"product_tag","embeddable":true,"href":"https:\/\/lucacastelli.com\/de\/wp-json\/wp\/v2\/product_tag?post=624334"}],"curies":[{"name":"wp","href":"https:\/\/api.w.org\/{rel}","templated":true}]}}