{"id":624328,"date":"2025-08-09T11:20:23","date_gmt":"2025-08-09T09:20:23","guid":{"rendered":"https:\/\/lucacastelli.com\/prodotto\/milwaukee-kreissaege-2\/"},"modified":"2025-08-09T11:20:23","modified_gmt":"2025-08-09T09:20:23","slug":"milwaukee-kreissaege-2","status":"publish","type":"product","link":"https:\/\/lucacastelli.com\/de\/produkt\/milwaukee-kreissaege-2\/","title":{"rendered":"MILWAUKEE Kreiss\u00e4ge"},"content":{"rendered":"<p>M18 FCS66GR3-121C \/ KREISS\u00c4GEN<br \/>\nDie M18 FUEL Kreiss\u00e4ge bietet die Kraft f\u00fcr tiefe Schnitte und h\u00e4lt die Drehzahl von 6.000 U\/min f\u00fcr die Dauer des Schnitts aufrecht. Dank der FORGE\u2122-Technologie k\u00f6nnen mit einer 12,0-Ah-Akkuladung bis zu 700 Kiefernst\u00e4mme von 90 mm x 45 mm oder 64 laufende Meter 42 mm dicke Kiefernbretter ges\u00e4gt werden;190-mm-S\u00e4geblatt mit einer Schnitttiefe von 68 mm, so dass die S\u00e4ge 22 mm \u00fcberstehende OSB-Platten schneiden kann;Magnesiumbasis, die mit den Milwaukee\u00ae-Parallelschienen kompatibel ist. So kann der Benutzer gerade, pr\u00e4zise Schnitte machen und die R\u00fcstzeit minimieren;Metallhaken;Inklusive DEK26-Adapter, um die S\u00e4ge direkt an Milwaukee-Staubsauger anzuschlie\u00dfen;LED-Licht zur Beleuchtung der Arbeitsfl\u00e4che;Luftd\u00fcse, um die Arbeitsfl\u00e4che sauber zu halten;Kann bis zu 50 Grad geneigt werden;Optimiert f\u00fcr die Verwendung mit FORGE\u2122-Akkus;FUEL-Technologie definiert schnurlose Elektrowerkzeuge neu. B\u00fcrstenloser Motor, REDLINK PLUS\u2122-Elektronik und REDLITHIUM\u2122-Akku bieten \u00fcberragende Leistung und Haltbarkeit;Funktioniert mit allen M18 Milwaukee\u00ae-Akkus   <\/p>\n<p>4933493492<br \/>\n4058546483630<\/p>\n","protected":false},"excerpt":{"rendered":"<p>M18 FCS66GR3-121C \/ KREISS\u00c4GEN<\/p>\n","protected":false},"featured_media":589859,"template":"","meta":{"_seopress_robots_primary_cat":"","_seopress_titles_title":"","_seopress_titles_desc":"","_seopress_robots_index":""},"product_brand":[3407],"product_cat":[29,514,558],"product_tag":[3270],"class_list":{"0":"post-624328","1":"product","2":"type-product","3":"status-publish","4":"has-post-thumbnail","6":"product_brand-milwaukee","7":"product_cat-macchinari","8":"product_cat-altri-dispositivi","9":"product_cat-seghe-accessori-vari","10":"product_tag-import-milwau","11":"sws-conto-ricavi-merci-rivendita-macchinari-de","12":"sws-gruppo-iva-iva81-de","14":"first","15":"onbackorder","16":"sale","17":"shipping-taxable","18":"purchasable","19":"product-type-simple"},"_links":{"self":[{"href":"https:\/\/lucacastelli.com\/de\/wp-json\/wp\/v2\/product\/624328","targetHints":{"allow":["GET"]}}],"collection":[{"href":"https:\/\/lucacastelli.com\/de\/wp-json\/wp\/v2\/product"}],"about":[{"href":"https:\/\/lucacastelli.com\/de\/wp-json\/wp\/v2\/types\/product"}],"wp:featuredmedia":[{"embeddable":true,"href":"https:\/\/lucacastelli.com\/de\/wp-json\/wp\/v2\/media\/589859"}],"wp:attachment":[{"href":"https:\/\/lucacastelli.com\/de\/wp-json\/wp\/v2\/media?parent=624328"}],"wp:term":[{"taxonomy":"product_brand","embeddable":true,"href":"https:\/\/lucacastelli.com\/de\/wp-json\/wp\/v2\/product_brand?post=624328"},{"taxonomy":"product_cat","embeddable":true,"href":"https:\/\/lucacastelli.com\/de\/wp-json\/wp\/v2\/product_cat?post=624328"},{"taxonomy":"product_tag","embeddable":true,"href":"https:\/\/lucacastelli.com\/de\/wp-json\/wp\/v2\/product_tag?post=624328"}],"curies":[{"name":"wp","href":"https:\/\/api.w.org\/{rel}","templated":true}]}}