{"id":624325,"date":"2025-08-09T11:19:53","date_gmt":"2025-08-09T09:19:53","guid":{"rendered":"https:\/\/lucacastelli.com\/prodotto\/milwaukee-kreissaege-235-mm\/"},"modified":"2025-08-09T11:19:53","modified_gmt":"2025-08-09T09:19:53","slug":"milwaukee-kreissaege-235-mm","status":"publish","type":"product","link":"https:\/\/lucacastelli.com\/de\/produkt\/milwaukee-kreissaege-235-mm\/","title":{"rendered":"Milwaukee Kreiss\u00e4ge 235 mm"},"content":{"rendered":"<p>CS 85 SB\/CIRCULAR SAWS<br \/>\n2.200 W Motor f\u00fcr einen weichen Schnitt auch bei maximaler Tiefe ;Sanftanlauf;Kompatibel mit DEK26 Saugaufsatz;Schneller und einfacher Zugang f\u00fcr den Kabelwechsel;Aluminiumschuh;Wellenarretierung f\u00fcr schnellen und einfachen S\u00e4gebl\u00e4tterwechsel<\/p>\n<p>4933451117<br \/>\n4002395137411<\/p>\n","protected":false},"excerpt":{"rendered":"<p>CS 85 SB\/KREISS\u00c4GEN<\/p>\n","protected":false},"featured_media":571185,"template":"","meta":{"_seopress_robots_primary_cat":"","_seopress_titles_title":"","_seopress_titles_desc":"","_seopress_robots_index":""},"product_brand":[3407],"product_cat":[29,514,558],"product_tag":[3270],"class_list":{"0":"post-624325","1":"product","2":"type-product","3":"status-publish","4":"has-post-thumbnail","6":"product_brand-milwaukee","7":"product_cat-macchinari","8":"product_cat-altri-dispositivi","9":"product_cat-seghe-accessori-vari","10":"product_tag-import-milwau","11":"sws-conto-ricavi-merci-rivendita-macchinari-de","12":"sws-gruppo-iva-iva81-de","14":"first","15":"onbackorder","16":"sale","17":"shipping-taxable","18":"purchasable","19":"product-type-simple"},"_links":{"self":[{"href":"https:\/\/lucacastelli.com\/de\/wp-json\/wp\/v2\/product\/624325","targetHints":{"allow":["GET"]}}],"collection":[{"href":"https:\/\/lucacastelli.com\/de\/wp-json\/wp\/v2\/product"}],"about":[{"href":"https:\/\/lucacastelli.com\/de\/wp-json\/wp\/v2\/types\/product"}],"wp:featuredmedia":[{"embeddable":true,"href":"https:\/\/lucacastelli.com\/de\/wp-json\/wp\/v2\/media\/571185"}],"wp:attachment":[{"href":"https:\/\/lucacastelli.com\/de\/wp-json\/wp\/v2\/media?parent=624325"}],"wp:term":[{"taxonomy":"product_brand","embeddable":true,"href":"https:\/\/lucacastelli.com\/de\/wp-json\/wp\/v2\/product_brand?post=624325"},{"taxonomy":"product_cat","embeddable":true,"href":"https:\/\/lucacastelli.com\/de\/wp-json\/wp\/v2\/product_cat?post=624325"},{"taxonomy":"product_tag","embeddable":true,"href":"https:\/\/lucacastelli.com\/de\/wp-json\/wp\/v2\/product_tag?post=624325"}],"curies":[{"name":"wp","href":"https:\/\/api.w.org\/{rel}","templated":true}]}}