{"id":624324,"date":"2025-08-09T11:19:51","date_gmt":"2025-08-09T09:19:51","guid":{"rendered":"https:\/\/lucacastelli.com\/prodotto\/milwaukee-kreissaege-55-mm-fuer-holz-m18-fuel-3\/"},"modified":"2025-08-09T11:19:51","modified_gmt":"2025-08-09T09:19:51","slug":"milwaukee-kreissaege-55-mm-fuer-holz-m18-fuel-3","status":"publish","type":"product","link":"https:\/\/lucacastelli.com\/de\/produkt\/milwaukee-kreissaege-55-mm-fuer-holz-m18-fuel-3\/","title":{"rendered":"Milwaukee Kreiss\u00e4ge 55 mm f\u00fcr Holz M18 FUEL"},"content":{"rendered":"<p>M18 FCS552-302X\/KREISS\u00c4GEN<br \/>\nDie M18 FUEL Kreiss\u00e4ge erzeugt die gleiche Leistung wie eine Seils\u00e4ge mit den gleichen Eigenschaften. Sie schneidet bis zu 200 St\u00fccke 90 x 45 mm Kiefernholz mit einer 3.0 Ah HIGH OUTPUT\u2122-Akku;Magnesiumst\u00e4nder reduziert das Gewicht und maximiert die Festigkeit;St\u00fctzhaken aus Metall;Verwendet 165-mm-S\u00e4gebl\u00e4tter mit einer Schnitttiefe von 57 mm, mit denen du drei 3&#215;18-mm-Sperrholzst\u00fccke \u00fcbereinander schneiden kannst;Wird mit DEK26-Adapter geliefert, damit er mit Staubsaugern aus dem Milwaukee\u00ae-Sortiment verbunden werden kann;Integrierte LED zur Beleuchtung der Arbeitsfl\u00e4che;Ein Luftstrahl h\u00e4lt die Schnittfl\u00e4che sauber;Schneidet in Winkeln von bis zu 50 Grad;FUEL-Technologie definiert schnurlose Elektrowerkzeuge neu. Der b\u00fcrstenlose Motor, die REDLINK PLUS\u2122-Elektronik und der REDLITHIUM\u2122-Akku bieten \u00fcberragende Leistung und Langlebigkeit;Funktioniert mit allen M18 Milwaukee\u00ae-Akkus  <\/p>\n<p>4933493589<br \/>\n4058546484606<\/p>\n","protected":false},"excerpt":{"rendered":"<p>M18 FCS552-302X\/KREISS\u00c4GEN<\/p>\n","protected":false},"featured_media":586312,"template":"","meta":{"_seopress_robots_primary_cat":"","_seopress_titles_title":"","_seopress_titles_desc":"","_seopress_robots_index":""},"product_brand":[3656],"product_cat":[1454,169,1535],"product_tag":[3272],"class_list":{"0":"post-624324","1":"product","2":"type-product","3":"status-publish","4":"has-post-thumbnail","6":"product_brand-milwaukee-de","7":"product_cat-andere-gerate","8":"product_cat-maschinen","9":"product_cat-sagen","10":"product_tag-import-milwau-de","11":"sws-conto-ricavi-merci-rivendita-macchinari-de","12":"sws-gruppo-iva-iva81-de","14":"first","15":"onbackorder","16":"sale","17":"shipping-taxable","18":"purchasable","19":"product-type-simple"},"_links":{"self":[{"href":"https:\/\/lucacastelli.com\/de\/wp-json\/wp\/v2\/product\/624324","targetHints":{"allow":["GET"]}}],"collection":[{"href":"https:\/\/lucacastelli.com\/de\/wp-json\/wp\/v2\/product"}],"about":[{"href":"https:\/\/lucacastelli.com\/de\/wp-json\/wp\/v2\/types\/product"}],"wp:featuredmedia":[{"embeddable":true,"href":"https:\/\/lucacastelli.com\/de\/wp-json\/wp\/v2\/media\/586312"}],"wp:attachment":[{"href":"https:\/\/lucacastelli.com\/de\/wp-json\/wp\/v2\/media?parent=624324"}],"wp:term":[{"taxonomy":"product_brand","embeddable":true,"href":"https:\/\/lucacastelli.com\/de\/wp-json\/wp\/v2\/product_brand?post=624324"},{"taxonomy":"product_cat","embeddable":true,"href":"https:\/\/lucacastelli.com\/de\/wp-json\/wp\/v2\/product_cat?post=624324"},{"taxonomy":"product_tag","embeddable":true,"href":"https:\/\/lucacastelli.com\/de\/wp-json\/wp\/v2\/product_tag?post=624324"}],"curies":[{"name":"wp","href":"https:\/\/api.w.org\/{rel}","templated":true}]}}